{"id":203676,"date":"2025-03-23T11:07:03","date_gmt":"2025-03-23T11:07:03","guid":{"rendered":"https:\/\/aromasentia.com\/product\/temple-string-bracelet-power-of-belief\/"},"modified":"2025-05-31T00:08:48","modified_gmt":"2025-05-31T00:08:48","slug":"tempel-armband-snor-troens-kraft","status":"publish","type":"product","link":"https:\/\/aromasentia.com\/no\/tempel-armband-snor-troens-kraft\/","title":{"rendered":"Tempel Armb\u00e5nd Snor &#8211; Troens Kraft"},"content":{"rendered":"<p><strong><span style=\"color: rgb(75, 80, 88);\">Tr\u00e5 inn i en verden av spirituell undring med disse tempelsnorarmb\u00e5ndene.<\/span><\/strong><\/p>\n<p><span style=\"color: rgb(75, 80, 88);\">Dette er ikke bare tilbeh\u00f8r; de er kundenes Guider til selvoppdagelse og opplysning, rett fra hjertet av Indonesia.<\/span><\/p>\n<p><span style=\"color: rgb(75, 80, 88);\">Hvert tempelstrengarmb\u00e5nd er unisex og one-size-fits-all, takket v\u00e6re en justerbar snor som passer komfortabelt til ethvert h\u00e5ndledd.<\/span><\/p>\n<p><span style=\"color: rgb(75, 80, 88);\">Den sjarmerende papirposeemballasjen har et fortryllende tempelbilde og armb\u00e5ndets navn. I tillegg lar en kort beskrivelse p\u00e5 engelsk deg veilede kundene dine til det perfekte armb\u00e5ndet for deres behov.<\/span><\/p>\n<p><span style=\"color: rgb(75, 80, 88);\"><strong>Bruk armb\u00e5ndet for \u00e5 finne din tro og kj\u00e6rlighet til livet.<\/strong><\/span><\/p>\n<p><span style=\"color: rgb(75, 80, 88);\">Ditt tempelstrengarmb\u00e5nd er inspirert av Pane Datu fra hinduistisk filosofi. Betyr kraften i fem trosoppfatninger som er symbolisert i fem farger: gul, r\u00f8d, svart, gr\u00f8nn og hvit. Gult symboliserer lykke. R\u00f8dt kj\u00e6rlighet og f\u00f8lelser. Den svarte tr\u00e5den symboliserer ondskap, men ogs\u00e5 beskyttelse. Gr\u00f8nn viser jordens farger og indikerer dermed fred, enkelhet og perfeksjon. Disse grunnfargene brukes vanligvis som fundament for \u00e5 legge den f\u00f8rste steinen n\u00e5r man bygger et tempel (sammen med de fem forskjellige metallene), slik at tempelet offisielt kan brukes til b\u00f8nn.<\/p>\n","protected":false},"excerpt":{"rendered":"<p>Tr\u00e5 inn i en verden av spirituell undring med disse tempelsnorarmb\u00e5ndene. Dette er ikke bare tilbeh\u00f8r; de er kundenes Guider til selvoppdagelse og opplysning, rett fra hjertet av Indonesia. Hvert tempelstrengarmb\u00e5nd er unisex og one-size-fits-all, takket v\u00e6re en justerbar snor som passer komfortabelt til ethvert h\u00e5ndledd. Den sjarmerende papirposeemballasjen har et fortryllende tempelbilde og armb\u00e5ndets [&hellip;]<\/p>\n","protected":false},"featured_media":431136,"comment_status":"closed","ping_status":"open","template":"","meta":[],"product_brand":[],"product_cat":[25207,8586],"product_tag":[],"class_list":{"0":"post-203676","1":"product","2":"type-product","3":"status-publish","4":"has-post-thumbnail","6":"product_cat-armband","7":"product_cat-smykker-og-tilbehor","8":"pa_collection-temple-string-bracelet-no","9":"pa_made-in-indonesia","11":"first","12":"instock","13":"purchasable","14":"product-type-simple"},"supplier_id":null,"supplier_sku":"TSJ-01","barcode":null,"atum_controlled":true,"out_stock_date":null,"out_stock_threshold":null,"inheritable":false,"inbound_stock":null,"stock_on_hold":0,"sold_today":0,"sales_last_days":0,"reserved_stock":null,"customer_returns":null,"warehouse_damage":null,"lost_in_post":null,"other_logs":null,"out_stock_days":0,"lost_sales":0,"has_location":null,"update_date":"2026-02-02T08:35:56","atum_locations":[],"atum_stock_status":"instock","restock_status":false,"low_stock_amount":"","sales_update_date":"2026-01-30T01:25:48","calc_backorders":null,"_links":{"self":[{"href":"https:\/\/aromasentia.com\/no\/wp-json\/wp\/v2\/product\/203676","targetHints":{"allow":["GET"]}}],"collection":[{"href":"https:\/\/aromasentia.com\/no\/wp-json\/wp\/v2\/product"}],"about":[{"href":"https:\/\/aromasentia.com\/no\/wp-json\/wp\/v2\/types\/product"}],"replies":[{"embeddable":true,"href":"https:\/\/aromasentia.com\/no\/wp-json\/wp\/v2\/comments?post=203676"}],"version-history":[{"count":0,"href":"https:\/\/aromasentia.com\/no\/wp-json\/wp\/v2\/product\/203676\/revisions"}],"wp:featuredmedia":[{"embeddable":true,"href":"https:\/\/aromasentia.com\/no\/wp-json\/wp\/v2\/media\/431136"}],"wp:attachment":[{"href":"https:\/\/aromasentia.com\/no\/wp-json\/wp\/v2\/media?parent=203676"}],"wp:term":[{"taxonomy":"product_brand","embeddable":true,"href":"https:\/\/aromasentia.com\/no\/wp-json\/wp\/v2\/product_brand?post=203676"},{"taxonomy":"product_cat","embeddable":true,"href":"https:\/\/aromasentia.com\/no\/wp-json\/wp\/v2\/product_cat?post=203676"},{"taxonomy":"product_tag","embeddable":true,"href":"https:\/\/aromasentia.com\/no\/wp-json\/wp\/v2\/product_tag?post=203676"}],"curies":[{"name":"wp","href":"https:\/\/api.w.org\/{rel}","templated":true}]}}