{"id":203668,"date":"2025-03-23T11:07:03","date_gmt":"2025-03-23T11:07:03","guid":{"rendered":"https:\/\/aromasentia.com\/product\/tree-of-life-silver-pendent-30mm-abalone\/"},"modified":"2025-05-31T00:08:29","modified_gmt":"2025-05-31T00:08:29","slug":"livets-tre-solvanheng-30-mm-abalone","status":"publish","type":"product","link":"https:\/\/aromasentia.com\/no\/livets-tre-solvanheng-30-mm-abalone\/","title":{"rendered":"Livets Tre S\u00f8lvanheng 30 mm &#8211; Abalone"},"content":{"rendered":"<p>Symbolske s\u00f8lvsmykker med livets tre, en f\u00f8lelsesladet gave til noen som elsker uvanlige, eteriske smykker som forteller en historie.<\/p>\n<p>Livets tre er et universelt symbol som finnes i mange spirituelle og mytologiske tradisjoner rundt om i verden. Det representerer mange ting, inkludert helbredelse, beskyttelse, styrke, overflod og skj\u00f8nnhet. Et dristig annerledes smykke, ganske ulikt alt man finner i handlegaten.<\/p>\n","protected":false},"excerpt":{"rendered":"<p>Symbolske s\u00f8lvsmykker med livets tre, en f\u00f8lelsesladet gave til noen som elsker uvanlige, eteriske smykker som forteller en historie. Livets tre er et universelt symbol som finnes i mange spirituelle og mytologiske tradisjoner rundt om i verden. Det representerer mange ting, inkludert helbredelse, beskyttelse, styrke, overflod og skj\u00f8nnhet. Et dristig annerledes smykke, ganske ulikt alt [&hellip;]<\/p>\n","protected":false},"featured_media":430864,"comment_status":"closed","ping_status":"open","template":"","meta":{"_angie_page":false},"product_brand":[],"product_cat":[8586],"product_tag":[],"class_list":{"0":"post-203668","1":"product","2":"type-product","3":"status-publish","4":"has-post-thumbnail","6":"product_cat-smykker-og-tilbehor","7":"pa_collection-tree-of-life-925-silver-jewellery-no","8":"pa_made-in-indonesia","10":"first","11":"instock","12":"purchasable","13":"product-type-simple"},"supplier_id":null,"supplier_sku":"TOLSP-02","barcode":null,"atum_controlled":true,"out_stock_date":null,"out_stock_threshold":null,"inheritable":false,"inbound_stock":null,"stock_on_hold":0,"sold_today":0,"sales_last_days":0,"reserved_stock":null,"customer_returns":null,"warehouse_damage":null,"lost_in_post":null,"other_logs":null,"out_stock_days":146,"lost_sales":0,"has_location":null,"update_date":"2026-04-27T07:25:10","atum_locations":[],"atum_stock_status":"instock","restock_status":false,"low_stock_amount":"","sales_update_date":"2026-01-30T01:24:20","calc_backorders":null,"_links":{"self":[{"href":"https:\/\/aromasentia.com\/no\/wp-json\/wp\/v2\/product\/203668","targetHints":{"allow":["GET"]}}],"collection":[{"href":"https:\/\/aromasentia.com\/no\/wp-json\/wp\/v2\/product"}],"about":[{"href":"https:\/\/aromasentia.com\/no\/wp-json\/wp\/v2\/types\/product"}],"replies":[{"embeddable":true,"href":"https:\/\/aromasentia.com\/no\/wp-json\/wp\/v2\/comments?post=203668"}],"version-history":[{"count":0,"href":"https:\/\/aromasentia.com\/no\/wp-json\/wp\/v2\/product\/203668\/revisions"}],"wp:featuredmedia":[{"embeddable":true,"href":"https:\/\/aromasentia.com\/no\/wp-json\/wp\/v2\/media\/430864"}],"wp:attachment":[{"href":"https:\/\/aromasentia.com\/no\/wp-json\/wp\/v2\/media?parent=203668"}],"wp:term":[{"taxonomy":"product_brand","embeddable":true,"href":"https:\/\/aromasentia.com\/no\/wp-json\/wp\/v2\/product_brand?post=203668"},{"taxonomy":"product_cat","embeddable":true,"href":"https:\/\/aromasentia.com\/no\/wp-json\/wp\/v2\/product_cat?post=203668"},{"taxonomy":"product_tag","embeddable":true,"href":"https:\/\/aromasentia.com\/no\/wp-json\/wp\/v2\/product_tag?post=203668"}],"curies":[{"name":"wp","href":"https:\/\/api.w.org\/{rel}","templated":true}]}}