{"id":203661,"date":"2025-03-23T11:07:03","date_gmt":"2025-03-23T11:07:03","guid":{"rendered":"https:\/\/aromasentia.com\/product\/tree-of-life-pendant-red-jasper\/"},"modified":"2025-05-31T00:08:06","modified_gmt":"2025-05-31T00:08:06","slug":"livets-tre-anheng-rod-jaspis","status":"publish","type":"product","link":"https:\/\/aromasentia.com\/no\/livets-tre-anheng-rod-jaspis\/","title":{"rendered":"Livets Tre Anheng &#8211; R\u00f8d Jaspis"},"content":{"rendered":"<p>L\u00f8ft smykkekolleksjonen din med et <strong>Wholesale Livets tre-anheng i r\u00f8d jaspis.<\/strong> Dette uts\u00f8kte smykket kombinerer den tidl\u00f8se symbolikken til Livets tre med den jordn\u00e6re energien til r\u00f8d jaspis. Det er mer enn bare et anheng; det er et symbol p\u00e5 styrke, vitalitet og tilknytning til jorden.<\/p>\n<p>Hvert Livets tre-anheng er omhyggelig utformet, med intrikate grener som vugger en ekte<strong><span style=\"color: rgb(184, 49, 47);\">&nbsp;R\u00f8d Jaspis edelstein.<\/span><\/strong> De dype, jordn\u00e6re r\u00f8de tonene i R\u00f8d Jaspis fremkaller en f\u00f8lelse av stabilitet og motstandskraft, noe som gj\u00f8r dette anhenget til et fengslende valg for kundene dine.<\/p>\n<p>Gi kundene dine muligheten til \u00e5 b\u00e6re et stykke indre styrke og vitalitet med dette anhenget Livets tre &#8211; R\u00f8d Jaspis. La anhengets jordingsenergi fengsle deres \u00e5nd og inspirere til en f\u00f8lelse av mot og tilknytning.<\/p>\n<\/p>\n<p><strong>Bestill n\u00e5 og legg til et snev av jordn\u00e6r eleganse i smykkene dine.<\/strong><\/p>\n","protected":false},"excerpt":{"rendered":"<p>L\u00f8ft smykkekolleksjonen din med et Wholesale Livets tre-anheng i r\u00f8d jaspis. Dette uts\u00f8kte smykket kombinerer den tidl\u00f8se symbolikken til Livets tre med den jordn\u00e6re energien til r\u00f8d jaspis. Det er mer enn bare et anheng; det er et symbol p\u00e5 styrke, vitalitet og tilknytning til jorden. Hvert Livets tre-anheng er omhyggelig utformet, med intrikate grener [&hellip;]<\/p>\n","protected":false},"featured_media":430577,"comment_status":"closed","ping_status":"open","template":"","meta":[],"product_brand":[],"product_cat":[25214,25647,25221,8586],"product_tag":[],"class_list":{"0":"post-203661","1":"product","2":"type-product","3":"status-publish","4":"has-post-thumbnail","6":"product_cat-halskjeder-og-anheng","7":"product_cat-jaspis","8":"product_cat-krystaller-edelsteiner","9":"product_cat-smykker-og-tilbehor","10":"pa_collection-gemstone-pendants-tree-of-life-no","11":"pa_made-in-kina","13":"first","14":"instock","15":"purchasable","16":"product-type-simple"},"supplier_id":null,"supplier_sku":"TOLP-05","barcode":null,"atum_controlled":true,"out_stock_date":null,"out_stock_threshold":null,"inheritable":false,"inbound_stock":null,"stock_on_hold":0,"sold_today":0,"sales_last_days":0,"reserved_stock":null,"customer_returns":null,"warehouse_damage":null,"lost_in_post":null,"other_logs":null,"out_stock_days":0,"lost_sales":0,"has_location":null,"update_date":"2026-02-10T22:33:30","atum_locations":[],"atum_stock_status":"instock","restock_status":false,"low_stock_amount":"","sales_update_date":"2025-09-03T00:15:12","calc_backorders":null,"_links":{"self":[{"href":"https:\/\/aromasentia.com\/no\/wp-json\/wp\/v2\/product\/203661","targetHints":{"allow":["GET"]}}],"collection":[{"href":"https:\/\/aromasentia.com\/no\/wp-json\/wp\/v2\/product"}],"about":[{"href":"https:\/\/aromasentia.com\/no\/wp-json\/wp\/v2\/types\/product"}],"replies":[{"embeddable":true,"href":"https:\/\/aromasentia.com\/no\/wp-json\/wp\/v2\/comments?post=203661"}],"version-history":[{"count":0,"href":"https:\/\/aromasentia.com\/no\/wp-json\/wp\/v2\/product\/203661\/revisions"}],"wp:featuredmedia":[{"embeddable":true,"href":"https:\/\/aromasentia.com\/no\/wp-json\/wp\/v2\/media\/430577"}],"wp:attachment":[{"href":"https:\/\/aromasentia.com\/no\/wp-json\/wp\/v2\/media?parent=203661"}],"wp:term":[{"taxonomy":"product_brand","embeddable":true,"href":"https:\/\/aromasentia.com\/no\/wp-json\/wp\/v2\/product_brand?post=203661"},{"taxonomy":"product_cat","embeddable":true,"href":"https:\/\/aromasentia.com\/no\/wp-json\/wp\/v2\/product_cat?post=203661"},{"taxonomy":"product_tag","embeddable":true,"href":"https:\/\/aromasentia.com\/no\/wp-json\/wp\/v2\/product_tag?post=203661"}],"curies":[{"name":"wp","href":"https:\/\/api.w.org\/{rel}","templated":true}]}}