{"id":203657,"date":"2025-03-23T11:07:03","date_gmt":"2025-03-23T11:07:03","guid":{"rendered":"https:\/\/aromasentia.com\/product\/tree-of-life-pendant-chakra\/"},"modified":"2025-05-31T00:07:54","modified_gmt":"2025-05-31T00:07:54","slug":"livets-tre-anheng-chakra","status":"publish","type":"product","link":"https:\/\/aromasentia.com\/no\/livets-tre-anheng-chakra\/","title":{"rendered":"Livets Tre Anheng &#8211; Chakra"},"content":{"rendered":"<p>H\u00f8y dine smykketilbud med et <strong>Wholesale Livets Tre-anheng &#8211; Chakra.<\/strong> Dette uts\u00f8kte smykket kombinerer p\u00e5 en vakker m\u00e5te symbolikken til Livets tre med kraften i chakrabalansering. Det er ikke bare et smykke, det er et uttrykk for harmoni og vitalitet.<\/p>\n<p>Dette engrosanhenget er laget med sans for detaljer, og kan skilte med intrikate tregrener som b\u00e6rer <strong><span style=\"color: rgb(65, 168, 95);\">syv levende edelstener<\/span><\/strong>, som hver representerer et chakrapunkt. Den delikate balansen mellom fargene skaper et visuelt imponerende smykke som gir gjenklang av \u00e5ndelig energi.<\/p>\n<p>Gi kundene dine muligheten til \u00e5 omfavne balanse og tilpasning i livet med dette engrosanhenget Livets tre &#8211; Chakra. La det fengsle sansene deres og inspirere til en f\u00f8lelse av velv\u00e6re.<\/p>\n<p>&nbsp;<strong>Bestill n\u00e5 og tilf\u00f8r smykkekolleksjonen din essensen av harmoni og vitalitet.<\/strong><\/p>\n","protected":false},"excerpt":{"rendered":"<p>H\u00f8y dine smykketilbud med et Wholesale Livets Tre-anheng &#8211; Chakra. Dette uts\u00f8kte smykket kombinerer p\u00e5 en vakker m\u00e5te symbolikken til Livets tre med kraften i chakrabalansering. Det er ikke bare et smykke, det er et uttrykk for harmoni og vitalitet. Dette engrosanhenget er laget med sans for detaljer, og kan skilte med intrikate tregrener som [&hellip;]<\/p>\n","protected":false},"featured_media":430413,"comment_status":"closed","ping_status":"open","template":"","meta":{"_angie_page":false},"product_brand":[],"product_cat":[25214,8586],"product_tag":[],"class_list":{"0":"post-203657","1":"product","2":"type-product","3":"status-publish","4":"has-post-thumbnail","6":"product_cat-halskjeder-og-anheng","7":"product_cat-smykker-og-tilbehor","8":"pa_collection-gemstone-pendants-tree-of-life-no","9":"pa_made-in-kina","11":"first","12":"instock","13":"purchasable","14":"product-type-simple"},"supplier_id":null,"supplier_sku":"TOLP-01","barcode":null,"atum_controlled":true,"out_stock_date":null,"out_stock_threshold":null,"inheritable":false,"inbound_stock":null,"stock_on_hold":0,"sold_today":0,"sales_last_days":0,"reserved_stock":null,"customer_returns":null,"warehouse_damage":null,"lost_in_post":null,"other_logs":null,"out_stock_days":0,"lost_sales":0,"has_location":null,"update_date":"2026-05-11T01:56:49","atum_locations":[],"atum_stock_status":"instock","restock_status":false,"low_stock_amount":"","sales_update_date":"2025-09-03T00:15:12","calc_backorders":null,"_links":{"self":[{"href":"https:\/\/aromasentia.com\/no\/wp-json\/wp\/v2\/product\/203657","targetHints":{"allow":["GET"]}}],"collection":[{"href":"https:\/\/aromasentia.com\/no\/wp-json\/wp\/v2\/product"}],"about":[{"href":"https:\/\/aromasentia.com\/no\/wp-json\/wp\/v2\/types\/product"}],"replies":[{"embeddable":true,"href":"https:\/\/aromasentia.com\/no\/wp-json\/wp\/v2\/comments?post=203657"}],"version-history":[{"count":0,"href":"https:\/\/aromasentia.com\/no\/wp-json\/wp\/v2\/product\/203657\/revisions"}],"wp:featuredmedia":[{"embeddable":true,"href":"https:\/\/aromasentia.com\/no\/wp-json\/wp\/v2\/media\/430413"}],"wp:attachment":[{"href":"https:\/\/aromasentia.com\/no\/wp-json\/wp\/v2\/media?parent=203657"}],"wp:term":[{"taxonomy":"product_brand","embeddable":true,"href":"https:\/\/aromasentia.com\/no\/wp-json\/wp\/v2\/product_brand?post=203657"},{"taxonomy":"product_cat","embeddable":true,"href":"https:\/\/aromasentia.com\/no\/wp-json\/wp\/v2\/product_cat?post=203657"},{"taxonomy":"product_tag","embeddable":true,"href":"https:\/\/aromasentia.com\/no\/wp-json\/wp\/v2\/product_tag?post=203657"}],"curies":[{"name":"wp","href":"https:\/\/api.w.org\/{rel}","templated":true}]}}