{"id":203654,"date":"2025-03-23T11:07:03","date_gmt":"2025-03-23T11:07:03","guid":{"rendered":"https:\/\/aromasentia.com\/product\/brass-tibetan-bracelet-slim-tribal-leaf\/"},"modified":"2025-05-31T00:07:48","modified_gmt":"2025-05-31T00:07:48","slug":"tibetansk-armband-i-messing-slim-tribal-leaf","status":"publish","type":"product","link":"https:\/\/aromasentia.com\/no\/tibetansk-armband-i-messing-slim-tribal-leaf\/","title":{"rendered":"Tibetansk Armb\u00e5nd I Messing &#8211; Slim Tribal Leaf"},"content":{"rendered":"<h2> Engros messing tibetansk armb\u00e5nd &#8211; Slim Tribal Leaf<\/h2>\n<p style=\"text-align: justify;\">Mange mennesker tror at kobber- eller messingarmb\u00e5nd har helsemessige fordeler, inkludert bedre sirkulasjon og lindring av leddgikt smerter. I gamle dager symboliserte kobber kj\u00e6rlighet og balanse og har i \u00e5rhundrer blitt brukt til \u00e5 helbrede og beskytte. Armb\u00e5nd holder kroppen i en stabil tilstand som f\u00f8rer til bedre resultater i meditasjon og yogapraksis.&nbsp;<\/p>\n<p style=\"text-align: justify;\">Det st\u00e5r ogs\u00e5 at de er h\u00e5ndlaget i Nepal&#8230; s\u00e5 du kan fortelle kundene dine at disse er laget p\u00e5 verdens tak. &nbsp;Pakket enkeltvis i en gaveeske med et informasjonskort (nummer 1, 2 og 3). &nbsp;Fordi armb\u00e5ndet er av metall, kan det b\u00f8yes forsiktig slik at det passer til alle h\u00e5ndledd &#8211; s\u00e5 det er ogs\u00e5 effektivt unisex. &nbsp;Bli inspirert! Markedsf\u00f8r disse armb\u00e5ndene og strekk deg mot himmelen \ud83d\ude42<\/p>\n<p style=\"text-align: justify;\"><strong>\u00d8k inntektene dine ved \u00e5 legge til v\u00e5re etterspurte <\/strong><a href=\"https:\/\/aromasentia.com\/tmb\" rel=\"noopener noreferrer\" target=\"_blank\"><strong>grossist armb\u00e5nd i messing<\/strong><\/a><strong> til ditt produktsortiment.<\/strong><\/p>\n","protected":false},"excerpt":{"rendered":"<p>Engros messing tibetansk armb\u00e5nd &#8211; Slim Tribal Leaf Mange mennesker tror at kobber- eller messingarmb\u00e5nd har helsemessige fordeler, inkludert bedre sirkulasjon og lindring av leddgikt smerter. I gamle dager symboliserte kobber kj\u00e6rlighet og balanse og har i \u00e5rhundrer blitt brukt til \u00e5 helbrede og beskytte. Armb\u00e5nd holder kroppen i en stabil tilstand som f\u00f8rer til [&hellip;]<\/p>\n","protected":false},"featured_media":430266,"comment_status":"closed","ping_status":"open","template":"","meta":[],"product_brand":[],"product_cat":[25207,8586],"product_tag":[],"class_list":{"0":"post-203654","1":"product","2":"type-product","3":"status-publish","4":"has-post-thumbnail","6":"product_cat-armband","7":"product_cat-smykker-og-tilbehor","8":"pa_collection-tibetan-mantra-bracelet-no","9":"pa_made-in-nepal","11":"first","12":"instock","13":"purchasable","14":"product-type-simple"},"supplier_id":null,"supplier_sku":"TMB-06","barcode":null,"atum_controlled":true,"out_stock_date":null,"out_stock_threshold":null,"inheritable":false,"inbound_stock":null,"stock_on_hold":0,"sold_today":0,"sales_last_days":0,"reserved_stock":null,"customer_returns":null,"warehouse_damage":null,"lost_in_post":null,"other_logs":null,"out_stock_days":0,"lost_sales":0,"has_location":null,"update_date":"2026-02-09T16:24:20","atum_locations":[],"atum_stock_status":"instock","restock_status":false,"low_stock_amount":"","sales_update_date":"2025-09-03T00:15:09","calc_backorders":null,"_links":{"self":[{"href":"https:\/\/aromasentia.com\/no\/wp-json\/wp\/v2\/product\/203654","targetHints":{"allow":["GET"]}}],"collection":[{"href":"https:\/\/aromasentia.com\/no\/wp-json\/wp\/v2\/product"}],"about":[{"href":"https:\/\/aromasentia.com\/no\/wp-json\/wp\/v2\/types\/product"}],"replies":[{"embeddable":true,"href":"https:\/\/aromasentia.com\/no\/wp-json\/wp\/v2\/comments?post=203654"}],"version-history":[{"count":0,"href":"https:\/\/aromasentia.com\/no\/wp-json\/wp\/v2\/product\/203654\/revisions"}],"wp:featuredmedia":[{"embeddable":true,"href":"https:\/\/aromasentia.com\/no\/wp-json\/wp\/v2\/media\/430266"}],"wp:attachment":[{"href":"https:\/\/aromasentia.com\/no\/wp-json\/wp\/v2\/media?parent=203654"}],"wp:term":[{"taxonomy":"product_brand","embeddable":true,"href":"https:\/\/aromasentia.com\/no\/wp-json\/wp\/v2\/product_brand?post=203654"},{"taxonomy":"product_cat","embeddable":true,"href":"https:\/\/aromasentia.com\/no\/wp-json\/wp\/v2\/product_cat?post=203654"},{"taxonomy":"product_tag","embeddable":true,"href":"https:\/\/aromasentia.com\/no\/wp-json\/wp\/v2\/product_tag?post=203654"}],"curies":[{"name":"wp","href":"https:\/\/api.w.org\/{rel}","templated":true}]}}