{"id":203648,"date":"2025-03-23T11:07:03","date_gmt":"2025-03-23T11:07:03","guid":{"rendered":"https:\/\/aromasentia.com\/product\/shell-silver-earrings-flowers-abalone\/"},"modified":"2025-05-31T00:07:25","modified_gmt":"2025-05-31T00:07:25","slug":"oredobber-i-skjell-og-solv-blomster-abalone","status":"publish","type":"product","link":"https:\/\/aromasentia.com\/no\/oredobber-i-skjell-og-solv-blomster-abalone\/","title":{"rendered":"\u00d8redobber I Skjell Og S\u00f8lv &#8211; Blomster &#8211; Abalone"},"content":{"rendered":"<p>Skjell- og s\u00f8lv\u00f8redobber &#8211; Tre hjerter &#8211; MOP, hylle- og s\u00f8lv\u00f8redobber &#8211; Hvis du er interessert i s\u00f8lvsmykker, har du kommet til rett sted. Overrask kundene dine med disse helt nydelige og unike engros\u00f8redobbene som er kj\u00e6rlig laget p\u00e5 Bali. Nydelige \u00f8redobber er h\u00e5ndlaget av 925 s\u00f8lv og hylledeler.<\/p>\n<p>Leveres i fine toppkort pakket individuelt og strekkodet. \u00d8redobber veier omtrent 3-6 g, alle st\u00f8rrelser vises under de individuelle produktene.<\/p>\n","protected":false},"excerpt":{"rendered":"<p>Skjell- og s\u00f8lv\u00f8redobber &#8211; Tre hjerter &#8211; MOP, hylle- og s\u00f8lv\u00f8redobber &#8211; Hvis du er interessert i s\u00f8lvsmykker, har du kommet til rett sted. Overrask kundene dine med disse helt nydelige og unike engros\u00f8redobbene som er kj\u00e6rlig laget p\u00e5 Bali. Nydelige \u00f8redobber er h\u00e5ndlaget av 925 s\u00f8lv og hylledeler. Leveres i fine toppkort pakket individuelt [&hellip;]<\/p>\n","protected":false},"featured_media":430036,"comment_status":"closed","ping_status":"open","template":"","meta":{"_angie_page":false},"product_brand":[],"product_cat":[8586],"product_tag":[],"class_list":{"0":"post-203648","1":"product","2":"type-product","3":"status-publish","4":"has-post-thumbnail","6":"product_cat-smykker-og-tilbehor","7":"pa_made-in-indonesia","9":"first","10":"outofstock","11":"purchasable","12":"product-type-simple"},"supplier_id":null,"supplier_sku":"SSE-11","barcode":null,"atum_controlled":true,"out_stock_date":"2026-04-25 16:39:42","out_stock_threshold":null,"inheritable":false,"inbound_stock":null,"stock_on_hold":0,"sold_today":0,"sales_last_days":0,"reserved_stock":null,"customer_returns":null,"warehouse_damage":null,"lost_in_post":null,"other_logs":null,"out_stock_days":0,"lost_sales":0,"has_location":null,"update_date":"2026-04-27T07:23:15","atum_locations":[],"atum_stock_status":"outofstock","restock_status":false,"low_stock_amount":"","sales_update_date":"2026-01-20T05:13:20","calc_backorders":null,"_links":{"self":[{"href":"https:\/\/aromasentia.com\/no\/wp-json\/wp\/v2\/product\/203648","targetHints":{"allow":["GET"]}}],"collection":[{"href":"https:\/\/aromasentia.com\/no\/wp-json\/wp\/v2\/product"}],"about":[{"href":"https:\/\/aromasentia.com\/no\/wp-json\/wp\/v2\/types\/product"}],"replies":[{"embeddable":true,"href":"https:\/\/aromasentia.com\/no\/wp-json\/wp\/v2\/comments?post=203648"}],"version-history":[{"count":0,"href":"https:\/\/aromasentia.com\/no\/wp-json\/wp\/v2\/product\/203648\/revisions"}],"wp:featuredmedia":[{"embeddable":true,"href":"https:\/\/aromasentia.com\/no\/wp-json\/wp\/v2\/media\/430036"}],"wp:attachment":[{"href":"https:\/\/aromasentia.com\/no\/wp-json\/wp\/v2\/media?parent=203648"}],"wp:term":[{"taxonomy":"product_brand","embeddable":true,"href":"https:\/\/aromasentia.com\/no\/wp-json\/wp\/v2\/product_brand?post=203648"},{"taxonomy":"product_cat","embeddable":true,"href":"https:\/\/aromasentia.com\/no\/wp-json\/wp\/v2\/product_cat?post=203648"},{"taxonomy":"product_tag","embeddable":true,"href":"https:\/\/aromasentia.com\/no\/wp-json\/wp\/v2\/product_tag?post=203648"}],"curies":[{"name":"wp","href":"https:\/\/api.w.org\/{rel}","templated":true}]}}