{"id":203646,"date":"2025-03-23T11:07:09","date_gmt":"2025-03-23T11:07:09","guid":{"rendered":"https:\/\/aromasentia.com\/product\/100x-large-velvet-pouch-9x12cm\/"},"modified":"2025-05-31T00:07:17","modified_gmt":"2025-05-31T00:07:17","slug":"100x-floyelspose-9x12cm-stor","status":"publish","type":"product","link":"https:\/\/aromasentia.com\/no\/100x-floyelspose-9x12cm-stor\/","title":{"rendered":"100x Fl\u00f8yelspose 9x12Cm Stor"},"content":{"rendered":"<p>V\u00e5r Large Velvet Pouch er en allsidig og elegant l\u00f8sning for oppbevaring og gaveoppbevaring av smykker. Vesken er laget av h\u00f8ykvalitets <strong>steinsfl\u00f8yel<\/strong>, som gir et luksuri\u00f8st og sikkert hjem for dine dyrebare smykker.<\/p>\n<p>Sn\u00f8relukkingen s\u00f8rger for at smykkene dine er trygge og sunne, mens det <strong>romlige interi\u00f8ret har plass til en rekke gjenstander<\/strong>, fra halskjeder og armb\u00e5nd til \u00f8redobber og ringer.<\/p>\n<p>Denne vesken er perfekt for bruk i smykkebutikker, butikker og hjemme.<\/p>\n<\/p>\n<p>\n","protected":false},"excerpt":{"rendered":"<p>V\u00e5r Large Velvet Pouch er en allsidig og elegant l\u00f8sning for oppbevaring og gaveoppbevaring av smykker. Vesken er laget av h\u00f8ykvalitets steinsfl\u00f8yel, som gir et luksuri\u00f8st og sikkert hjem for dine dyrebare smykker. Sn\u00f8relukkingen s\u00f8rger for at smykkene dine er trygge og sunne, mens det romlige interi\u00f8ret har plass til en rekke gjenstander, fra halskjeder [&hellip;]<\/p>\n","protected":false},"featured_media":431968,"comment_status":"closed","ping_status":"open","template":"","meta":{"_angie_page":false},"product_brand":[],"product_cat":[8586],"product_tag":[],"class_list":{"0":"post-203646","1":"product","2":"type-product","3":"status-publish","4":"has-post-thumbnail","6":"product_cat-smykker-og-tilbehor","7":"pa_collection-velvet-jewellery-displays-no","8":"pa_made-in-kina","10":"first","11":"instock","12":"purchasable","13":"product-type-simple"},"supplier_id":null,"supplier_sku":"VJD-17","barcode":null,"atum_controlled":true,"out_stock_date":null,"out_stock_threshold":null,"inheritable":false,"inbound_stock":null,"stock_on_hold":0,"sold_today":0,"sales_last_days":0,"reserved_stock":null,"customer_returns":null,"warehouse_damage":null,"lost_in_post":null,"other_logs":null,"out_stock_days":0,"lost_sales":0,"has_location":null,"update_date":"2026-04-27T07:26:26","atum_locations":[],"atum_stock_status":"instock","restock_status":false,"low_stock_amount":"","sales_update_date":"2025-09-03T00:15:07","calc_backorders":null,"_links":{"self":[{"href":"https:\/\/aromasentia.com\/no\/wp-json\/wp\/v2\/product\/203646","targetHints":{"allow":["GET"]}}],"collection":[{"href":"https:\/\/aromasentia.com\/no\/wp-json\/wp\/v2\/product"}],"about":[{"href":"https:\/\/aromasentia.com\/no\/wp-json\/wp\/v2\/types\/product"}],"replies":[{"embeddable":true,"href":"https:\/\/aromasentia.com\/no\/wp-json\/wp\/v2\/comments?post=203646"}],"version-history":[{"count":0,"href":"https:\/\/aromasentia.com\/no\/wp-json\/wp\/v2\/product\/203646\/revisions"}],"wp:featuredmedia":[{"embeddable":true,"href":"https:\/\/aromasentia.com\/no\/wp-json\/wp\/v2\/media\/431968"}],"wp:attachment":[{"href":"https:\/\/aromasentia.com\/no\/wp-json\/wp\/v2\/media?parent=203646"}],"wp:term":[{"taxonomy":"product_brand","embeddable":true,"href":"https:\/\/aromasentia.com\/no\/wp-json\/wp\/v2\/product_brand?post=203646"},{"taxonomy":"product_cat","embeddable":true,"href":"https:\/\/aromasentia.com\/no\/wp-json\/wp\/v2\/product_cat?post=203646"},{"taxonomy":"product_tag","embeddable":true,"href":"https:\/\/aromasentia.com\/no\/wp-json\/wp\/v2\/product_tag?post=203646"}],"curies":[{"name":"wp","href":"https:\/\/api.w.org\/{rel}","templated":true}]}}