{"id":203645,"date":"2025-03-23T11:07:09","date_gmt":"2025-03-23T11:07:09","guid":{"rendered":"https:\/\/aromasentia.com\/product\/100x-small-velvet-pouch-7x9cm\/"},"modified":"2025-05-31T00:07:15","modified_gmt":"2025-05-31T00:07:15","slug":"100x-floyelspose-7x9cm-liten","status":"publish","type":"product","link":"https:\/\/aromasentia.com\/no\/100x-floyelspose-7x9cm-liten\/","title":{"rendered":"100x Fl\u00f8yelspose 7x9Cm Liten"},"content":{"rendered":"<p>Luksus med v\u00e5r lille fl\u00f8yelsveske. Dette kompakte tilbeh\u00f8ret m\u00e5ler bare <strong>7&#215;9 cm<\/strong> og er perfekt for \u00e5 beskytte dine dyrebare smykker. Den er et mykt, beskyttende tilfluktssted for de delikate smykkene dine. Posens sn\u00f8relukking s\u00f8rger for sikker og elegant oppbevaring. <strong>Ideal for oppbevaring av \u00f8redobber, ringer eller et enkelt anheng<\/strong>, denne posen er ikke bare funksjonell, men tilf\u00f8rer ogs\u00e5 et snev av overd\u00e5dighet til smykkesamlingen din.<\/p>\n<p>Uansett om det er til personlig bruk eller som et f\u00f8rsteklasses emballasjealternativ, er v\u00e5r lille fl\u00f8yelspose et vitnesbyrd om kvalitet og raffinement.<\/p>\n","protected":false},"excerpt":{"rendered":"<p>Luksus med v\u00e5r lille fl\u00f8yelsveske. Dette kompakte tilbeh\u00f8ret m\u00e5ler bare 7&#215;9 cm og er perfekt for \u00e5 beskytte dine dyrebare smykker. Den er et mykt, beskyttende tilfluktssted for de delikate smykkene dine. Posens sn\u00f8relukking s\u00f8rger for sikker og elegant oppbevaring. Ideal for oppbevaring av \u00f8redobber, ringer eller et enkelt anheng, denne posen er ikke bare [&hellip;]<\/p>\n","protected":false},"featured_media":431919,"comment_status":"closed","ping_status":"open","template":"","meta":{"_angie_page":false},"product_brand":[],"product_cat":[8586],"product_tag":[],"class_list":{"0":"post-203645","1":"product","2":"type-product","3":"status-publish","4":"has-post-thumbnail","6":"product_cat-smykker-og-tilbehor","7":"pa_collection-velvet-jewellery-displays-no","8":"pa_made-in-kina","10":"first","11":"instock","12":"purchasable","13":"product-type-simple"},"supplier_id":null,"supplier_sku":"VJD-16","barcode":null,"atum_controlled":true,"out_stock_date":null,"out_stock_threshold":null,"inheritable":false,"inbound_stock":null,"stock_on_hold":0,"sold_today":0,"sales_last_days":0,"reserved_stock":null,"customer_returns":null,"warehouse_damage":null,"lost_in_post":null,"other_logs":null,"out_stock_days":0,"lost_sales":0,"has_location":null,"update_date":"2026-04-27T07:26:25","atum_locations":[],"atum_stock_status":"instock","restock_status":false,"low_stock_amount":"","sales_update_date":"2025-09-03T00:15:07","calc_backorders":null,"_links":{"self":[{"href":"https:\/\/aromasentia.com\/no\/wp-json\/wp\/v2\/product\/203645","targetHints":{"allow":["GET"]}}],"collection":[{"href":"https:\/\/aromasentia.com\/no\/wp-json\/wp\/v2\/product"}],"about":[{"href":"https:\/\/aromasentia.com\/no\/wp-json\/wp\/v2\/types\/product"}],"replies":[{"embeddable":true,"href":"https:\/\/aromasentia.com\/no\/wp-json\/wp\/v2\/comments?post=203645"}],"version-history":[{"count":0,"href":"https:\/\/aromasentia.com\/no\/wp-json\/wp\/v2\/product\/203645\/revisions"}],"wp:featuredmedia":[{"embeddable":true,"href":"https:\/\/aromasentia.com\/no\/wp-json\/wp\/v2\/media\/431919"}],"wp:attachment":[{"href":"https:\/\/aromasentia.com\/no\/wp-json\/wp\/v2\/media?parent=203645"}],"wp:term":[{"taxonomy":"product_brand","embeddable":true,"href":"https:\/\/aromasentia.com\/no\/wp-json\/wp\/v2\/product_brand?post=203645"},{"taxonomy":"product_cat","embeddable":true,"href":"https:\/\/aromasentia.com\/no\/wp-json\/wp\/v2\/product_cat?post=203645"},{"taxonomy":"product_tag","embeddable":true,"href":"https:\/\/aromasentia.com\/no\/wp-json\/wp\/v2\/product_tag?post=203645"}],"curies":[{"name":"wp","href":"https:\/\/api.w.org\/{rel}","templated":true}]}}