{"id":203644,"date":"2025-03-23T11:07:09","date_gmt":"2025-03-23T11:07:09","guid":{"rendered":"https:\/\/aromasentia.com\/product\/three-round-display-set-10cm-15cm-20cm\/"},"modified":"2025-05-31T00:07:12","modified_gmt":"2025-05-31T00:07:12","slug":"tre-runde-displaysett-10-cm-15-cm-20-cm","status":"publish","type":"product","link":"https:\/\/aromasentia.com\/no\/tre-runde-displaysett-10-cm-15-cm-20-cm\/","title":{"rendered":"Tre Runde Displaysett (10 cm, 15 cm, 20 cm)"},"content":{"rendered":"<p>V\u00e5rt tre runde utstillingssett er allsidig og elegant n\u00e5r du skal vise frem smykkesamlingen din. Dette settet inneholder tre runde brett med en diameter p\u00e5 <strong>10 cm, 15 cm og 20 cm<\/strong>.&nbsp;<\/p>\n<p>Hvert brett har en <strong>myk bl\u00e5gr\u00f8nn fl\u00f8yelsoverside<\/strong> som beskytter og fremhever smykkene dine, mens <strong>den naturlige trebunnen<\/strong> tilf\u00f8rer et snev av varme og raffinement.<\/p>\n<p>Uansett om det brukes enkeltvis eller stablet, gir dette settet uendelige muligheter for \u00e5 skape fengslende utstillinger. <\/p>\n<\/p>\n<p>\n","protected":false},"excerpt":{"rendered":"<p>V\u00e5rt tre runde utstillingssett er allsidig og elegant n\u00e5r du skal vise frem smykkesamlingen din. Dette settet inneholder tre runde brett med en diameter p\u00e5 10 cm, 15 cm og 20 cm.&nbsp; Hvert brett har en myk bl\u00e5gr\u00f8nn fl\u00f8yelsoverside som beskytter og fremhever smykkene dine, mens den naturlige trebunnen tilf\u00f8rer et snev av varme og [&hellip;]<\/p>\n","protected":false},"featured_media":431886,"comment_status":"closed","ping_status":"open","template":"","meta":{"_angie_page":false},"product_brand":[],"product_cat":[8586],"product_tag":[],"class_list":{"0":"post-203644","1":"product","2":"type-product","3":"status-publish","4":"has-post-thumbnail","6":"product_cat-smykker-og-tilbehor","7":"pa_collection-velvet-jewellery-displays-no","8":"pa_made-in-kina","10":"first","11":"instock","12":"purchasable","13":"product-type-simple"},"supplier_id":null,"supplier_sku":"VJD-15","barcode":null,"atum_controlled":true,"out_stock_date":null,"out_stock_threshold":null,"inheritable":false,"inbound_stock":null,"stock_on_hold":0,"sold_today":0,"sales_last_days":0,"reserved_stock":null,"customer_returns":null,"warehouse_damage":null,"lost_in_post":null,"other_logs":null,"out_stock_days":0,"lost_sales":0,"has_location":null,"update_date":"2026-04-27T07:26:25","atum_locations":[],"atum_stock_status":"instock","restock_status":false,"low_stock_amount":"","sales_update_date":"2026-01-20T05:14:22","calc_backorders":null,"_links":{"self":[{"href":"https:\/\/aromasentia.com\/no\/wp-json\/wp\/v2\/product\/203644","targetHints":{"allow":["GET"]}}],"collection":[{"href":"https:\/\/aromasentia.com\/no\/wp-json\/wp\/v2\/product"}],"about":[{"href":"https:\/\/aromasentia.com\/no\/wp-json\/wp\/v2\/types\/product"}],"replies":[{"embeddable":true,"href":"https:\/\/aromasentia.com\/no\/wp-json\/wp\/v2\/comments?post=203644"}],"version-history":[{"count":0,"href":"https:\/\/aromasentia.com\/no\/wp-json\/wp\/v2\/product\/203644\/revisions"}],"wp:featuredmedia":[{"embeddable":true,"href":"https:\/\/aromasentia.com\/no\/wp-json\/wp\/v2\/media\/431886"}],"wp:attachment":[{"href":"https:\/\/aromasentia.com\/no\/wp-json\/wp\/v2\/media?parent=203644"}],"wp:term":[{"taxonomy":"product_brand","embeddable":true,"href":"https:\/\/aromasentia.com\/no\/wp-json\/wp\/v2\/product_brand?post=203644"},{"taxonomy":"product_cat","embeddable":true,"href":"https:\/\/aromasentia.com\/no\/wp-json\/wp\/v2\/product_cat?post=203644"},{"taxonomy":"product_tag","embeddable":true,"href":"https:\/\/aromasentia.com\/no\/wp-json\/wp\/v2\/product_tag?post=203644"}],"curies":[{"name":"wp","href":"https:\/\/api.w.org\/{rel}","templated":true}]}}