{"id":203643,"date":"2025-03-23T11:07:09","date_gmt":"2025-03-23T11:07:09","guid":{"rendered":"https:\/\/aromasentia.com\/product\/three-bar-tiered-bangle-display-24x18x13cm\/"},"modified":"2025-05-31T00:07:10","modified_gmt":"2025-05-31T00:07:10","slug":"armringskjerm-med-tre-staver-24x18x13-cm","status":"publish","type":"product","link":"https:\/\/aromasentia.com\/no\/armringskjerm-med-tre-staver-24x18x13-cm\/","title":{"rendered":"Armringskjerm med Tre Staver 24x18x13 cm"},"content":{"rendered":"<p>V\u00e5r Three Bar Tiered Bangle Display er en sofistikert og praktisk l\u00f8sning for \u00e5 vise frem armb\u00e5ndssamlingen din. Dette elegante smykket har tre niv\u00e5er, hvert utstyrt med sylindriske stenger <strong>mykt polstret i bl\u00e5gr\u00f8nn fl\u00f8yel<\/strong>. Denne designen gir en oversiktlig og organisert presentasjon av armb\u00e5ndene dine, slik at de kommer til sin fulle rett.nbsp;<\/p>\n<p>Displayet er laget av <strong>naturlig treverk<\/strong>, og utstr\u00e5ler varme og passer inn i en rekke ulike butikkmilj\u00f8er. Kombinasjonen av tre og fl\u00f8yel skaper en luksuri\u00f8s estetikk som gj\u00f8r smykkene dine enda mer attraktive. <\/p>\n<p>\n","protected":false},"excerpt":{"rendered":"<p>V\u00e5r Three Bar Tiered Bangle Display er en sofistikert og praktisk l\u00f8sning for \u00e5 vise frem armb\u00e5ndssamlingen din. Dette elegante smykket har tre niv\u00e5er, hvert utstyrt med sylindriske stenger mykt polstret i bl\u00e5gr\u00f8nn fl\u00f8yel. Denne designen gir en oversiktlig og organisert presentasjon av armb\u00e5ndene dine, slik at de kommer til sin fulle rett.nbsp; Displayet er [&hellip;]<\/p>\n","protected":false},"featured_media":431853,"comment_status":"closed","ping_status":"open","template":"","meta":{"_angie_page":false},"product_brand":[],"product_cat":[8586],"product_tag":[],"class_list":{"0":"post-203643","1":"product","2":"type-product","3":"status-publish","4":"has-post-thumbnail","6":"product_cat-smykker-og-tilbehor","7":"pa_collection-velvet-jewellery-displays-no","8":"pa_made-in-kina","10":"first","11":"instock","12":"purchasable","13":"product-type-simple"},"supplier_id":null,"supplier_sku":"VJD-14","barcode":null,"atum_controlled":true,"out_stock_date":null,"out_stock_threshold":null,"inheritable":false,"inbound_stock":null,"stock_on_hold":0,"sold_today":0,"sales_last_days":0,"reserved_stock":null,"customer_returns":null,"warehouse_damage":null,"lost_in_post":null,"other_logs":null,"out_stock_days":0,"lost_sales":0,"has_location":null,"update_date":"2026-04-27T07:26:25","atum_locations":[],"atum_stock_status":"instock","restock_status":false,"low_stock_amount":"","sales_update_date":"2025-09-03T00:15:07","calc_backorders":null,"_links":{"self":[{"href":"https:\/\/aromasentia.com\/no\/wp-json\/wp\/v2\/product\/203643","targetHints":{"allow":["GET"]}}],"collection":[{"href":"https:\/\/aromasentia.com\/no\/wp-json\/wp\/v2\/product"}],"about":[{"href":"https:\/\/aromasentia.com\/no\/wp-json\/wp\/v2\/types\/product"}],"replies":[{"embeddable":true,"href":"https:\/\/aromasentia.com\/no\/wp-json\/wp\/v2\/comments?post=203643"}],"version-history":[{"count":0,"href":"https:\/\/aromasentia.com\/no\/wp-json\/wp\/v2\/product\/203643\/revisions"}],"wp:featuredmedia":[{"embeddable":true,"href":"https:\/\/aromasentia.com\/no\/wp-json\/wp\/v2\/media\/431853"}],"wp:attachment":[{"href":"https:\/\/aromasentia.com\/no\/wp-json\/wp\/v2\/media?parent=203643"}],"wp:term":[{"taxonomy":"product_brand","embeddable":true,"href":"https:\/\/aromasentia.com\/no\/wp-json\/wp\/v2\/product_brand?post=203643"},{"taxonomy":"product_cat","embeddable":true,"href":"https:\/\/aromasentia.com\/no\/wp-json\/wp\/v2\/product_cat?post=203643"},{"taxonomy":"product_tag","embeddable":true,"href":"https:\/\/aromasentia.com\/no\/wp-json\/wp\/v2\/product_tag?post=203643"}],"curies":[{"name":"wp","href":"https:\/\/api.w.org\/{rel}","templated":true}]}}