{"id":203642,"date":"2025-03-23T11:07:09","date_gmt":"2025-03-23T11:07:09","guid":{"rendered":"https:\/\/aromasentia.com\/product\/t-stand-display-24x17x7cm\/"},"modified":"2025-05-31T00:07:08","modified_gmt":"2025-05-31T00:07:08","slug":"t-stativ-skjerm-24x17x7cm","status":"publish","type":"product","link":"https:\/\/aromasentia.com\/no\/t-stativ-skjerm-24x17x7cm\/","title":{"rendered":"T-Stativ-Skjerm 24x17x7Cm"},"content":{"rendered":"<p>V\u00e5r T-Stand Display er en elegant og moderne l\u00f8sning for \u00e5 vise frem armb\u00e5nd og armringer. Den karakteristiske T-formen, med et h\u00f8yt, sylindrisk stativ trukket i <strong>myk<\/strong> <strong>tealfl\u00f8yel<\/strong>, gir en luksuri\u00f8s og i\u00f8ynefallende plattform for smykkene dine.<\/p>\n<p>Stativet er laget av <strong>naturlig tre<\/strong>, noe som tilf\u00f8rer et snev av varme og raffinement som passer inn i ethvert butikkmilj\u00f8. Denne allsidige skjermen er designet for \u00e5 <strong>vise frem skj\u00f8nnheten i armb\u00e5ndene<\/strong> og armringene dine, slik at de kan skinne samtidig som de er beskyttet mot riper. <\/p><\/p>\n","protected":false},"excerpt":{"rendered":"<p>V\u00e5r T-Stand Display er en elegant og moderne l\u00f8sning for \u00e5 vise frem armb\u00e5nd og armringer. Den karakteristiske T-formen, med et h\u00f8yt, sylindrisk stativ trukket i myk tealfl\u00f8yel, gir en luksuri\u00f8s og i\u00f8ynefallende plattform for smykkene dine. Stativet er laget av naturlig tre, noe som tilf\u00f8rer et snev av varme og raffinement som passer inn [&hellip;]<\/p>\n","protected":false},"featured_media":431836,"comment_status":"closed","ping_status":"open","template":"","meta":{"_angie_page":false},"product_brand":[],"product_cat":[8586],"product_tag":[],"class_list":{"0":"post-203642","1":"product","2":"type-product","3":"status-publish","4":"has-post-thumbnail","6":"product_cat-smykker-og-tilbehor","7":"pa_collection-velvet-jewellery-displays-no","8":"pa_made-in-kina","10":"first","11":"instock","12":"purchasable","13":"product-type-simple"},"supplier_id":null,"supplier_sku":"VJD-13","barcode":null,"atum_controlled":true,"out_stock_date":null,"out_stock_threshold":null,"inheritable":false,"inbound_stock":null,"stock_on_hold":0,"sold_today":0,"sales_last_days":0,"reserved_stock":null,"customer_returns":null,"warehouse_damage":null,"lost_in_post":null,"other_logs":null,"out_stock_days":0,"lost_sales":0,"has_location":null,"update_date":"2026-04-27T07:26:25","atum_locations":[],"atum_stock_status":"instock","restock_status":false,"low_stock_amount":"","sales_update_date":"2026-02-06T00:00:44","calc_backorders":null,"_links":{"self":[{"href":"https:\/\/aromasentia.com\/no\/wp-json\/wp\/v2\/product\/203642","targetHints":{"allow":["GET"]}}],"collection":[{"href":"https:\/\/aromasentia.com\/no\/wp-json\/wp\/v2\/product"}],"about":[{"href":"https:\/\/aromasentia.com\/no\/wp-json\/wp\/v2\/types\/product"}],"replies":[{"embeddable":true,"href":"https:\/\/aromasentia.com\/no\/wp-json\/wp\/v2\/comments?post=203642"}],"version-history":[{"count":0,"href":"https:\/\/aromasentia.com\/no\/wp-json\/wp\/v2\/product\/203642\/revisions"}],"wp:featuredmedia":[{"embeddable":true,"href":"https:\/\/aromasentia.com\/no\/wp-json\/wp\/v2\/media\/431836"}],"wp:attachment":[{"href":"https:\/\/aromasentia.com\/no\/wp-json\/wp\/v2\/media?parent=203642"}],"wp:term":[{"taxonomy":"product_brand","embeddable":true,"href":"https:\/\/aromasentia.com\/no\/wp-json\/wp\/v2\/product_brand?post=203642"},{"taxonomy":"product_cat","embeddable":true,"href":"https:\/\/aromasentia.com\/no\/wp-json\/wp\/v2\/product_cat?post=203642"},{"taxonomy":"product_tag","embeddable":true,"href":"https:\/\/aromasentia.com\/no\/wp-json\/wp\/v2\/product_tag?post=203642"}],"curies":[{"name":"wp","href":"https:\/\/api.w.org\/{rel}","templated":true}]}}