{"id":203640,"date":"2025-03-23T11:44:00","date_gmt":"2025-03-23T11:44:00","guid":{"rendered":"https:\/\/aromasentia.com\/product\/green-dragon-blend-1kg\/"},"modified":"2025-05-31T00:07:04","modified_gmt":"2025-05-31T00:07:04","slug":"green-dragon-blend-te-1kg","status":"publish","type":"product","link":"https:\/\/aromasentia.com\/no\/green-dragon-blend-te-1kg\/","title":{"rendered":"Green Dragon Blend Te 1Kg"},"content":{"rendered":"<p><strong>Gr\u00f8nn te Aqualia<\/strong><\/p>\n<p>Gr\u00f8nn te har blitt nytet i Kina i over 5000 \u00e5r og er en viktig del av nasjonens kultur.<\/p>\n<p>Gr\u00f8nn te har en velfortjent helsemessig glorie. Gr\u00f8nne teblader er en av de sunneste drikkene p\u00e5 planeten, og kan trekkes for \u00e5 lage te.<\/p>\n<p>B\u00e5de bladene og teen i seg selv kan ogs\u00e5 brukes i matlaging.<\/p>\n<p><strong>Bruk: 2\u20133 gram per 200 ml ved 70\u201380 \u00b0C og la st\u00e5 i 3\u20134 minutter.<\/strong><\/p>\n","protected":false},"excerpt":{"rendered":"<p>Gr\u00f8nn te Aqualia Gr\u00f8nn te har blitt nytet i Kina i over 5000 \u00e5r og er en viktig del av nasjonens kultur. Gr\u00f8nn te har en velfortjent helsemessig glorie. Gr\u00f8nne teblader er en av de sunneste drikkene p\u00e5 planeten, og kan trekkes for \u00e5 lage te. B\u00e5de bladene og teen i seg selv kan ogs\u00e5 [&hellip;]<\/p>\n","protected":false},"featured_media":432051,"comment_status":"closed","ping_status":"open","template":"","meta":{"_angie_page":false},"product_brand":[],"product_cat":[26710,8541,26715],"product_tag":[],"class_list":{"0":"post-203640","1":"product","2":"type-product","3":"status-publish","4":"has-post-thumbnail","6":"product_cat-gronn-te","7":"product_cat-te-og-teutstyr","8":"product_cat-teblandinger","9":"pa_collection-artisan-tea-blends-1kg-no","10":"pa_made-in-kina","12":"first","13":"instock","14":"purchasable","15":"product-type-simple"},"supplier_id":null,"supplier_sku":"ArTea-03","barcode":null,"atum_controlled":true,"out_stock_date":null,"out_stock_threshold":null,"inheritable":false,"inbound_stock":null,"stock_on_hold":0,"sold_today":0,"sales_last_days":0,"reserved_stock":null,"customer_returns":null,"warehouse_damage":null,"lost_in_post":null,"other_logs":null,"out_stock_days":0,"lost_sales":0,"has_location":null,"update_date":"2026-05-08T05:03:47","atum_locations":[],"atum_stock_status":"instock","restock_status":false,"low_stock_amount":"","sales_update_date":"2026-01-30T01:24:24","calc_backorders":null,"_links":{"self":[{"href":"https:\/\/aromasentia.com\/no\/wp-json\/wp\/v2\/product\/203640","targetHints":{"allow":["GET"]}}],"collection":[{"href":"https:\/\/aromasentia.com\/no\/wp-json\/wp\/v2\/product"}],"about":[{"href":"https:\/\/aromasentia.com\/no\/wp-json\/wp\/v2\/types\/product"}],"replies":[{"embeddable":true,"href":"https:\/\/aromasentia.com\/no\/wp-json\/wp\/v2\/comments?post=203640"}],"version-history":[{"count":0,"href":"https:\/\/aromasentia.com\/no\/wp-json\/wp\/v2\/product\/203640\/revisions"}],"wp:featuredmedia":[{"embeddable":true,"href":"https:\/\/aromasentia.com\/no\/wp-json\/wp\/v2\/media\/432051"}],"wp:attachment":[{"href":"https:\/\/aromasentia.com\/no\/wp-json\/wp\/v2\/media?parent=203640"}],"wp:term":[{"taxonomy":"product_brand","embeddable":true,"href":"https:\/\/aromasentia.com\/no\/wp-json\/wp\/v2\/product_brand?post=203640"},{"taxonomy":"product_cat","embeddable":true,"href":"https:\/\/aromasentia.com\/no\/wp-json\/wp\/v2\/product_cat?post=203640"},{"taxonomy":"product_tag","embeddable":true,"href":"https:\/\/aromasentia.com\/no\/wp-json\/wp\/v2\/product_tag?post=203640"}],"curies":[{"name":"wp","href":"https:\/\/api.w.org\/{rel}","templated":true}]}}