{"id":203638,"date":"2025-03-23T11:44:00","date_gmt":"2025-03-23T11:44:00","guid":{"rendered":"https:\/\/aromasentia.com\/product\/druids-forest-blend-1kg\/"},"modified":"2025-05-31T00:07:00","modified_gmt":"2025-05-31T00:07:00","slug":"druids-forest-blend-te-1kg","status":"publish","type":"product","link":"https:\/\/aromasentia.com\/no\/druids-forest-blend-te-1kg\/","title":{"rendered":"Druid&#8217;S Forest Blend Te 1Kg"},"content":{"rendered":"<p><strong>Med skogens frukt<\/strong><\/p>\n<p>Blandingen av bj\u00f8rneb\u00e6r, kirseb\u00e6r, bringeb\u00e6r og jordb\u00e6r er en herlig og fyldig blanding av sommerte. En fruktig blanding med en lys kirseb\u00e6rr\u00f8d farge, som vil revitalisere hum\u00f8ret ditt fra f\u00f8rste til siste slurk.<\/p>\n<p>V\u00e5re temestere velger 100 % naturlige ingredienser for \u00e5 lage denne blandingen. En seng av nyper, kuttet hibiskus og epler setter scenen for v\u00e5re favoritt sensommerb\u00e6r og hibiskusblomster.<\/p>\n<p>R\u00f8d bringeb\u00e6rte har fortsatt mye av det samme gode, som essensielle mineraler, vitaminer og antioksidanter.<\/p>\n<p><strong>Bruk: 4 gram per 200 ml ved 95 \u00b0C og la st\u00e5 i 5\u20137 minutter.<\/strong><\/p>\n<p>Dette produktet kan inneholde spor av gluten, egg, pean\u00f8tter, soya, melk, n\u00f8tter, sesamfr\u00f8 og sulfitter.<\/p>\n","protected":false},"excerpt":{"rendered":"<p>Med skogens frukt Blandingen av bj\u00f8rneb\u00e6r, kirseb\u00e6r, bringeb\u00e6r og jordb\u00e6r er en herlig og fyldig blanding av sommerte. En fruktig blanding med en lys kirseb\u00e6rr\u00f8d farge, som vil revitalisere hum\u00f8ret ditt fra f\u00f8rste til siste slurk. V\u00e5re temestere velger 100 % naturlige ingredienser for \u00e5 lage denne blandingen. En seng av nyper, kuttet hibiskus og [&hellip;]<\/p>\n","protected":false},"featured_media":432001,"comment_status":"closed","ping_status":"open","template":"","meta":{"_angie_page":false},"product_brand":[],"product_cat":[8541,26715],"product_tag":[],"class_list":{"0":"post-203638","1":"product","2":"type-product","3":"status-publish","4":"has-post-thumbnail","6":"product_cat-te-og-teutstyr","7":"product_cat-teblandinger","8":"pa_collection-artisan-tea-blends-1kg-no","9":"pa_made-in-egypt","11":"first","12":"instock","13":"purchasable","14":"product-type-simple"},"supplier_id":null,"supplier_sku":"ArTea-01","barcode":null,"atum_controlled":true,"out_stock_date":null,"out_stock_threshold":null,"inheritable":false,"inbound_stock":null,"stock_on_hold":0,"sold_today":0,"sales_last_days":0,"reserved_stock":null,"customer_returns":null,"warehouse_damage":null,"lost_in_post":null,"other_logs":null,"out_stock_days":13,"lost_sales":0,"has_location":null,"update_date":"2026-04-27T06:50:47","atum_locations":[],"atum_stock_status":"instock","restock_status":false,"low_stock_amount":"","sales_update_date":"2026-01-30T01:24:49","calc_backorders":null,"_links":{"self":[{"href":"https:\/\/aromasentia.com\/no\/wp-json\/wp\/v2\/product\/203638","targetHints":{"allow":["GET"]}}],"collection":[{"href":"https:\/\/aromasentia.com\/no\/wp-json\/wp\/v2\/product"}],"about":[{"href":"https:\/\/aromasentia.com\/no\/wp-json\/wp\/v2\/types\/product"}],"replies":[{"embeddable":true,"href":"https:\/\/aromasentia.com\/no\/wp-json\/wp\/v2\/comments?post=203638"}],"version-history":[{"count":0,"href":"https:\/\/aromasentia.com\/no\/wp-json\/wp\/v2\/product\/203638\/revisions"}],"wp:featuredmedia":[{"embeddable":true,"href":"https:\/\/aromasentia.com\/no\/wp-json\/wp\/v2\/media\/432001"}],"wp:attachment":[{"href":"https:\/\/aromasentia.com\/no\/wp-json\/wp\/v2\/media?parent=203638"}],"wp:term":[{"taxonomy":"product_brand","embeddable":true,"href":"https:\/\/aromasentia.com\/no\/wp-json\/wp\/v2\/product_brand?post=203638"},{"taxonomy":"product_cat","embeddable":true,"href":"https:\/\/aromasentia.com\/no\/wp-json\/wp\/v2\/product_cat?post=203638"},{"taxonomy":"product_tag","embeddable":true,"href":"https:\/\/aromasentia.com\/no\/wp-json\/wp\/v2\/product_tag?post=203638"}],"curies":[{"name":"wp","href":"https:\/\/api.w.org\/{rel}","templated":true}]}}