{"id":203634,"date":"2025-03-23T11:44:00","date_gmt":"2025-03-23T11:44:00","guid":{"rendered":"https:\/\/aromasentia.com\/product\/merlins-favorite-earl-grey-1kg\/"},"modified":"2025-05-31T00:06:45","modified_gmt":"2025-05-31T00:06:45","slug":"merlins-favorite-earl-grey-te-1kg","status":"publish","type":"product","link":"https:\/\/aromasentia.com\/no\/merlins-favorite-earl-grey-te-1kg\/","title":{"rendered":"Merlin&#8217;S Favorite Earl Grey Te 1Kg"},"content":{"rendered":"<p><strong>Svart te Earl Gray Mauve<\/strong><\/p>\n<p>Denne friske og unike blandingen, som f\u00f8rst ble laget for statsminister Charles Grey for over 180 \u00e5r siden, har blitt en av landets aller favoritter. For en fyldig duftende Earl Grey-opplevelse er v\u00e5r l\u00f8se tevariant det perfekte valget.<\/p>\n<p>Svart te brukes til \u00e5 forbedre mental \u00e5rv\u00e5kenhet, samt l\u00e6ring, hukommelse og informasjonsbehandlingsevner.<\/p>\n<p><strong>Bruk: 2\u20133 gram per 200 ml ved 90\u201395 \u00b0C og la st\u00e5 i 3\u20134 minutter. Tilsett melk eller plantebasert erstatning.<\/strong><\/p>\n","protected":false},"excerpt":{"rendered":"<p>Svart te Earl Gray Mauve Denne friske og unike blandingen, som f\u00f8rst ble laget for statsminister Charles Grey for over 180 \u00e5r siden, har blitt en av landets aller favoritter. For en fyldig duftende Earl Grey-opplevelse er v\u00e5r l\u00f8se tevariant det perfekte valget. Svart te brukes til \u00e5 forbedre mental \u00e5rv\u00e5kenhet, samt l\u00e6ring, hukommelse og [&hellip;]<\/p>\n","protected":false},"featured_media":432143,"comment_status":"closed","ping_status":"open","template":"","meta":{"_angie_page":false},"product_brand":[],"product_cat":[8541],"product_tag":[],"class_list":{"0":"post-203634","1":"product","2":"type-product","3":"status-publish","4":"has-post-thumbnail","6":"product_cat-te-og-teutstyr","7":"pa_collection-artisan-tea-blends-1kg-no","8":"pa_made-in-kina","10":"first","11":"instock","12":"purchasable","13":"product-type-simple"},"supplier_id":null,"supplier_sku":"ArTea-07","barcode":null,"atum_controlled":true,"out_stock_date":null,"out_stock_threshold":null,"inheritable":false,"inbound_stock":null,"stock_on_hold":0,"sold_today":0,"sales_last_days":0,"reserved_stock":null,"customer_returns":null,"warehouse_damage":null,"lost_in_post":null,"other_logs":null,"out_stock_days":21,"lost_sales":0,"has_location":null,"update_date":"2026-04-27T06:50:47","atum_locations":[],"atum_stock_status":"instock","restock_status":false,"low_stock_amount":"","sales_update_date":"2026-01-30T01:24:28","calc_backorders":null,"_links":{"self":[{"href":"https:\/\/aromasentia.com\/no\/wp-json\/wp\/v2\/product\/203634","targetHints":{"allow":["GET"]}}],"collection":[{"href":"https:\/\/aromasentia.com\/no\/wp-json\/wp\/v2\/product"}],"about":[{"href":"https:\/\/aromasentia.com\/no\/wp-json\/wp\/v2\/types\/product"}],"replies":[{"embeddable":true,"href":"https:\/\/aromasentia.com\/no\/wp-json\/wp\/v2\/comments?post=203634"}],"version-history":[{"count":0,"href":"https:\/\/aromasentia.com\/no\/wp-json\/wp\/v2\/product\/203634\/revisions"}],"wp:featuredmedia":[{"embeddable":true,"href":"https:\/\/aromasentia.com\/no\/wp-json\/wp\/v2\/media\/432143"}],"wp:attachment":[{"href":"https:\/\/aromasentia.com\/no\/wp-json\/wp\/v2\/media?parent=203634"}],"wp:term":[{"taxonomy":"product_brand","embeddable":true,"href":"https:\/\/aromasentia.com\/no\/wp-json\/wp\/v2\/product_brand?post=203634"},{"taxonomy":"product_cat","embeddable":true,"href":"https:\/\/aromasentia.com\/no\/wp-json\/wp\/v2\/product_cat?post=203634"},{"taxonomy":"product_tag","embeddable":true,"href":"https:\/\/aromasentia.com\/no\/wp-json\/wp\/v2\/product_tag?post=203634"}],"curies":[{"name":"wp","href":"https:\/\/api.w.org\/{rel}","templated":true}]}}