{"id":203633,"date":"2025-03-23T11:44:00","date_gmt":"2025-03-23T11:44:00","guid":{"rendered":"https:\/\/aromasentia.com\/product\/hidden-islands-blend-1kg\/"},"modified":"2025-05-31T00:06:39","modified_gmt":"2025-05-31T00:06:39","slug":"hidden-islands-blend-te-1kg","status":"publish","type":"product","link":"https:\/\/aromasentia.com\/no\/hidden-islands-blend-te-1kg\/","title":{"rendered":"Hidden Islands Blend Te 1Kg"},"content":{"rendered":"<p><strong>Pi\u00f1a Colada-te &nbsp;<\/strong><\/p>\n<p>Oppdag uimotst\u00e5elige teer for den smaksnysgjerrige. Fristende frukt og kuttet hibiskus, fullpakket med ekstraordin\u00e6re smaker og naturlige ingredienser. &nbsp;<\/p>\n<p>Pi\u00f1a Colada-te er en tropisk drikk laget med ananas, nype, epler og kokosflak. &nbsp;<\/p>\n<p>Den forfriskende smaken av denne teen er ideell for varme sommerdager. Den vil bidra til \u00e5 styrke immunforsvaret og gi kroppen energi.<\/p>\n<p><strong>Bruk: 4 gram per 200 ml ved 95 \u00b0C og la st\u00e5 i 5\u20137 minutter.<\/strong><\/p>\n","protected":false},"excerpt":{"rendered":"<p>Pi\u00f1a Colada-te &nbsp; Oppdag uimotst\u00e5elige teer for den smaksnysgjerrige. Fristende frukt og kuttet hibiskus, fullpakket med ekstraordin\u00e6re smaker og naturlige ingredienser. &nbsp; Pi\u00f1a Colada-te er en tropisk drikk laget med ananas, nype, epler og kokosflak. &nbsp; Den forfriskende smaken av denne teen er ideell for varme sommerdager. Den vil bidra til \u00e5 styrke immunforsvaret og [&hellip;]<\/p>\n","protected":false},"featured_media":432118,"comment_status":"closed","ping_status":"open","template":"","meta":{"_angie_page":false},"product_brand":[],"product_cat":[8541,26715],"product_tag":[],"class_list":{"0":"post-203633","1":"product","2":"type-product","3":"status-publish","4":"has-post-thumbnail","6":"product_cat-te-og-teutstyr","7":"product_cat-teblandinger","8":"pa_collection-artisan-tea-blends-1kg-no","9":"pa_made-in-thailand","11":"first","12":"instock","13":"purchasable","14":"product-type-simple"},"supplier_id":null,"supplier_sku":"ArTea-06","barcode":null,"atum_controlled":true,"out_stock_date":null,"out_stock_threshold":null,"inheritable":false,"inbound_stock":null,"stock_on_hold":0,"sold_today":0,"sales_last_days":0,"reserved_stock":null,"customer_returns":null,"warehouse_damage":null,"lost_in_post":null,"other_logs":null,"out_stock_days":0,"lost_sales":0,"has_location":null,"update_date":"2026-05-08T05:03:47","atum_locations":[],"atum_stock_status":"instock","restock_status":false,"low_stock_amount":"","sales_update_date":"2026-01-20T05:13:45","calc_backorders":null,"_links":{"self":[{"href":"https:\/\/aromasentia.com\/no\/wp-json\/wp\/v2\/product\/203633","targetHints":{"allow":["GET"]}}],"collection":[{"href":"https:\/\/aromasentia.com\/no\/wp-json\/wp\/v2\/product"}],"about":[{"href":"https:\/\/aromasentia.com\/no\/wp-json\/wp\/v2\/types\/product"}],"replies":[{"embeddable":true,"href":"https:\/\/aromasentia.com\/no\/wp-json\/wp\/v2\/comments?post=203633"}],"version-history":[{"count":0,"href":"https:\/\/aromasentia.com\/no\/wp-json\/wp\/v2\/product\/203633\/revisions"}],"wp:featuredmedia":[{"embeddable":true,"href":"https:\/\/aromasentia.com\/no\/wp-json\/wp\/v2\/media\/432118"}],"wp:attachment":[{"href":"https:\/\/aromasentia.com\/no\/wp-json\/wp\/v2\/media?parent=203633"}],"wp:term":[{"taxonomy":"product_brand","embeddable":true,"href":"https:\/\/aromasentia.com\/no\/wp-json\/wp\/v2\/product_brand?post=203633"},{"taxonomy":"product_cat","embeddable":true,"href":"https:\/\/aromasentia.com\/no\/wp-json\/wp\/v2\/product_cat?post=203633"},{"taxonomy":"product_tag","embeddable":true,"href":"https:\/\/aromasentia.com\/no\/wp-json\/wp\/v2\/product_tag?post=203633"}],"curies":[{"name":"wp","href":"https:\/\/api.w.org\/{rel}","templated":true}]}}