{"id":203627,"date":"2025-03-23T11:44:23","date_gmt":"2025-03-23T11:44:23","guid":{"rendered":"https:\/\/aromasentia.com\/product\/bio-classic-green-tea-with-lemon-and-ginger-1kg\/"},"modified":"2025-05-31T00:06:16","modified_gmt":"2025-05-31T00:06:16","slug":"bio-classic-gronn-te-med-sitron-og-ingefaer-1kg","status":"publish","type":"product","link":"https:\/\/aromasentia.com\/no\/bio-classic-gronn-te-med-sitron-og-ingefaer-1kg\/","title":{"rendered":"Bio Classic Gr\u00f8nn Te med Sitron Og Ingef\u00e6r 1Kg"},"content":{"rendered":"<p><strong>\u00d8ko-organisk sitrongr\u00f8nn te<\/strong><\/p>\n<p>Gr\u00f8nn te med sitron er et sv\u00e6rt passende middel for morgenen, og mange legger det allerede til i kostholdet sitt. Det er et naturlig tilskudd av vitaminer og antioksidanter som vil hjelpe deg med \u00e5 starte dagen p\u00e5 en fantastisk m\u00e5te.<\/p>\n<p>Med en intens smak, sitronaroma og et syrlig preg er gr\u00f8nn te med sitron en av de drikkene hvis fordeler merkes nesten umiddelbart: den gir velv\u00e6re, energi og den optimismen vi trenger om morgenen.<\/p>\n<p><strong>Bruk: 2\u20133 gram per 200 ml ved 70\u201380 \u00b0C og la st\u00e5 i 3\u20134 minutter.<\/strong><\/p>\n","protected":false},"excerpt":{"rendered":"<p>\u00d8ko-organisk sitrongr\u00f8nn te Gr\u00f8nn te med sitron er et sv\u00e6rt passende middel for morgenen, og mange legger det allerede til i kostholdet sitt. Det er et naturlig tilskudd av vitaminer og antioksidanter som vil hjelpe deg med \u00e5 starte dagen p\u00e5 en fantastisk m\u00e5te. Med en intens smak, sitronaroma og et syrlig preg er gr\u00f8nn [&hellip;]<\/p>\n","protected":false},"featured_media":432328,"comment_status":"closed","ping_status":"open","template":"","meta":{"_angie_page":false},"product_brand":[],"product_cat":[26710,8541],"product_tag":[],"class_list":{"0":"post-203627","1":"product","2":"type-product","3":"status-publish","4":"has-post-thumbnail","6":"product_cat-gronn-te","7":"product_cat-te-og-teutstyr","8":"pa_collection-artisan-tea-blends-1kg-no","9":"pa_made-in-kina","11":"first","12":"instock","13":"purchasable","14":"product-type-simple"},"supplier_id":null,"supplier_sku":"ArTea-16","barcode":null,"atum_controlled":true,"out_stock_date":null,"out_stock_threshold":null,"inheritable":false,"inbound_stock":null,"stock_on_hold":0,"sold_today":0,"sales_last_days":0,"reserved_stock":null,"customer_returns":null,"warehouse_damage":null,"lost_in_post":null,"other_logs":null,"out_stock_days":15,"lost_sales":0,"has_location":null,"update_date":"2026-04-27T06:50:56","atum_locations":[],"atum_stock_status":"instock","restock_status":false,"low_stock_amount":"","sales_update_date":"2026-01-30T01:24:44","calc_backorders":null,"_links":{"self":[{"href":"https:\/\/aromasentia.com\/no\/wp-json\/wp\/v2\/product\/203627","targetHints":{"allow":["GET"]}}],"collection":[{"href":"https:\/\/aromasentia.com\/no\/wp-json\/wp\/v2\/product"}],"about":[{"href":"https:\/\/aromasentia.com\/no\/wp-json\/wp\/v2\/types\/product"}],"replies":[{"embeddable":true,"href":"https:\/\/aromasentia.com\/no\/wp-json\/wp\/v2\/comments?post=203627"}],"version-history":[{"count":0,"href":"https:\/\/aromasentia.com\/no\/wp-json\/wp\/v2\/product\/203627\/revisions"}],"wp:featuredmedia":[{"embeddable":true,"href":"https:\/\/aromasentia.com\/no\/wp-json\/wp\/v2\/media\/432328"}],"wp:attachment":[{"href":"https:\/\/aromasentia.com\/no\/wp-json\/wp\/v2\/media?parent=203627"}],"wp:term":[{"taxonomy":"product_brand","embeddable":true,"href":"https:\/\/aromasentia.com\/no\/wp-json\/wp\/v2\/product_brand?post=203627"},{"taxonomy":"product_cat","embeddable":true,"href":"https:\/\/aromasentia.com\/no\/wp-json\/wp\/v2\/product_cat?post=203627"},{"taxonomy":"product_tag","embeddable":true,"href":"https:\/\/aromasentia.com\/no\/wp-json\/wp\/v2\/product_tag?post=203627"}],"curies":[{"name":"wp","href":"https:\/\/api.w.org\/{rel}","templated":true}]}}