{"id":203610,"date":"2025-03-23T11:45:20","date_gmt":"2025-03-23T11:45:20","guid":{"rendered":"https:\/\/aromasentia.com\/product\/50g-dark-brown-magic\/"},"modified":"2025-05-31T00:05:31","modified_gmt":"2025-05-31T00:05:31","slug":"mork-brun-magi-50g","status":"publish","type":"product","link":"https:\/\/aromasentia.com\/no\/mork-brun-magi-50g\/","title":{"rendered":"M\u00f8rk Brun Magi 50g"},"content":{"rendered":"<p><strong>Svart te-brownie<\/strong><\/p>\n<p>Har du lyst p\u00e5 noe s\u00f8tt, men vil ikke synde i kostholdet ditt? Svart te er en sunn energigiver som vil aktivere kroppen din med denne deilige smaksblandingen.<\/p>\n<p>Bland den med melk p\u00e5 kalde vinterettermiddager eller for \u00e5 starte dagen gladere. Ikke motst\u00e5 denne sunne og s\u00f8te godbiten!<\/p>\n<p><strong>Bruk: 2\u20133 gram per 200 ml ved 90\u201395 \u00b0C og la st\u00e5 i 3\u20134 minutter. Tilsett melk eller plantebasert erstatning.<\/strong><\/p>\n","protected":false},"excerpt":{"rendered":"<p>Svart te-brownie Har du lyst p\u00e5 noe s\u00f8tt, men vil ikke synde i kostholdet ditt? Svart te er en sunn energigiver som vil aktivere kroppen din med denne deilige smaksblandingen. Bland den med melk p\u00e5 kalde vinterettermiddager eller for \u00e5 starte dagen gladere. Ikke motst\u00e5 denne sunne og s\u00f8te godbiten! Bruk: 2\u20133 gram per 200 [&hellip;]<\/p>\n","protected":false},"featured_media":432647,"comment_status":"closed","ping_status":"open","template":"","meta":{"_angie_page":false},"product_brand":[],"product_cat":[8541],"product_tag":[],"class_list":{"0":"post-203610","1":"product","2":"type-product","3":"status-publish","4":"has-post-thumbnail","6":"product_cat-te-og-teutstyr","7":"pa_collection-artisan-tea-blends-50g-no","8":"pa_made-in-kina","9":"pa_size-50g","11":"first","12":"instock","13":"purchasable","14":"product-type-simple"},"supplier_id":null,"supplier_sku":"ArTeaP-15","barcode":null,"atum_controlled":true,"out_stock_date":null,"out_stock_threshold":null,"inheritable":false,"inbound_stock":null,"stock_on_hold":0,"sold_today":0,"sales_last_days":0,"reserved_stock":null,"customer_returns":null,"warehouse_damage":null,"lost_in_post":null,"other_logs":null,"out_stock_days":0,"lost_sales":0,"has_location":null,"update_date":"2026-05-08T05:03:47","atum_locations":[],"atum_stock_status":"instock","restock_status":false,"low_stock_amount":"","sales_update_date":"2025-10-09T03:23:39","calc_backorders":null,"_links":{"self":[{"href":"https:\/\/aromasentia.com\/no\/wp-json\/wp\/v2\/product\/203610","targetHints":{"allow":["GET"]}}],"collection":[{"href":"https:\/\/aromasentia.com\/no\/wp-json\/wp\/v2\/product"}],"about":[{"href":"https:\/\/aromasentia.com\/no\/wp-json\/wp\/v2\/types\/product"}],"replies":[{"embeddable":true,"href":"https:\/\/aromasentia.com\/no\/wp-json\/wp\/v2\/comments?post=203610"}],"version-history":[{"count":0,"href":"https:\/\/aromasentia.com\/no\/wp-json\/wp\/v2\/product\/203610\/revisions"}],"wp:featuredmedia":[{"embeddable":true,"href":"https:\/\/aromasentia.com\/no\/wp-json\/wp\/v2\/media\/432647"}],"wp:attachment":[{"href":"https:\/\/aromasentia.com\/no\/wp-json\/wp\/v2\/media?parent=203610"}],"wp:term":[{"taxonomy":"product_brand","embeddable":true,"href":"https:\/\/aromasentia.com\/no\/wp-json\/wp\/v2\/product_brand?post=203610"},{"taxonomy":"product_cat","embeddable":true,"href":"https:\/\/aromasentia.com\/no\/wp-json\/wp\/v2\/product_cat?post=203610"},{"taxonomy":"product_tag","embeddable":true,"href":"https:\/\/aromasentia.com\/no\/wp-json\/wp\/v2\/product_tag?post=203610"}],"curies":[{"name":"wp","href":"https:\/\/api.w.org\/{rel}","templated":true}]}}