{"id":203609,"date":"2025-03-23T11:45:20","date_gmt":"2025-03-23T11:45:20","guid":{"rendered":"https:\/\/aromasentia.com\/product\/50g-black-magic-blend\/"},"modified":"2025-05-31T00:05:29","modified_gmt":"2025-05-31T00:05:29","slug":"black-magic-blend-50g","status":"publish","type":"product","link":"https:\/\/aromasentia.com\/no\/black-magic-blend-50g\/","title":{"rendered":"Black Magic Blend 50g"},"content":{"rendered":"<p><strong>Supreme pakistansk svart te<\/strong><\/p>\n<p>Dens essensielle egenskaper er eksotisk smak og stimulerende kraft p\u00e5 nervesystemet, men p\u00e5 en naturlig og sunn m\u00e5te.<\/p>\n<p>Inntatt med m\u00e5te daglig, forhindrer den hjerte- og karsykdommer og nevrodegenerative sykdommer, er vanndrivende, bremser aldringen av celler, er krefthemmende, forbedrer niv\u00e5ene av d\u00e5rlig kolesterol i blodet, sirkulasjonen og er et utmerket middel ved lavt blodtrykk og tendens til svimmelhet.<\/p>\n<p><strong>Bruk: 2-3 gram per 200 ml ved 90-95 \u00b0C og la st\u00e5 i 3-4 minutter. Tilsett melk eller plantebasert erstatning.<\/strong><\/p>\n","protected":false},"excerpt":{"rendered":"<p>Supreme pakistansk svart te Dens essensielle egenskaper er eksotisk smak og stimulerende kraft p\u00e5 nervesystemet, men p\u00e5 en naturlig og sunn m\u00e5te. Inntatt med m\u00e5te daglig, forhindrer den hjerte- og karsykdommer og nevrodegenerative sykdommer, er vanndrivende, bremser aldringen av celler, er krefthemmende, forbedrer niv\u00e5ene av d\u00e5rlig kolesterol i blodet, sirkulasjonen og er et utmerket middel [&hellip;]<\/p>\n","protected":false},"featured_media":432630,"comment_status":"closed","ping_status":"open","template":"","meta":{"_angie_page":false},"product_brand":[],"product_cat":[26709,8541,26715],"product_tag":[],"class_list":{"0":"post-203609","1":"product","2":"type-product","3":"status-publish","4":"has-post-thumbnail","6":"product_cat-svart-te","7":"product_cat-te-og-teutstyr","8":"product_cat-teblandinger","9":"pa_collection-artisan-tea-blends-50g-no","10":"pa_made-in-kina","11":"pa_size-50g","13":"first","14":"instock","15":"purchasable","16":"product-type-simple"},"supplier_id":null,"supplier_sku":"ArTeaP-14","barcode":null,"atum_controlled":true,"out_stock_date":null,"out_stock_threshold":null,"inheritable":false,"inbound_stock":null,"stock_on_hold":0,"sold_today":0,"sales_last_days":0,"reserved_stock":null,"customer_returns":null,"warehouse_damage":null,"lost_in_post":null,"other_logs":null,"out_stock_days":0,"lost_sales":0,"has_location":null,"update_date":"2026-05-08T05:03:47","atum_locations":[],"atum_stock_status":"instock","restock_status":false,"low_stock_amount":"","sales_update_date":"2025-10-09T03:23:39","calc_backorders":null,"_links":{"self":[{"href":"https:\/\/aromasentia.com\/no\/wp-json\/wp\/v2\/product\/203609","targetHints":{"allow":["GET"]}}],"collection":[{"href":"https:\/\/aromasentia.com\/no\/wp-json\/wp\/v2\/product"}],"about":[{"href":"https:\/\/aromasentia.com\/no\/wp-json\/wp\/v2\/types\/product"}],"replies":[{"embeddable":true,"href":"https:\/\/aromasentia.com\/no\/wp-json\/wp\/v2\/comments?post=203609"}],"version-history":[{"count":0,"href":"https:\/\/aromasentia.com\/no\/wp-json\/wp\/v2\/product\/203609\/revisions"}],"wp:featuredmedia":[{"embeddable":true,"href":"https:\/\/aromasentia.com\/no\/wp-json\/wp\/v2\/media\/432630"}],"wp:attachment":[{"href":"https:\/\/aromasentia.com\/no\/wp-json\/wp\/v2\/media?parent=203609"}],"wp:term":[{"taxonomy":"product_brand","embeddable":true,"href":"https:\/\/aromasentia.com\/no\/wp-json\/wp\/v2\/product_brand?post=203609"},{"taxonomy":"product_cat","embeddable":true,"href":"https:\/\/aromasentia.com\/no\/wp-json\/wp\/v2\/product_cat?post=203609"},{"taxonomy":"product_tag","embeddable":true,"href":"https:\/\/aromasentia.com\/no\/wp-json\/wp\/v2\/product_tag?post=203609"}],"curies":[{"name":"wp","href":"https:\/\/api.w.org\/{rel}","templated":true}]}}