{"id":203608,"date":"2025-03-23T11:45:20","date_gmt":"2025-03-23T11:45:20","guid":{"rendered":"https:\/\/aromasentia.com\/product\/50g-mid-summer-magic\/"},"modified":"2025-05-31T00:05:27","modified_gmt":"2025-05-31T00:05:27","slug":"midtsommermagi-50g","status":"publish","type":"product","link":"https:\/\/aromasentia.com\/no\/midtsommermagi-50g\/","title":{"rendered":"Midtsommermagi 50g"},"content":{"rendered":"<p><strong>R\u00f8d te sommersilhuett<\/strong><\/p>\n<p>Den er ideell for avgiftning og slankediett. Denne kombinasjonen inneholder de to mest drenerende teene som hjelper deg med kostholdet ditt: r\u00f8d te og gr\u00f8nn te. Den perfekte fusjonen.<\/p>\n<p>Og i tillegg til det legger vi til kiwi, jordb\u00e6r, hibiskus, eple og nype. En deilig smak for en god og sunn infusjon.<\/p>\n<p><strong>Bruk: 2-3 gram per 200 ml ved 90-95 \u00b0C og la st\u00e5 i 4-5 minutter<\/strong><\/p>\n","protected":false},"excerpt":{"rendered":"<p>R\u00f8d te sommersilhuett Den er ideell for avgiftning og slankediett. Denne kombinasjonen inneholder de to mest drenerende teene som hjelper deg med kostholdet ditt: r\u00f8d te og gr\u00f8nn te. Den perfekte fusjonen. Og i tillegg til det legger vi til kiwi, jordb\u00e6r, hibiskus, eple og nype. En deilig smak for en god og sunn infusjon. [&hellip;]<\/p>\n","protected":false},"featured_media":432613,"comment_status":"closed","ping_status":"open","template":"","meta":{"_angie_page":false},"product_brand":[],"product_cat":[8541],"product_tag":[],"class_list":{"0":"post-203608","1":"product","2":"type-product","3":"status-publish","4":"has-post-thumbnail","6":"product_cat-te-og-teutstyr","7":"pa_collection-artisan-tea-blends-50g-no","8":"pa_made-in-kina","9":"pa_size-50g","11":"first","12":"instock","13":"purchasable","14":"product-type-simple"},"supplier_id":null,"supplier_sku":"ArTeaP-13","barcode":null,"atum_controlled":true,"out_stock_date":null,"out_stock_threshold":null,"inheritable":false,"inbound_stock":null,"stock_on_hold":0,"sold_today":0,"sales_last_days":0,"reserved_stock":null,"customer_returns":null,"warehouse_damage":null,"lost_in_post":null,"other_logs":null,"out_stock_days":0,"lost_sales":0,"has_location":null,"update_date":"2026-05-08T05:03:47","atum_locations":[],"atum_stock_status":"instock","restock_status":false,"low_stock_amount":"","sales_update_date":"2025-10-09T03:23:39","calc_backorders":null,"_links":{"self":[{"href":"https:\/\/aromasentia.com\/no\/wp-json\/wp\/v2\/product\/203608","targetHints":{"allow":["GET"]}}],"collection":[{"href":"https:\/\/aromasentia.com\/no\/wp-json\/wp\/v2\/product"}],"about":[{"href":"https:\/\/aromasentia.com\/no\/wp-json\/wp\/v2\/types\/product"}],"replies":[{"embeddable":true,"href":"https:\/\/aromasentia.com\/no\/wp-json\/wp\/v2\/comments?post=203608"}],"version-history":[{"count":0,"href":"https:\/\/aromasentia.com\/no\/wp-json\/wp\/v2\/product\/203608\/revisions"}],"wp:featuredmedia":[{"embeddable":true,"href":"https:\/\/aromasentia.com\/no\/wp-json\/wp\/v2\/media\/432613"}],"wp:attachment":[{"href":"https:\/\/aromasentia.com\/no\/wp-json\/wp\/v2\/media?parent=203608"}],"wp:term":[{"taxonomy":"product_brand","embeddable":true,"href":"https:\/\/aromasentia.com\/no\/wp-json\/wp\/v2\/product_brand?post=203608"},{"taxonomy":"product_cat","embeddable":true,"href":"https:\/\/aromasentia.com\/no\/wp-json\/wp\/v2\/product_cat?post=203608"},{"taxonomy":"product_tag","embeddable":true,"href":"https:\/\/aromasentia.com\/no\/wp-json\/wp\/v2\/product_tag?post=203608"}],"curies":[{"name":"wp","href":"https:\/\/api.w.org\/{rel}","templated":true}]}}