{"id":203599,"date":"2025-03-23T11:45:44","date_gmt":"2025-03-23T11:45:44","guid":{"rendered":"https:\/\/aromasentia.com\/product\/50g-organic-culinary-matcha-tea\/"},"modified":"2025-05-31T00:04:58","modified_gmt":"2025-05-31T00:04:58","slug":"okologisk-kulinarisk-matcha-te-50g","status":"publish","type":"product","link":"https:\/\/aromasentia.com\/no\/okologisk-kulinarisk-matcha-te-50g\/","title":{"rendered":"\u00d8kologisk Kulinarisk Matcha Te 50g"},"content":{"rendered":"<p><span style=\"color: rgb(75, 80, 88);\"><strong>Matcha<\/strong>er et fint pulver laget av gr\u00f8nne teblader. Det har en lys, smaragdgr\u00f8nn farge og en rik, vegetabilsk smak. Teplantene som brukes til \u00e5 lage matcha blir skyggelagt de siste ukene f\u00f8r innh\u00f8stingen, noe som resulterer i et m\u00f8rkegr\u00f8nt teblad som inneholder h\u00f8yere niv\u00e5er av klorofyll, koffein og l-teanin. Etter at tebladene er h\u00f8stet, dampes de for \u00e5 stoppe oksidasjonsprosessen. De blir deretter steinmalt til et fint pulver og pakket for salg.<\/span><\/p>\n<p><span style=\"color: rgb(75, 80, 88);\"><strong>Matcha av kulinarisk kvalitet<\/strong> er en matcha av litt lavere kvalitet enn matcha av seremoniell kvalitet. Den er vanligvis billigere og er designet for \u00e5 tilsettes i latte, smoothies, bakevarer og andre oppskrifter. Matcha av kulinarisk kvalitet har en tendens til \u00e5 ha en kraftigere, mindre nyansert smak som er utformet for \u00e5 t\u00e5le andre ingredienser.<\/span><\/p>\n","protected":false},"excerpt":{"rendered":"<p>Matchaer et fint pulver laget av gr\u00f8nne teblader. Det har en lys, smaragdgr\u00f8nn farge og en rik, vegetabilsk smak. Teplantene som brukes til \u00e5 lage matcha blir skyggelagt de siste ukene f\u00f8r innh\u00f8stingen, noe som resulterer i et m\u00f8rkegr\u00f8nt teblad som inneholder h\u00f8yere niv\u00e5er av klorofyll, koffein og l-teanin. Etter at tebladene er h\u00f8stet, dampes [&hellip;]<\/p>\n","protected":false},"featured_media":432752,"comment_status":"closed","ping_status":"open","template":"","meta":{"_angie_page":false},"product_brand":[],"product_cat":[26714,26713,8541],"product_tag":[],"class_list":{"0":"post-203599","1":"product","2":"type-product","3":"status-publish","4":"has-post-thumbnail","6":"product_cat-matcha-te","7":"product_cat-okologisk-te","8":"product_cat-te-og-teutstyr","9":"pa_collection-artisan-tea-blends-50g-no","10":"pa_made-in-japan","11":"pa_size-50g","13":"first","14":"instock","15":"purchasable","16":"product-type-simple"},"supplier_id":null,"supplier_sku":"ArTeap-25","barcode":null,"atum_controlled":true,"out_stock_date":null,"out_stock_threshold":null,"inheritable":false,"inbound_stock":null,"stock_on_hold":0,"sold_today":0,"sales_last_days":0,"reserved_stock":null,"customer_returns":null,"warehouse_damage":null,"lost_in_post":null,"other_logs":null,"out_stock_days":0,"lost_sales":0,"has_location":null,"update_date":"2026-04-27T06:51:02","atum_locations":[],"atum_stock_status":"instock","restock_status":false,"low_stock_amount":"","sales_update_date":"2026-02-06T00:01:32","calc_backorders":null,"_links":{"self":[{"href":"https:\/\/aromasentia.com\/no\/wp-json\/wp\/v2\/product\/203599","targetHints":{"allow":["GET"]}}],"collection":[{"href":"https:\/\/aromasentia.com\/no\/wp-json\/wp\/v2\/product"}],"about":[{"href":"https:\/\/aromasentia.com\/no\/wp-json\/wp\/v2\/types\/product"}],"replies":[{"embeddable":true,"href":"https:\/\/aromasentia.com\/no\/wp-json\/wp\/v2\/comments?post=203599"}],"version-history":[{"count":0,"href":"https:\/\/aromasentia.com\/no\/wp-json\/wp\/v2\/product\/203599\/revisions"}],"wp:featuredmedia":[{"embeddable":true,"href":"https:\/\/aromasentia.com\/no\/wp-json\/wp\/v2\/media\/432752"}],"wp:attachment":[{"href":"https:\/\/aromasentia.com\/no\/wp-json\/wp\/v2\/media?parent=203599"}],"wp:term":[{"taxonomy":"product_brand","embeddable":true,"href":"https:\/\/aromasentia.com\/no\/wp-json\/wp\/v2\/product_brand?post=203599"},{"taxonomy":"product_cat","embeddable":true,"href":"https:\/\/aromasentia.com\/no\/wp-json\/wp\/v2\/product_cat?post=203599"},{"taxonomy":"product_tag","embeddable":true,"href":"https:\/\/aromasentia.com\/no\/wp-json\/wp\/v2\/product_tag?post=203599"}],"curies":[{"name":"wp","href":"https:\/\/api.w.org\/{rel}","templated":true}]}}