{"id":203595,"date":"2025-03-23T11:45:44","date_gmt":"2025-03-23T11:45:44","guid":{"rendered":"https:\/\/aromasentia.com\/product\/50g-organic-chai-black-tea\/"},"modified":"2025-05-31T00:04:50","modified_gmt":"2025-05-31T00:04:50","slug":"okologisk-chai-svart-te-50g","status":"publish","type":"product","link":"https:\/\/aromasentia.com\/no\/okologisk-chai-svart-te-50g\/","title":{"rendered":"\u00d8kologisk Chai Svart Te 50g"},"content":{"rendered":"<p>Nyt den aromatiske og krydrede blandingen av \u00f8kologisk svart chai-te i denne praktiske 50 g-pakningen. Perfekt til \u00e5 brygge en deilig og varmende kopp tradisjonell chai.<\/p>\n","protected":false},"excerpt":{"rendered":"<p>Nyt den aromatiske og krydrede blandingen av \u00f8kologisk svart chai-te i denne praktiske 50 g-pakningen. Perfekt til \u00e5 brygge en deilig og varmende kopp tradisjonell chai.<\/p>\n","protected":false},"featured_media":432708,"comment_status":"closed","ping_status":"open","template":"","meta":{"_angie_page":false},"product_brand":[],"product_cat":[26713,26709,8541],"product_tag":[],"class_list":{"0":"post-203595","1":"product","2":"type-product","3":"status-publish","4":"has-post-thumbnail","6":"product_cat-okologisk-te","7":"product_cat-svart-te","8":"product_cat-te-og-teutstyr","9":"pa_collection-artisan-tea-blends-50g-no","10":"pa_made-in-india","11":"pa_size-50g","13":"first","14":"instock","15":"purchasable","16":"product-type-simple"},"supplier_id":null,"supplier_sku":"ArTeaP-20","barcode":null,"atum_controlled":true,"out_stock_date":null,"out_stock_threshold":null,"inheritable":false,"inbound_stock":null,"stock_on_hold":0,"sold_today":0,"sales_last_days":0,"reserved_stock":null,"customer_returns":null,"warehouse_damage":null,"lost_in_post":null,"other_logs":null,"out_stock_days":0,"lost_sales":0,"has_location":null,"update_date":"2026-04-27T06:51:02","atum_locations":[],"atum_stock_status":"instock","restock_status":false,"low_stock_amount":"","sales_update_date":"2026-02-06T00:02:44","calc_backorders":null,"_links":{"self":[{"href":"https:\/\/aromasentia.com\/no\/wp-json\/wp\/v2\/product\/203595","targetHints":{"allow":["GET"]}}],"collection":[{"href":"https:\/\/aromasentia.com\/no\/wp-json\/wp\/v2\/product"}],"about":[{"href":"https:\/\/aromasentia.com\/no\/wp-json\/wp\/v2\/types\/product"}],"replies":[{"embeddable":true,"href":"https:\/\/aromasentia.com\/no\/wp-json\/wp\/v2\/comments?post=203595"}],"version-history":[{"count":0,"href":"https:\/\/aromasentia.com\/no\/wp-json\/wp\/v2\/product\/203595\/revisions"}],"wp:featuredmedia":[{"embeddable":true,"href":"https:\/\/aromasentia.com\/no\/wp-json\/wp\/v2\/media\/432708"}],"wp:attachment":[{"href":"https:\/\/aromasentia.com\/no\/wp-json\/wp\/v2\/media?parent=203595"}],"wp:term":[{"taxonomy":"product_brand","embeddable":true,"href":"https:\/\/aromasentia.com\/no\/wp-json\/wp\/v2\/product_brand?post=203595"},{"taxonomy":"product_cat","embeddable":true,"href":"https:\/\/aromasentia.com\/no\/wp-json\/wp\/v2\/product_cat?post=203595"},{"taxonomy":"product_tag","embeddable":true,"href":"https:\/\/aromasentia.com\/no\/wp-json\/wp\/v2\/product_tag?post=203595"}],"curies":[{"name":"wp","href":"https:\/\/api.w.org\/{rel}","templated":true}]}}