{"id":203594,"date":"2025-03-23T11:45:44","date_gmt":"2025-03-23T11:45:44","guid":{"rendered":"https:\/\/aromasentia.com\/product\/50g-organic-narnaja-black-tea\/"},"modified":"2025-05-31T00:04:47","modified_gmt":"2025-05-31T00:04:47","slug":"okologisk-narnaja-svart-te-50g","status":"publish","type":"product","link":"https:\/\/aromasentia.com\/no\/okologisk-narnaja-svart-te-50g\/","title":{"rendered":"\u00d8kologisk Narnaja Svart Te 50g"},"content":{"rendered":"<p>Opplev den fyldige og robuste smaken av \u00f8kologisk Narnaja svart te i denne praktiske 50 g-pakningen. Ideell for deg som setter pris p\u00e5 en sterk og oppkvikkende te.<\/p>\n","protected":false},"excerpt":{"rendered":"<p>Opplev den fyldige og robuste smaken av \u00f8kologisk Narnaja svart te i denne praktiske 50 g-pakningen. Ideell for deg som setter pris p\u00e5 en sterk og oppkvikkende te.<\/p>\n","protected":false},"featured_media":432699,"comment_status":"closed","ping_status":"open","template":"","meta":{"_angie_page":false},"product_brand":[],"product_cat":[26713,26709,8541],"product_tag":[],"class_list":{"0":"post-203594","1":"product","2":"type-product","3":"status-publish","4":"has-post-thumbnail","6":"product_cat-okologisk-te","7":"product_cat-svart-te","8":"product_cat-te-og-teutstyr","9":"pa_collection-artisan-tea-blends-50g-no","10":"pa_made-in-india","11":"pa_size-50g","13":"first","14":"instock","15":"purchasable","16":"product-type-simple"},"supplier_id":null,"supplier_sku":"ArTeaP-19","barcode":null,"atum_controlled":true,"out_stock_date":null,"out_stock_threshold":null,"inheritable":false,"inbound_stock":null,"stock_on_hold":0,"sold_today":0,"sales_last_days":0,"reserved_stock":null,"customer_returns":null,"warehouse_damage":null,"lost_in_post":null,"other_logs":null,"out_stock_days":0,"lost_sales":0,"has_location":null,"update_date":"2026-04-27T06:51:02","atum_locations":[],"atum_stock_status":"instock","restock_status":false,"low_stock_amount":"","sales_update_date":"2026-02-06T00:01:31","calc_backorders":null,"_links":{"self":[{"href":"https:\/\/aromasentia.com\/no\/wp-json\/wp\/v2\/product\/203594","targetHints":{"allow":["GET"]}}],"collection":[{"href":"https:\/\/aromasentia.com\/no\/wp-json\/wp\/v2\/product"}],"about":[{"href":"https:\/\/aromasentia.com\/no\/wp-json\/wp\/v2\/types\/product"}],"replies":[{"embeddable":true,"href":"https:\/\/aromasentia.com\/no\/wp-json\/wp\/v2\/comments?post=203594"}],"version-history":[{"count":0,"href":"https:\/\/aromasentia.com\/no\/wp-json\/wp\/v2\/product\/203594\/revisions"}],"wp:featuredmedia":[{"embeddable":true,"href":"https:\/\/aromasentia.com\/no\/wp-json\/wp\/v2\/media\/432699"}],"wp:attachment":[{"href":"https:\/\/aromasentia.com\/no\/wp-json\/wp\/v2\/media?parent=203594"}],"wp:term":[{"taxonomy":"product_brand","embeddable":true,"href":"https:\/\/aromasentia.com\/no\/wp-json\/wp\/v2\/product_brand?post=203594"},{"taxonomy":"product_cat","embeddable":true,"href":"https:\/\/aromasentia.com\/no\/wp-json\/wp\/v2\/product_cat?post=203594"},{"taxonomy":"product_tag","embeddable":true,"href":"https:\/\/aromasentia.com\/no\/wp-json\/wp\/v2\/product_tag?post=203594"}],"curies":[{"name":"wp","href":"https:\/\/api.w.org\/{rel}","templated":true}]}}