{"id":203585,"date":"2025-03-23T11:46:17","date_gmt":"2025-03-23T11:46:17","guid":{"rendered":"https:\/\/aromasentia.com\/product\/raw-crystal-gemstone-tea-strainer-black-obsidian\/"},"modified":"2025-05-31T00:04:14","modified_gmt":"2025-05-31T00:04:14","slug":"te-sil-av-ra-krystallstein-svart-obsidian","status":"publish","type":"product","link":"https:\/\/aromasentia.com\/no\/te-sil-av-ra-krystallstein-svart-obsidian\/","title":{"rendered":"Te-Sil Av R\u00e5 Krystallstein &#8211; Svart Obsidian"},"content":{"rendered":"<p><span style=\"color: rgb(75, 80, 88);\"><strong>Vi introduserer en uts\u00f8kt tesil i r\u00e5 krystall med edelstener \u2013 svart obsidian<\/strong>, der eleganse m\u00f8ter funksjonalitet. Disse tesilene er laget med omhu og presisjon, og er designet for \u00e5 forbedre enhver teopplevelse, samtidig som de gir et snev av naturlig skj\u00f8nnhet til det daglige ritualet.<\/span><\/p>\n<p><span style=\"color: rgb(75, 80, 88);\">Enten du eier en tebutikk, butikk eller en nettbutikk som henvender seg til teentusiaster, er dette et uunnv\u00e6rlig tillegg til beholdningen din. Disse silene\/infus\u00f8rene er ikke bare fantastiske gaver til teelskere, men fungerer ogs\u00e5 som fantastiske dekorative gjenstander som kan l\u00f8fte enhver te-anledning.<\/span><\/p>\n<p><span style=\"color: rgb(75, 80, 88);\">Ved \u00e5 tilby v\u00e5re tesiler av r\u00e5 krystall edelstener til kundene dine, gir du dem en unik mulighet til \u00e5 nyte te p\u00e5 en m\u00e5te som kombinerer skj\u00f8nnhet, funksjonalitet og den helbredende energien til krystaller. Kolleksjonen v\u00e5r handler ikke bare om te; den handler om \u00e5 skape \u00f8yeblikk med ro, egenomsorg og forbindelse med naturen.<\/span><\/p>\n<p><span style=\"color: rgb(75, 80, 88);\">Gamle visdomskrefter fra svart obsidian: <strong>Beskyttelse og selvkontroll<\/strong><\/span> <strong><br \/><\/strong><\/p>\n<p><span style=\"color: rgb(75, 80, 88);\"><strong>Hver enkelt pakket i en elegant eske<\/strong><\/span><\/p>\n","protected":false},"excerpt":{"rendered":"<p>Vi introduserer en uts\u00f8kt tesil i r\u00e5 krystall med edelstener \u2013 svart obsidian, der eleganse m\u00f8ter funksjonalitet. Disse tesilene er laget med omhu og presisjon, og er designet for \u00e5 forbedre enhver teopplevelse, samtidig som de gir et snev av naturlig skj\u00f8nnhet til det daglige ritualet. Enten du eier en tebutikk, butikk eller en nettbutikk [&hellip;]<\/p>\n","protected":false},"featured_media":433138,"comment_status":"closed","ping_status":"open","template":"","meta":{"_angie_page":false},"product_brand":[],"product_cat":[25221,25691,8541,26712],"product_tag":[],"class_list":{"0":"post-203585","1":"product","2":"type-product","3":"status-publish","4":"has-post-thumbnail","6":"product_cat-krystaller-edelsteiner","7":"product_cat-obsidian","8":"product_cat-te-og-teutstyr","9":"product_cat-tefilter-og-tesiler","10":"pa_collection-crystal-tea-strainer-no","11":"pa_made-in-kina","13":"first","14":"instock","15":"purchasable","16":"product-type-simple"},"supplier_id":null,"supplier_sku":"CGTS-11","barcode":null,"atum_controlled":true,"out_stock_date":null,"out_stock_threshold":null,"inheritable":false,"inbound_stock":null,"stock_on_hold":0,"sold_today":0,"sales_last_days":0,"reserved_stock":null,"customer_returns":null,"warehouse_damage":null,"lost_in_post":null,"other_logs":null,"out_stock_days":0,"lost_sales":0,"has_location":null,"update_date":"2026-04-27T06:57:04","atum_locations":[],"atum_stock_status":"instock","restock_status":false,"low_stock_amount":"","sales_update_date":"2025-10-09T03:27:50","calc_backorders":null,"_links":{"self":[{"href":"https:\/\/aromasentia.com\/no\/wp-json\/wp\/v2\/product\/203585","targetHints":{"allow":["GET"]}}],"collection":[{"href":"https:\/\/aromasentia.com\/no\/wp-json\/wp\/v2\/product"}],"about":[{"href":"https:\/\/aromasentia.com\/no\/wp-json\/wp\/v2\/types\/product"}],"replies":[{"embeddable":true,"href":"https:\/\/aromasentia.com\/no\/wp-json\/wp\/v2\/comments?post=203585"}],"version-history":[{"count":0,"href":"https:\/\/aromasentia.com\/no\/wp-json\/wp\/v2\/product\/203585\/revisions"}],"wp:featuredmedia":[{"embeddable":true,"href":"https:\/\/aromasentia.com\/no\/wp-json\/wp\/v2\/media\/433138"}],"wp:attachment":[{"href":"https:\/\/aromasentia.com\/no\/wp-json\/wp\/v2\/media?parent=203585"}],"wp:term":[{"taxonomy":"product_brand","embeddable":true,"href":"https:\/\/aromasentia.com\/no\/wp-json\/wp\/v2\/product_brand?post=203585"},{"taxonomy":"product_cat","embeddable":true,"href":"https:\/\/aromasentia.com\/no\/wp-json\/wp\/v2\/product_cat?post=203585"},{"taxonomy":"product_tag","embeddable":true,"href":"https:\/\/aromasentia.com\/no\/wp-json\/wp\/v2\/product_tag?post=203585"}],"curies":[{"name":"wp","href":"https:\/\/api.w.org\/{rel}","templated":true}]}}