{"id":203576,"date":"2025-03-23T11:47:46","date_gmt":"2025-03-23T11:47:46","guid":{"rendered":"https:\/\/aromasentia.com\/product\/glass-infuser-teapot-round-pearl-800ml-2\/"},"modified":"2025-05-31T00:03:48","modified_gmt":"2025-05-31T00:03:48","slug":"tekanne-av-glass-rund-perle-800ml-2","status":"publish","type":"product","link":"https:\/\/aromasentia.com\/no\/tekanne-av-glass-rund-perle-800ml-2\/","title":{"rendered":"Tekanne Av Glass &#8211; Rund Perle &#8211; 800ml"},"content":{"rendered":"<p>En god kopp te er en av livets enkle gleder, s\u00e5 det b\u00f8r v\u00e6re enkelt \u00e5 brygge den. Fra beroligende kamille til \u00f8ye\u00e5pnende earl grey. Denne tekannen er ideell for store teblader&nbsp;<\/p>\n<p>Med Ancient Wisdom Glass Infuser Teapot kan kundene dine unne seg en favorittbrygg n\u00e5r som helst p\u00e5 dagen. Denne tekannen i glass er et nydelig tilskudd til frokostbordet eller ettermiddagsserveringen. Siden urtete og alt som har med det \u00e5 gj\u00f8re er veldig trendy, er dette settet med tekanner enkelt \u00e5 vise frem i butikken din og en perfekt gave, pakket i en vakker presentasjonseske, den perfekte gaven til teentusiaster. <\/strong>*P\u00e5se at lokket er godt festet f\u00f8r du skjenker.<\/strong><\/p>\n<p><em>Stilren og moderne design &#8211; H\u00e5ndvask anbefales &#8211; Gaveeske og BPA-fri&nbsp;<\/em><\/p>\n<p><strong>S\u00e5 skjenk deg selv litt ekstra salg. Lager opp i dag.<\/strong><\/p>\n<p><strong>Produktst\u00f8rrelse: 16x12x11cm&nbsp;Vekt: 500g&nbsp;<\/strong><\/p>\n<p><strong>Materiale: Glass<\/strong><\/p>\n","protected":false},"excerpt":{"rendered":"<p>En god kopp te er en av livets enkle gleder, s\u00e5 det b\u00f8r v\u00e6re enkelt \u00e5 brygge den. Fra beroligende kamille til \u00f8ye\u00e5pnende earl grey. Denne tekannen er ideell for store teblader&nbsp; Med Ancient Wisdom Glass Infuser Teapot kan kundene dine unne seg en favorittbrygg n\u00e5r som helst p\u00e5 dagen. Denne tekannen i glass er [&hellip;]<\/p>\n","protected":false},"featured_media":433441,"comment_status":"closed","ping_status":"open","template":"","meta":{"_angie_page":false},"product_brand":[],"product_cat":[8541,26716],"product_tag":[],"class_list":{"0":"post-203576","1":"product","2":"type-product","3":"status-publish","4":"has-post-thumbnail","6":"product_cat-te-og-teutstyr","7":"product_cat-tekanner-og-tekopper","8":"pa_collection-glass-infuser-teapot-no","9":"pa_made-in-kina","11":"first","12":"instock","13":"purchasable","14":"product-type-simple"},"supplier_id":null,"supplier_sku":"GTeaP-11","barcode":null,"atum_controlled":true,"out_stock_date":null,"out_stock_threshold":null,"inheritable":false,"inbound_stock":null,"stock_on_hold":0,"sold_today":0,"sales_last_days":0,"reserved_stock":null,"customer_returns":null,"warehouse_damage":null,"lost_in_post":null,"other_logs":null,"out_stock_days":0,"lost_sales":0,"has_location":null,"update_date":"2026-04-27T07:06:18","atum_locations":[],"atum_stock_status":"instock","restock_status":false,"low_stock_amount":"","sales_update_date":"2026-02-06T00:02:39","calc_backorders":null,"_links":{"self":[{"href":"https:\/\/aromasentia.com\/no\/wp-json\/wp\/v2\/product\/203576","targetHints":{"allow":["GET"]}}],"collection":[{"href":"https:\/\/aromasentia.com\/no\/wp-json\/wp\/v2\/product"}],"about":[{"href":"https:\/\/aromasentia.com\/no\/wp-json\/wp\/v2\/types\/product"}],"replies":[{"embeddable":true,"href":"https:\/\/aromasentia.com\/no\/wp-json\/wp\/v2\/comments?post=203576"}],"version-history":[{"count":0,"href":"https:\/\/aromasentia.com\/no\/wp-json\/wp\/v2\/product\/203576\/revisions"}],"wp:featuredmedia":[{"embeddable":true,"href":"https:\/\/aromasentia.com\/no\/wp-json\/wp\/v2\/media\/433441"}],"wp:attachment":[{"href":"https:\/\/aromasentia.com\/no\/wp-json\/wp\/v2\/media?parent=203576"}],"wp:term":[{"taxonomy":"product_brand","embeddable":true,"href":"https:\/\/aromasentia.com\/no\/wp-json\/wp\/v2\/product_brand?post=203576"},{"taxonomy":"product_cat","embeddable":true,"href":"https:\/\/aromasentia.com\/no\/wp-json\/wp\/v2\/product_cat?post=203576"},{"taxonomy":"product_tag","embeddable":true,"href":"https:\/\/aromasentia.com\/no\/wp-json\/wp\/v2\/product_tag?post=203576"}],"curies":[{"name":"wp","href":"https:\/\/api.w.org\/{rel}","templated":true}]}}