{"id":203573,"date":"2025-03-23T11:47:46","date_gmt":"2025-03-23T11:47:46","guid":{"rendered":"https:\/\/aromasentia.com\/product\/glass-infuser-teapot-contemporary-550ml\/"},"modified":"2025-05-31T00:03:41","modified_gmt":"2025-05-31T00:03:41","slug":"tekanne-i-glass-moderne-550ml","status":"publish","type":"product","link":"https:\/\/aromasentia.com\/no\/tekanne-i-glass-moderne-550ml\/","title":{"rendered":"Tekanne I Glass &#8211; Moderne &#8211; 550ml"},"content":{"rendered":"<p>En god kopp te er en av livets enkle gleder, s\u00e5 det b\u00f8r v\u00e6re enkelt \u00e5 brygge den. Disse elegante tekannene passer til alt fra beroligende kamille til \u00f8ye\u00e5pnende earl grey, og egner seg til alle typer l\u00f8ste teblader.&nbsp;<\/p>\n<p>Med Ancient Wisdom Glass Infuser Teapot kan kundene dine unne seg en favorittbrygg n\u00e5r som helst p\u00e5 dagen. Den ultraklare glasstekannen med infuser i rustfritt st\u00e5l inkluderer ogs\u00e5 et mikronettfilter i rustfritt st\u00e5l for l\u00f8sbladte eller blomstrende te. Denne tekannen i glass er et nydelig tilskudd til frokostbordet eller ettermiddagsserveringen. Siden urtete og alt som har med det \u00e5 gj\u00f8re er veldig trendy, er dette settet med tekanner enkelt \u00e5 vise frem i butikken og en perfekt gave, pakket i en vakker presentasjonseske, den perfekte gaven til teentusiaster.<\/p>\n<p><strong>Stilrent og moderne design &#8211; &nbsp;Infuser i rustfritt st\u00e5l &#8211; H\u00e5ndvask anbefales &#8211; Gaveeske og BPA-FRI&nbsp;<\/strong><\/p>\n<p><strong>S\u00e5 skjenk deg selv litt ekstra salg. Lager opp i dag.<\/strong><\/p>\n<p><strong>Produktst\u00f8rrelse: 8,5x11cm &nbsp;Vekt: 500g&nbsp;<\/strong><\/p>\n<p><strong>Materiale: Glass, rustfritt st\u00e5l<\/strong><\/p>\n","protected":false},"excerpt":{"rendered":"<p>En god kopp te er en av livets enkle gleder, s\u00e5 det b\u00f8r v\u00e6re enkelt \u00e5 brygge den. Disse elegante tekannene passer til alt fra beroligende kamille til \u00f8ye\u00e5pnende earl grey, og egner seg til alle typer l\u00f8ste teblader.&nbsp; Med Ancient Wisdom Glass Infuser Teapot kan kundene dine unne seg en favorittbrygg n\u00e5r som helst [&hellip;]<\/p>\n","protected":false},"featured_media":433302,"comment_status":"closed","ping_status":"open","template":"","meta":{"_angie_page":false},"product_brand":[],"product_cat":[8541,26716],"product_tag":[],"class_list":{"0":"post-203573","1":"product","2":"type-product","3":"status-publish","4":"has-post-thumbnail","6":"product_cat-te-og-teutstyr","7":"product_cat-tekanner-og-tekopper","8":"pa_collection-glass-infuser-teapot-no","9":"pa_made-in-kina","11":"first","12":"instock","13":"purchasable","14":"product-type-simple"},"supplier_id":null,"supplier_sku":"GTeaP-03","barcode":null,"atum_controlled":true,"out_stock_date":null,"out_stock_threshold":null,"inheritable":false,"inbound_stock":null,"stock_on_hold":0,"sold_today":0,"sales_last_days":0,"reserved_stock":null,"customer_returns":null,"warehouse_damage":null,"lost_in_post":null,"other_logs":null,"out_stock_days":0,"lost_sales":0,"has_location":null,"update_date":"2026-04-27T07:06:18","atum_locations":[],"atum_stock_status":"instock","restock_status":false,"low_stock_amount":"","sales_update_date":"2025-09-03T00:14:19","calc_backorders":null,"_links":{"self":[{"href":"https:\/\/aromasentia.com\/no\/wp-json\/wp\/v2\/product\/203573","targetHints":{"allow":["GET"]}}],"collection":[{"href":"https:\/\/aromasentia.com\/no\/wp-json\/wp\/v2\/product"}],"about":[{"href":"https:\/\/aromasentia.com\/no\/wp-json\/wp\/v2\/types\/product"}],"replies":[{"embeddable":true,"href":"https:\/\/aromasentia.com\/no\/wp-json\/wp\/v2\/comments?post=203573"}],"version-history":[{"count":0,"href":"https:\/\/aromasentia.com\/no\/wp-json\/wp\/v2\/product\/203573\/revisions"}],"wp:featuredmedia":[{"embeddable":true,"href":"https:\/\/aromasentia.com\/no\/wp-json\/wp\/v2\/media\/433302"}],"wp:attachment":[{"href":"https:\/\/aromasentia.com\/no\/wp-json\/wp\/v2\/media?parent=203573"}],"wp:term":[{"taxonomy":"product_brand","embeddable":true,"href":"https:\/\/aromasentia.com\/no\/wp-json\/wp\/v2\/product_brand?post=203573"},{"taxonomy":"product_cat","embeddable":true,"href":"https:\/\/aromasentia.com\/no\/wp-json\/wp\/v2\/product_cat?post=203573"},{"taxonomy":"product_tag","embeddable":true,"href":"https:\/\/aromasentia.com\/no\/wp-json\/wp\/v2\/product_tag?post=203573"}],"curies":[{"name":"wp","href":"https:\/\/api.w.org\/{rel}","templated":true}]}}