{"id":203571,"date":"2025-03-23T11:48:41","date_gmt":"2025-03-23T11:48:41","guid":{"rendered":"https:\/\/aromasentia.com\/product\/glass-infuser-teapot-with-steamer-system-charcoal-1000ml\/"},"modified":"2025-05-31T00:03:36","modified_gmt":"2025-05-31T00:03:36","slug":"tekanne-av-glass-med-dampsystem-trekull-1000ml","status":"publish","type":"product","link":"https:\/\/aromasentia.com\/no\/tekanne-av-glass-med-dampsystem-trekull-1000ml\/","title":{"rendered":"Tekanne Av Glass &#8211; med Dampsystem Trekull &#8211; 1000ml"},"content":{"rendered":"<p><strong>grossist Infuser tekanne: Te Infuser Bruksanvisning:<\/strong> Fyll tekannen: Fyll tekannen med vann, og fyll den omtrent en tredjedel full. Tilsett l\u00f8s te: Legg l\u00f8s te i den \u00f8vre delen av tekannens indre kammer. S\u00f8rg for at tebladene er jevnt fordelt, men ikke fyll for mye.&nbsp;<\/p>\n<p><strong>Sett tekannen p\u00e5 en varmeplate:&nbsp;<\/strong>Sett tekannen p\u00e5 en varmeplate og skru den p\u00e5. M\u00e5let er \u00e5 f\u00e5 vannet til \u00e5 koke.&nbsp;<\/p>\n<p><strong>Perkolasjonsprosess: <\/strong>N\u00e5r vannet varmes opp, vil det str\u00f8mme opp gjennom ledningen i det indre kammeret og f\u00f8re det ned p\u00e5 teen. Teen begynner \u00e5 sive ned og tilf\u00f8rer vannet smak.&nbsp;<\/p>\n<p><strong>Trekk teen<\/strong>: La teen trekke i \u00f8nsket tid (vanligvis 3&ndash;5 minutter, avhengig av tetype).<\/p>\n<p><strong>Server teen:<\/strong> N\u00e5r teen har trukket, tar du tekannen av kokeplaten og serverer teen. <\/p>\n<p> <strong>Servering av te:<\/strong><\/p>\n","protected":false},"excerpt":{"rendered":"<p>grossist Infuser tekanne: Te Infuser Bruksanvisning: Fyll tekannen: Fyll tekannen med vann, og fyll den omtrent en tredjedel full. Tilsett l\u00f8s te: Legg l\u00f8s te i den \u00f8vre delen av tekannens indre kammer. S\u00f8rg for at tebladene er jevnt fordelt, men ikke fyll for mye.&nbsp; Sett tekannen p\u00e5 en varmeplate:&nbsp;Sett tekannen p\u00e5 en varmeplate og [&hellip;]<\/p>\n","protected":false},"featured_media":433569,"comment_status":"closed","ping_status":"open","template":"","meta":{"_angie_page":false},"product_brand":[],"product_cat":[8541,26716],"product_tag":[],"class_list":{"0":"post-203571","1":"product","2":"type-product","3":"status-publish","4":"has-post-thumbnail","6":"product_cat-te-og-teutstyr","7":"product_cat-tekanner-og-tekopper","8":"pa_collection-glass-infuser-teapot-no","9":"pa_made-in-kina","11":"first","12":"instock","13":"purchasable","14":"product-type-simple"},"supplier_id":null,"supplier_sku":"GTeaP-14","barcode":null,"atum_controlled":true,"out_stock_date":null,"out_stock_threshold":null,"inheritable":false,"inbound_stock":null,"stock_on_hold":0,"sold_today":0,"sales_last_days":0,"reserved_stock":null,"customer_returns":null,"warehouse_damage":null,"lost_in_post":null,"other_logs":null,"out_stock_days":0,"lost_sales":0,"has_location":null,"update_date":"2026-04-27T07:06:18","atum_locations":[],"atum_stock_status":"instock","restock_status":false,"low_stock_amount":"","sales_update_date":"2026-01-20T05:14:23","calc_backorders":null,"_links":{"self":[{"href":"https:\/\/aromasentia.com\/no\/wp-json\/wp\/v2\/product\/203571","targetHints":{"allow":["GET"]}}],"collection":[{"href":"https:\/\/aromasentia.com\/no\/wp-json\/wp\/v2\/product"}],"about":[{"href":"https:\/\/aromasentia.com\/no\/wp-json\/wp\/v2\/types\/product"}],"replies":[{"embeddable":true,"href":"https:\/\/aromasentia.com\/no\/wp-json\/wp\/v2\/comments?post=203571"}],"version-history":[{"count":0,"href":"https:\/\/aromasentia.com\/no\/wp-json\/wp\/v2\/product\/203571\/revisions"}],"wp:featuredmedia":[{"embeddable":true,"href":"https:\/\/aromasentia.com\/no\/wp-json\/wp\/v2\/media\/433569"}],"wp:attachment":[{"href":"https:\/\/aromasentia.com\/no\/wp-json\/wp\/v2\/media?parent=203571"}],"wp:term":[{"taxonomy":"product_brand","embeddable":true,"href":"https:\/\/aromasentia.com\/no\/wp-json\/wp\/v2\/product_brand?post=203571"},{"taxonomy":"product_cat","embeddable":true,"href":"https:\/\/aromasentia.com\/no\/wp-json\/wp\/v2\/product_cat?post=203571"},{"taxonomy":"product_tag","embeddable":true,"href":"https:\/\/aromasentia.com\/no\/wp-json\/wp\/v2\/product_tag?post=203571"}],"curies":[{"name":"wp","href":"https:\/\/api.w.org\/{rel}","templated":true}]}}