{"id":203570,"date":"2025-03-23T11:48:41","date_gmt":"2025-03-23T11:48:41","guid":{"rendered":"https:\/\/aromasentia.com\/product\/glass-infuser-teapot-round-pearl-400ml-2\/"},"modified":"2025-05-31T00:03:34","modified_gmt":"2025-05-31T00:03:34","slug":"tekanne-av-glass-rund-perle-400ml","status":"publish","type":"product","link":"https:\/\/aromasentia.com\/no\/tekanne-av-glass-rund-perle-400ml\/","title":{"rendered":"Tekanne Av Glass &#8211; Rund Perle &#8211; 400ml"},"content":{"rendered":"<p>Brygg dine favoritt-teer i l\u00f8svekt med klassisk eleganse ved hjelp av denne 400 ml store, runde tekannen i perleglass. Den tidl\u00f8se designen og den innebygde infusjonskannen gj\u00f8r den perfekt til \u00e5 nyte en enkelt porsjon.<\/p>\n","protected":false},"excerpt":{"rendered":"<p>Brygg dine favoritt-teer i l\u00f8svekt med klassisk eleganse ved hjelp av denne 400 ml store, runde tekannen i perleglass. Den tidl\u00f8se designen og den innebygde infusjonskannen gj\u00f8r den perfekt til \u00e5 nyte en enkelt porsjon.<\/p>\n","protected":false},"featured_media":433552,"comment_status":"closed","ping_status":"open","template":"","meta":{"_angie_page":false},"product_brand":[],"product_cat":[8541,26716],"product_tag":[],"class_list":{"0":"post-203570","1":"product","2":"type-product","3":"status-publish","4":"has-post-thumbnail","6":"product_cat-te-og-teutstyr","7":"product_cat-tekanner-og-tekopper","8":"pa_collection-glass-infuser-teapot-no","9":"pa_made-in-kina","11":"first","12":"instock","13":"purchasable","14":"product-type-simple"},"supplier_id":null,"supplier_sku":"GTeaP-10","barcode":null,"atum_controlled":true,"out_stock_date":null,"out_stock_threshold":null,"inheritable":false,"inbound_stock":null,"stock_on_hold":0,"sold_today":0,"sales_last_days":0,"reserved_stock":null,"customer_returns":null,"warehouse_damage":null,"lost_in_post":null,"other_logs":null,"out_stock_days":0,"lost_sales":0,"has_location":null,"update_date":"2026-04-27T07:06:18","atum_locations":[],"atum_stock_status":"instock","restock_status":false,"low_stock_amount":"","sales_update_date":"2025-09-03T00:14:19","calc_backorders":null,"_links":{"self":[{"href":"https:\/\/aromasentia.com\/no\/wp-json\/wp\/v2\/product\/203570","targetHints":{"allow":["GET"]}}],"collection":[{"href":"https:\/\/aromasentia.com\/no\/wp-json\/wp\/v2\/product"}],"about":[{"href":"https:\/\/aromasentia.com\/no\/wp-json\/wp\/v2\/types\/product"}],"replies":[{"embeddable":true,"href":"https:\/\/aromasentia.com\/no\/wp-json\/wp\/v2\/comments?post=203570"}],"version-history":[{"count":0,"href":"https:\/\/aromasentia.com\/no\/wp-json\/wp\/v2\/product\/203570\/revisions"}],"wp:featuredmedia":[{"embeddable":true,"href":"https:\/\/aromasentia.com\/no\/wp-json\/wp\/v2\/media\/433552"}],"wp:attachment":[{"href":"https:\/\/aromasentia.com\/no\/wp-json\/wp\/v2\/media?parent=203570"}],"wp:term":[{"taxonomy":"product_brand","embeddable":true,"href":"https:\/\/aromasentia.com\/no\/wp-json\/wp\/v2\/product_brand?post=203570"},{"taxonomy":"product_cat","embeddable":true,"href":"https:\/\/aromasentia.com\/no\/wp-json\/wp\/v2\/product_cat?post=203570"},{"taxonomy":"product_tag","embeddable":true,"href":"https:\/\/aromasentia.com\/no\/wp-json\/wp\/v2\/product_tag?post=203570"}],"curies":[{"name":"wp","href":"https:\/\/api.w.org\/{rel}","templated":true}]}}