{"id":203567,"date":"2025-03-23T11:53:37","date_gmt":"2025-03-23T11:53:37","guid":{"rendered":"https:\/\/aromasentia.com\/product\/bali-dreamcatcher-medium-round-turq-pink-purp\/"},"modified":"2025-05-31T00:03:24","modified_gmt":"2025-05-31T00:03:24","slug":"bali-drommefanger-medium-rund-turkis-rosa-purp","status":"publish","type":"product","link":"https:\/\/aromasentia.com\/no\/bali-drommefanger-medium-rund-turkis-rosa-purp\/","title":{"rendered":"Bali Dr\u00f8mmefanger &#8211; Medium Rund &#8211; Turkis\/Rosa\/Purp"},"content":{"rendered":"<p>Indianere tror at natten bringer gode og d\u00e5rlige dr\u00f8mmer.<\/p>\n<p>En dr\u00f8mmefanger fanger dr\u00f8mmene n\u00e5r den henges n\u00e6r sengen din. De gode dr\u00f8mmene vet hvordan de skal passere gjennom dr\u00f8mmefangeren, mens de d\u00e5rlige dr\u00f8mmene som ikke vet veien, vikler seg inn i dr\u00f8mmefangeren og forsvinner med det f\u00f8rste lyset fra daggry.<\/p>\n<p>P\u00e5 Bali er lokalbefolkningen i sterk kontakt med \u00e5ndeverdenen og har tatt i bruk dr\u00f8mmefangeren og fornyet dens kraft.<\/p>\n<p>Denne dr\u00f8mmefangeren er laget med kj\u00e6rlighet og velsignelser. S\u00f8te dr\u00f8mmer.<\/p>\n<p>&#8211; H\u00e5ndlaget dr\u00f8mmefanger<\/p>\n<p>&#8211; Toppring 10 cm i diameter<\/p>\n<p>&#8211; Total opphengslengde ca. 30 cm<\/p>\n<p>&#8211; Leveres med et lite kort som forklarer dr\u00f8mmefangerlegenden<\/p>\n","protected":false},"excerpt":{"rendered":"<p>Indianere tror at natten bringer gode og d\u00e5rlige dr\u00f8mmer. En dr\u00f8mmefanger fanger dr\u00f8mmene n\u00e5r den henges n\u00e6r sengen din. De gode dr\u00f8mmene vet hvordan de skal passere gjennom dr\u00f8mmefangeren, mens de d\u00e5rlige dr\u00f8mmene som ikke vet veien, vikler seg inn i dr\u00f8mmefangeren og forsvinner med det f\u00f8rste lyset fra daggry. P\u00e5 Bali er lokalbefolkningen i [&hellip;]<\/p>\n","protected":false},"featured_media":434087,"comment_status":"closed","ping_status":"open","template":"","meta":[],"product_brand":[],"product_cat":[8394,8395,8374],"product_tag":[],"class_list":{"0":"post-203567","1":"product","2":"type-product","3":"status-publish","4":"has-post-thumbnail","6":"product_cat-hjem-og-hage","7":"product_cat-makrameer-og-drommefangere","8":"product_cat-vintage-gaver-og-suvenirer","9":"pa_collection-bali-dream-catcher-no","10":"pa_made-in-indonesia","12":"first","13":"instock","14":"purchasable","15":"product-type-simple"},"supplier_id":null,"supplier_sku":"BDC-08","barcode":null,"atum_controlled":true,"out_stock_date":null,"out_stock_threshold":null,"inheritable":false,"inbound_stock":null,"stock_on_hold":0,"sold_today":0,"sales_last_days":0,"reserved_stock":null,"customer_returns":null,"warehouse_damage":null,"lost_in_post":null,"other_logs":null,"out_stock_days":0,"lost_sales":0,"has_location":null,"update_date":"2026-01-30T01:26:37","atum_locations":[],"atum_stock_status":"instock","restock_status":false,"low_stock_amount":"","sales_update_date":"2026-01-30T01:26:37","calc_backorders":null,"_links":{"self":[{"href":"https:\/\/aromasentia.com\/no\/wp-json\/wp\/v2\/product\/203567","targetHints":{"allow":["GET"]}}],"collection":[{"href":"https:\/\/aromasentia.com\/no\/wp-json\/wp\/v2\/product"}],"about":[{"href":"https:\/\/aromasentia.com\/no\/wp-json\/wp\/v2\/types\/product"}],"replies":[{"embeddable":true,"href":"https:\/\/aromasentia.com\/no\/wp-json\/wp\/v2\/comments?post=203567"}],"version-history":[{"count":0,"href":"https:\/\/aromasentia.com\/no\/wp-json\/wp\/v2\/product\/203567\/revisions"}],"wp:featuredmedia":[{"embeddable":true,"href":"https:\/\/aromasentia.com\/no\/wp-json\/wp\/v2\/media\/434087"}],"wp:attachment":[{"href":"https:\/\/aromasentia.com\/no\/wp-json\/wp\/v2\/media?parent=203567"}],"wp:term":[{"taxonomy":"product_brand","embeddable":true,"href":"https:\/\/aromasentia.com\/no\/wp-json\/wp\/v2\/product_brand?post=203567"},{"taxonomy":"product_cat","embeddable":true,"href":"https:\/\/aromasentia.com\/no\/wp-json\/wp\/v2\/product_cat?post=203567"},{"taxonomy":"product_tag","embeddable":true,"href":"https:\/\/aromasentia.com\/no\/wp-json\/wp\/v2\/product_tag?post=203567"}],"curies":[{"name":"wp","href":"https:\/\/api.w.org\/{rel}","templated":true}]}}