{"id":203566,"date":"2025-03-23T11:53:37","date_gmt":"2025-03-23T11:53:37","guid":{"rendered":"https:\/\/aromasentia.com\/product\/bali-dreamcatcher-medium-round-black-white-red\/"},"modified":"2025-05-31T00:03:14","modified_gmt":"2025-05-31T00:03:14","slug":"bali-drommefanger-medium-rund-svart-hvit-rod","status":"publish","type":"product","link":"https:\/\/aromasentia.com\/no\/bali-drommefanger-medium-rund-svart-hvit-rod\/","title":{"rendered":"Bali Dr\u00f8mmefanger &#8211; Medium Rund &#8211; Svart\/Hvit\/R\u00f8d"},"content":{"rendered":"<p>Indianerne tror at natten bringer med seg gode og onde dr\u00f8mmer.<br \/>\n<br \/>\nDr\u00f8mmefangeren henger i n\u00e6rheten av sengen din og fanger dr\u00f8mmene. De gode dr\u00f8mmene vet hvordan de skal passere gjennom dr\u00f8mmefangeren, mens de onde dr\u00f8mmene som ikke vet veien, vikler seg inn i dr\u00f8mmefangeren og g\u00e5r til grunne i morgengryets f\u00f8rste lys.<br \/>\n<br \/>\nP\u00e5 Bali er lokalbefolkningen i kontakt med \u00e5ndeverdenen og har tatt dr\u00f8mmefangeren i bruk og fornyet dens kraft.<br \/>\n<br \/>\nDenne dr\u00f8mmefangeren er laget med kj\u00e6rlighet og velsignelser. Dr\u00f8m s\u00f8tt.<br \/>\n<br \/><b><br \/>\n&#8211; H\u00e5ndlaget dr\u00f8mmefanger<br \/>\n&#8211; Toppring 10 cm i diameter<br \/>\n&#8211; Total hengende lengde ca. 30 cm<\/p>\n<p>&#8211; Leveres med et lite kort som forklarer legenden om dr\u00f8mmefangeren<br \/><\/b><\/p>\n","protected":false},"excerpt":{"rendered":"<p>Indianerne tror at natten bringer med seg gode og onde dr\u00f8mmer. Dr\u00f8mmefangeren henger i n\u00e6rheten av sengen din og fanger dr\u00f8mmene. De gode dr\u00f8mmene vet hvordan de skal passere gjennom dr\u00f8mmefangeren, mens de onde dr\u00f8mmene som ikke vet veien, vikler seg inn i dr\u00f8mmefangeren og g\u00e5r til grunne i morgengryets f\u00f8rste lys. P\u00e5 Bali er [&hellip;]<\/p>\n","protected":false},"featured_media":434054,"comment_status":"closed","ping_status":"open","template":"","meta":[],"product_brand":[],"product_cat":[8394,8395,8374],"product_tag":[],"class_list":{"0":"post-203566","1":"product","2":"type-product","3":"status-publish","4":"has-post-thumbnail","6":"product_cat-hjem-og-hage","7":"product_cat-makrameer-og-drommefangere","8":"product_cat-vintage-gaver-og-suvenirer","9":"pa_collection-bali-dream-catcher-no","10":"pa_made-in-indonesia","12":"first","13":"instock","14":"purchasable","15":"product-type-simple"},"supplier_id":null,"supplier_sku":"BDC-07","barcode":null,"atum_controlled":true,"out_stock_date":null,"out_stock_threshold":null,"inheritable":false,"inbound_stock":null,"stock_on_hold":0,"sold_today":0,"sales_last_days":0,"reserved_stock":null,"customer_returns":null,"warehouse_damage":null,"lost_in_post":null,"other_logs":null,"out_stock_days":0,"lost_sales":0,"has_location":null,"update_date":"2026-01-27T11:39:42","atum_locations":[],"atum_stock_status":"instock","restock_status":false,"low_stock_amount":"","sales_update_date":"2026-01-20T05:13:57","calc_backorders":null,"_links":{"self":[{"href":"https:\/\/aromasentia.com\/no\/wp-json\/wp\/v2\/product\/203566","targetHints":{"allow":["GET"]}}],"collection":[{"href":"https:\/\/aromasentia.com\/no\/wp-json\/wp\/v2\/product"}],"about":[{"href":"https:\/\/aromasentia.com\/no\/wp-json\/wp\/v2\/types\/product"}],"replies":[{"embeddable":true,"href":"https:\/\/aromasentia.com\/no\/wp-json\/wp\/v2\/comments?post=203566"}],"version-history":[{"count":0,"href":"https:\/\/aromasentia.com\/no\/wp-json\/wp\/v2\/product\/203566\/revisions"}],"wp:featuredmedia":[{"embeddable":true,"href":"https:\/\/aromasentia.com\/no\/wp-json\/wp\/v2\/media\/434054"}],"wp:attachment":[{"href":"https:\/\/aromasentia.com\/no\/wp-json\/wp\/v2\/media?parent=203566"}],"wp:term":[{"taxonomy":"product_brand","embeddable":true,"href":"https:\/\/aromasentia.com\/no\/wp-json\/wp\/v2\/product_brand?post=203566"},{"taxonomy":"product_cat","embeddable":true,"href":"https:\/\/aromasentia.com\/no\/wp-json\/wp\/v2\/product_cat?post=203566"},{"taxonomy":"product_tag","embeddable":true,"href":"https:\/\/aromasentia.com\/no\/wp-json\/wp\/v2\/product_tag?post=203566"}],"curies":[{"name":"wp","href":"https:\/\/api.w.org\/{rel}","templated":true}]}}