{"id":203560,"date":"2025-03-23T11:53:37","date_gmt":"2025-03-23T11:53:37","guid":{"rendered":"https:\/\/aromasentia.com\/product\/bali-dreamcatcher-small-heart-black-white-red\/"},"modified":"2025-05-31T00:02:58","modified_gmt":"2025-05-31T00:02:58","slug":"bali-drommefanger-lite-hjerte-svart-hvit-rod","status":"publish","type":"product","link":"https:\/\/aromasentia.com\/no\/bali-drommefanger-lite-hjerte-svart-hvit-rod\/","title":{"rendered":"Bali Dr\u00f8mmefanger &#8211; Lite Hjerte &#8211; Svart\/Hvit\/R\u00f8d"},"content":{"rendered":"<p>Denne h\u00e5ndlagde dr\u00f8mmefangeren har et 6,5 cm trehjerte h\u00e5ndpakket i svart, hvit og r\u00f8d semsket snor, etterfulgt av seks 7 cm lange fj\u00e6r i samme farge hengt p\u00e5 semsket snorer. Hjertet har snorer i samme farge med en liten perle i midten.<\/p>\n<p>&#8211; H\u00e5ndlaget dr\u00f8mmefanger<\/p>\n<p>&#8211; Toppring 6,5 cm i diameter<\/p>\n<p>&#8211; Total opphengslengde ca. 22 cm<\/p>\n<p>&#8211; Leveres med et lite kort som forklarer dr\u00f8mmefangerens legende<\/p>\n<p>Denne dr\u00f8mmefangeren er laget med kj\u00e6rlighet og velsignelser. Sov godt.<\/p>\n","protected":false},"excerpt":{"rendered":"<p>Denne h\u00e5ndlagde dr\u00f8mmefangeren har et 6,5 cm trehjerte h\u00e5ndpakket i svart, hvit og r\u00f8d semsket snor, etterfulgt av seks 7 cm lange fj\u00e6r i samme farge hengt p\u00e5 semsket snorer. Hjertet har snorer i samme farge med en liten perle i midten. &#8211; H\u00e5ndlaget dr\u00f8mmefanger &#8211; Toppring 6,5 cm i diameter &#8211; Total opphengslengde ca. [&hellip;]<\/p>\n","protected":false},"featured_media":433856,"comment_status":"closed","ping_status":"open","template":"","meta":[],"product_brand":[],"product_cat":[8394,8395,8374],"product_tag":[],"class_list":{"0":"post-203560","1":"product","2":"type-product","3":"status-publish","4":"has-post-thumbnail","6":"product_cat-hjem-og-hage","7":"product_cat-makrameer-og-drommefangere","8":"product_cat-vintage-gaver-og-suvenirer","9":"pa_collection-bali-dream-catcher-no","10":"pa_made-in-indonesia","12":"first","13":"instock","14":"purchasable","15":"product-type-simple"},"supplier_id":null,"supplier_sku":"BDC-01","barcode":null,"atum_controlled":true,"out_stock_date":null,"out_stock_threshold":null,"inheritable":false,"inbound_stock":null,"stock_on_hold":0,"sold_today":0,"sales_last_days":0,"reserved_stock":null,"customer_returns":null,"warehouse_damage":null,"lost_in_post":null,"other_logs":null,"out_stock_days":0,"lost_sales":0,"has_location":null,"update_date":"2026-01-30T08:28:06","atum_locations":[],"atum_stock_status":"instock","restock_status":false,"low_stock_amount":"","sales_update_date":"2026-01-30T01:24:54","calc_backorders":null,"_links":{"self":[{"href":"https:\/\/aromasentia.com\/no\/wp-json\/wp\/v2\/product\/203560","targetHints":{"allow":["GET"]}}],"collection":[{"href":"https:\/\/aromasentia.com\/no\/wp-json\/wp\/v2\/product"}],"about":[{"href":"https:\/\/aromasentia.com\/no\/wp-json\/wp\/v2\/types\/product"}],"replies":[{"embeddable":true,"href":"https:\/\/aromasentia.com\/no\/wp-json\/wp\/v2\/comments?post=203560"}],"version-history":[{"count":0,"href":"https:\/\/aromasentia.com\/no\/wp-json\/wp\/v2\/product\/203560\/revisions"}],"wp:featuredmedia":[{"embeddable":true,"href":"https:\/\/aromasentia.com\/no\/wp-json\/wp\/v2\/media\/433856"}],"wp:attachment":[{"href":"https:\/\/aromasentia.com\/no\/wp-json\/wp\/v2\/media?parent=203560"}],"wp:term":[{"taxonomy":"product_brand","embeddable":true,"href":"https:\/\/aromasentia.com\/no\/wp-json\/wp\/v2\/product_brand?post=203560"},{"taxonomy":"product_cat","embeddable":true,"href":"https:\/\/aromasentia.com\/no\/wp-json\/wp\/v2\/product_cat?post=203560"},{"taxonomy":"product_tag","embeddable":true,"href":"https:\/\/aromasentia.com\/no\/wp-json\/wp\/v2\/product_tag?post=203560"}],"curies":[{"name":"wp","href":"https:\/\/api.w.org\/{rel}","templated":true}]}}