{"id":203555,"date":"2025-03-23T11:53:37","date_gmt":"2025-03-23T11:53:37","guid":{"rendered":"https:\/\/aromasentia.com\/product\/hand-crafted-angel-wing-30cm\/"},"modified":"2025-05-31T00:02:44","modified_gmt":"2025-05-31T00:02:44","slug":"handlaget-englevinge-30-cm","status":"publish","type":"product","link":"https:\/\/aromasentia.com\/no\/handlaget-englevinge-30-cm\/","title":{"rendered":"H\u00e5ndlaget Englevinge &#8211; 30 cm"},"content":{"rendered":"<p>Englevinger i vintage-stil med fj\u00e6rtre, h\u00e5ndsk\u00e5ret av b\u00e6rekraftig albesia-tre og hvitvasket finish. Hver dekorasjon er h\u00e5ndlaget, noe som gir hvert stykke sin egen unike karakter.<\/p>\n<p>Disse pene englevingene er en fin gave eller hjemmedekorasjon, og ser pene ut hengende p\u00e5 en vegg eller d\u00f8r, eller til og med st\u00e5ende p\u00e5 en hylle. De er ogs\u00e5 en enda bedre gave, spesielt til d\u00e5p og bryllup.<\/p>\n","protected":false},"excerpt":{"rendered":"<p>Englevinger i vintage-stil med fj\u00e6rtre, h\u00e5ndsk\u00e5ret av b\u00e6rekraftig albesia-tre og hvitvasket finish. Hver dekorasjon er h\u00e5ndlaget, noe som gir hvert stykke sin egen unike karakter. Disse pene englevingene er en fin gave eller hjemmedekorasjon, og ser pene ut hengende p\u00e5 en vegg eller d\u00f8r, eller til og med st\u00e5ende p\u00e5 en hylle. De er ogs\u00e5 [&hellip;]<\/p>\n","protected":false},"featured_media":433611,"comment_status":"closed","ping_status":"open","template":"","meta":{"_angie_page":false},"product_brand":[],"product_cat":[8466,8374],"product_tag":[],"class_list":{"0":"post-203555","1":"product","2":"type-product","3":"status-publish","4":"has-post-thumbnail","6":"product_cat-samlefigurer","7":"product_cat-vintage-gaver-og-suvenirer","8":"pa_collection-hand-crafted-angel-wings-no","9":"pa_made-in-indonesia","11":"first","12":"instock","13":"purchasable","14":"product-type-simple"},"supplier_id":8144,"supplier_sku":"AWL-01","barcode":null,"atum_controlled":true,"out_stock_date":null,"out_stock_threshold":null,"inheritable":false,"inbound_stock":null,"stock_on_hold":0,"sold_today":0,"sales_last_days":0,"reserved_stock":null,"customer_returns":null,"warehouse_damage":null,"lost_in_post":null,"other_logs":null,"out_stock_days":0,"lost_sales":0,"has_location":null,"update_date":"2026-04-27T06:52:28","atum_locations":[],"atum_stock_status":"instock","restock_status":false,"low_stock_amount":"","sales_update_date":"2026-01-30T01:26:12","calc_backorders":null,"_links":{"self":[{"href":"https:\/\/aromasentia.com\/no\/wp-json\/wp\/v2\/product\/203555","targetHints":{"allow":["GET"]}}],"collection":[{"href":"https:\/\/aromasentia.com\/no\/wp-json\/wp\/v2\/product"}],"about":[{"href":"https:\/\/aromasentia.com\/no\/wp-json\/wp\/v2\/types\/product"}],"replies":[{"embeddable":true,"href":"https:\/\/aromasentia.com\/no\/wp-json\/wp\/v2\/comments?post=203555"}],"version-history":[{"count":0,"href":"https:\/\/aromasentia.com\/no\/wp-json\/wp\/v2\/product\/203555\/revisions"}],"wp:featuredmedia":[{"embeddable":true,"href":"https:\/\/aromasentia.com\/no\/wp-json\/wp\/v2\/media\/433611"}],"wp:attachment":[{"href":"https:\/\/aromasentia.com\/no\/wp-json\/wp\/v2\/media?parent=203555"}],"wp:term":[{"taxonomy":"product_brand","embeddable":true,"href":"https:\/\/aromasentia.com\/no\/wp-json\/wp\/v2\/product_brand?post=203555"},{"taxonomy":"product_cat","embeddable":true,"href":"https:\/\/aromasentia.com\/no\/wp-json\/wp\/v2\/product_cat?post=203555"},{"taxonomy":"product_tag","embeddable":true,"href":"https:\/\/aromasentia.com\/no\/wp-json\/wp\/v2\/product_tag?post=203555"}],"curies":[{"name":"wp","href":"https:\/\/api.w.org\/{rel}","templated":true}]}}