{"id":203552,"date":"2025-03-23T11:55:38","date_gmt":"2025-03-23T11:55:38","guid":{"rendered":"https:\/\/aromasentia.com\/product\/set-of-3-family-of-yoga-monkeys-asst-sizes\/"},"modified":"2025-05-31T00:02:37","modified_gmt":"2025-05-31T00:02:37","slug":"familie-av-yogaaper-i-forskjellige-storrelser-3stk","status":"publish","type":"product","link":"https:\/\/aromasentia.com\/no\/familie-av-yogaaper-i-forskjellige-storrelser-3stk\/","title":{"rendered":"Familie Av Yogaaper (I Forskjellige St\u00f8rrelser) 3Stk."},"content":{"rendered":"<p>Gi kundenes hjem glede og lykke med disse vakre messingapene. De er ogs\u00e5 et i\u00f8ynefallende og eksotisk utstillingsobjekt i butikken din.<\/p>\n<p>De n\u00f8ytrale fargetonene vil passe godt til enhver eksisterende boliginnredning, og tilf\u00f8rer ro og ro til interi\u00f8r- eller eksteri\u00f8rdesignet. Klassisk og enkel \u00e5 selge.<\/p>\n<ul style=\"padding: 0px; color: rgb(114, 114, 114); font-family: Ubuntu, sans-serif; font-size: 16px; font-style: normal; font-variant-ligatures: normal; font-variant-caps: normal; font-weight: 400; letter-spacing: normal; orphans: 2; text-align: start; text-indent: 0px; text-transform: none; white-space: normal; widows: 2; word-spacing: 0px; -webkit-text-stroke-width: 0px; text-decoration-thickness: initial; text-decoration-style: initial; text-decoration-color: initial; background-color: rgb(255, 255, 255);\">\n<li>H\u00e5ndlaget produkt<\/li>\n<li>Materiale: Messing<\/li>\n<li>Vakkert uttrykk stykke.<\/li>\n<\/ul>\n<p>St\u00f8rrelse p\u00e5 buddhaer<\/p>\n<p>Stor &#8211; 6 cm<\/p>\n<p>Medium &#8211; 5,5 cm<\/p>\n<p>Liten &#8211; 5 cm<\/p>\n","protected":false},"excerpt":{"rendered":"<p>Gi kundenes hjem glede og lykke med disse vakre messingapene. De er ogs\u00e5 et i\u00f8ynefallende og eksotisk utstillingsobjekt i butikken din. De n\u00f8ytrale fargetonene vil passe godt til enhver eksisterende boliginnredning, og tilf\u00f8rer ro og ro til interi\u00f8r- eller eksteri\u00f8rdesignet. Klassisk og enkel \u00e5 selge. H\u00e5ndlaget produkt Materiale: Messing Vakkert uttrykk stykke. St\u00f8rrelse p\u00e5 buddhaer [&hellip;]<\/p>\n","protected":false},"featured_media":434588,"comment_status":"closed","ping_status":"open","template":"","meta":[],"product_brand":[],"product_cat":[8373,8374],"product_tag":[],"class_list":{"0":"post-203552","1":"product","2":"type-product","3":"status-publish","4":"has-post-thumbnail","6":"product_cat-feng-shui-og-tibetansk-kolleksjon","7":"product_cat-vintage-gaver-og-suvenirer","8":"pa_collection-brass-fengshui-objects-no","9":"pa_made-in-indonesia","11":"first","12":"instock","13":"purchasable","14":"product-type-simple"},"supplier_id":null,"supplier_sku":"BFF-21","barcode":null,"atum_controlled":true,"out_stock_date":null,"out_stock_threshold":null,"inheritable":false,"inbound_stock":null,"stock_on_hold":0,"sold_today":0,"sales_last_days":0,"reserved_stock":null,"customer_returns":null,"warehouse_damage":null,"lost_in_post":null,"other_logs":null,"out_stock_days":0,"lost_sales":0,"has_location":null,"update_date":"2026-02-11T08:28:47","atum_locations":[],"atum_stock_status":"instock","restock_status":false,"low_stock_amount":"","sales_update_date":"2026-01-30T01:26:24","calc_backorders":null,"_links":{"self":[{"href":"https:\/\/aromasentia.com\/no\/wp-json\/wp\/v2\/product\/203552","targetHints":{"allow":["GET"]}}],"collection":[{"href":"https:\/\/aromasentia.com\/no\/wp-json\/wp\/v2\/product"}],"about":[{"href":"https:\/\/aromasentia.com\/no\/wp-json\/wp\/v2\/types\/product"}],"replies":[{"embeddable":true,"href":"https:\/\/aromasentia.com\/no\/wp-json\/wp\/v2\/comments?post=203552"}],"version-history":[{"count":0,"href":"https:\/\/aromasentia.com\/no\/wp-json\/wp\/v2\/product\/203552\/revisions"}],"wp:featuredmedia":[{"embeddable":true,"href":"https:\/\/aromasentia.com\/no\/wp-json\/wp\/v2\/media\/434588"}],"wp:attachment":[{"href":"https:\/\/aromasentia.com\/no\/wp-json\/wp\/v2\/media?parent=203552"}],"wp:term":[{"taxonomy":"product_brand","embeddable":true,"href":"https:\/\/aromasentia.com\/no\/wp-json\/wp\/v2\/product_brand?post=203552"},{"taxonomy":"product_cat","embeddable":true,"href":"https:\/\/aromasentia.com\/no\/wp-json\/wp\/v2\/product_cat?post=203552"},{"taxonomy":"product_tag","embeddable":true,"href":"https:\/\/aromasentia.com\/no\/wp-json\/wp\/v2\/product_tag?post=203552"}],"curies":[{"name":"wp","href":"https:\/\/api.w.org\/{rel}","templated":true}]}}