{"id":203549,"date":"2025-03-23T11:55:38","date_gmt":"2025-03-23T11:55:38","guid":{"rendered":"https:\/\/aromasentia.com\/product\/bali-dreamcatchers-large-multi-teardrop\/"},"modified":"2025-05-31T00:02:22","modified_gmt":"2025-05-31T00:02:22","slug":"bali-drommefangere-large-multi-teardrop","status":"publish","type":"product","link":"https:\/\/aromasentia.com\/no\/bali-drommefangere-large-multi-teardrop\/","title":{"rendered":"Bali Dr\u00f8mmefangere &#8211; Large Multi Teardrop"},"content":{"rendered":"<p>Aroma Sentia-ping Dr\u00f8mmefangere. Sannsynligvis den beste kvaliteten og verdien p\u00e5 markedet.<\/p>\n<p>Familieprodusert for AW p\u00e5 Bali, levert direkte til deg. Pakket med en liten infolapp, laget av kvalitetsmaterialer, selger disse raskt med et godt skue. Ikke forveksle med billigere versjoner.<\/p>\n<p>Indianere tror at natten bringer gode og d\u00e5rlige dr\u00f8mmer. Dr\u00f8mmefangeren fanger dr\u00f8mmene n\u00e5r den henges i n\u00e6rheten av sengen din. De gode dr\u00f8mmene vet hvordan de skal passere gjennom dr\u00f8mmefangeren, mens de d\u00e5rlige dr\u00f8mmene som ikke vet veien, vikler seg inn i dr\u00f8mmefangeren og forsvinner med det f\u00f8rste daggry.<\/p>\n<p>P\u00e5 Bali er lokalbefolkningen i god kontakt med \u00e5ndeverdenen og har tatt i bruk dr\u00f8mmefangeren og fornyet dens kraft. Denne dr\u00f8mmefangeren er laget med kj\u00e6rlighet og velsignelser.<\/p>\n<p>S\u00f8te dr\u00f8mmer.<\/p>\n<p><strong>Dr\u00f8mmefangerst\u00f8rrelser:<\/strong> H: 50 cm B: 2 cm L: 40 cm<\/p>\n<p><strong>Rammest\u00f8rrelser: <\/strong> 30 x 40 cm Fj\u00e6rst\u00f8rrelser 15 cm<\/p>\n","protected":false},"excerpt":{"rendered":"<p>Aroma Sentia-ping Dr\u00f8mmefangere. Sannsynligvis den beste kvaliteten og verdien p\u00e5 markedet. Familieprodusert for AW p\u00e5 Bali, levert direkte til deg. Pakket med en liten infolapp, laget av kvalitetsmaterialer, selger disse raskt med et godt skue. Ikke forveksle med billigere versjoner. Indianere tror at natten bringer gode og d\u00e5rlige dr\u00f8mmer. Dr\u00f8mmefangeren fanger dr\u00f8mmene n\u00e5r den henges [&hellip;]<\/p>\n","protected":false},"featured_media":434457,"comment_status":"closed","ping_status":"open","template":"","meta":[],"product_brand":[],"product_cat":[8394,8395,8374],"product_tag":[],"class_list":{"0":"post-203549","1":"product","2":"type-product","3":"status-publish","4":"has-post-thumbnail","6":"product_cat-hjem-og-hage","7":"product_cat-makrameer-og-drommefangere","8":"product_cat-vintage-gaver-og-suvenirer","9":"pa_collection-bali-dream-catcher-no","10":"pa_made-in-indonesia","12":"first","13":"instock","14":"purchasable","15":"product-type-simple"},"supplier_id":null,"supplier_sku":"BDC-18","barcode":null,"atum_controlled":true,"out_stock_date":null,"out_stock_threshold":null,"inheritable":false,"inbound_stock":null,"stock_on_hold":0,"sold_today":0,"sales_last_days":0,"reserved_stock":null,"customer_returns":null,"warehouse_damage":null,"lost_in_post":null,"other_logs":null,"out_stock_days":0,"lost_sales":0,"has_location":null,"update_date":"2026-02-06T00:02:14","atum_locations":[],"atum_stock_status":"instock","restock_status":false,"low_stock_amount":"","sales_update_date":"2026-02-06T00:02:14","calc_backorders":null,"_links":{"self":[{"href":"https:\/\/aromasentia.com\/no\/wp-json\/wp\/v2\/product\/203549","targetHints":{"allow":["GET"]}}],"collection":[{"href":"https:\/\/aromasentia.com\/no\/wp-json\/wp\/v2\/product"}],"about":[{"href":"https:\/\/aromasentia.com\/no\/wp-json\/wp\/v2\/types\/product"}],"replies":[{"embeddable":true,"href":"https:\/\/aromasentia.com\/no\/wp-json\/wp\/v2\/comments?post=203549"}],"version-history":[{"count":0,"href":"https:\/\/aromasentia.com\/no\/wp-json\/wp\/v2\/product\/203549\/revisions"}],"wp:featuredmedia":[{"embeddable":true,"href":"https:\/\/aromasentia.com\/no\/wp-json\/wp\/v2\/media\/434457"}],"wp:attachment":[{"href":"https:\/\/aromasentia.com\/no\/wp-json\/wp\/v2\/media?parent=203549"}],"wp:term":[{"taxonomy":"product_brand","embeddable":true,"href":"https:\/\/aromasentia.com\/no\/wp-json\/wp\/v2\/product_brand?post=203549"},{"taxonomy":"product_cat","embeddable":true,"href":"https:\/\/aromasentia.com\/no\/wp-json\/wp\/v2\/product_cat?post=203549"},{"taxonomy":"product_tag","embeddable":true,"href":"https:\/\/aromasentia.com\/no\/wp-json\/wp\/v2\/product_tag?post=203549"}],"curies":[{"name":"wp","href":"https:\/\/api.w.org\/{rel}","templated":true}]}}