{"id":203540,"date":"2025-03-23T11:57:20","date_gmt":"2025-03-23T11:57:20","guid":{"rendered":"https:\/\/aromasentia.com\/product\/vintage-brass-skull-med\/"},"modified":"2025-05-31T00:01:47","modified_gmt":"2025-05-31T00:01:47","slug":"vintage-messinghodeskalle-med","status":"publish","type":"product","link":"https:\/\/aromasentia.com\/no\/vintage-messinghodeskalle-med\/","title":{"rendered":"Vintage Messinghodeskalle &#8211; Med"},"content":{"rendered":"<p>Vintage Messinghodeskalle &#8211; MedBring glede og lykke til hjemmet\/spaet eller et hellig sted med disse vakre messingfengshuiene i gammel visdom. De lager et i\u00f8ynefallende og eksotisk preg i hjemmet ditt. Disse \u00f8stinspirerte ornamentene skildrer tradisjonell fengshui i et elegant design. Messingfengshui vil garantert spre en f\u00f8lelse av fred og ro i hjemmet ditt, og de subtile, n\u00f8ytrale fargetonene vil passe godt til enhver eksisterende hjemmeinnredning, og tilf\u00f8re ro og ro til interi\u00f8r- eller eksteri\u00f8rdesignet.<\/p>\n<p>\u2b50 H\u00e5ndlaget element<\/p>\n<p>\u2b50 Materiale: Messing<\/p>\n<p>\u2b50 Vakkert blikkfang<\/p>\n<p><strong>La oss innse det? Legg meg til, s\u00e5 bringer jeg deg lykke.<\/strong><\/p>\n<p><\/p>\n<p><\/p>\n","protected":false},"excerpt":{"rendered":"<p>Vintage Messinghodeskalle &#8211; MedBring glede og lykke til hjemmet\/spaet eller et hellig sted med disse vakre messingfengshuiene i gammel visdom. De lager et i\u00f8ynefallende og eksotisk preg i hjemmet ditt. Disse \u00f8stinspirerte ornamentene skildrer tradisjonell fengshui i et elegant design. Messingfengshui vil garantert spre en f\u00f8lelse av fred og ro i hjemmet ditt, og de [&hellip;]<\/p>\n","protected":false},"featured_media":434756,"comment_status":"closed","ping_status":"open","template":"","meta":[],"product_brand":[],"product_cat":[8373,8374],"product_tag":[],"class_list":{"0":"post-203540","1":"product","2":"type-product","3":"status-publish","4":"has-post-thumbnail","6":"product_cat-feng-shui-og-tibetansk-kolleksjon","7":"product_cat-vintage-gaver-og-suvenirer","8":"pa_collection-brass-fengshui-objects-no","9":"pa_made-in-indonesia","11":"first","12":"instock","13":"purchasable","14":"product-type-simple"},"supplier_id":null,"supplier_sku":"BFF-09","barcode":null,"atum_controlled":true,"out_stock_date":null,"out_stock_threshold":null,"inheritable":false,"inbound_stock":null,"stock_on_hold":0,"sold_today":0,"sales_last_days":0,"reserved_stock":null,"customer_returns":null,"warehouse_damage":null,"lost_in_post":null,"other_logs":null,"out_stock_days":0,"lost_sales":0,"has_location":null,"update_date":"2026-01-30T01:25:42","atum_locations":[],"atum_stock_status":"instock","restock_status":false,"low_stock_amount":"","sales_update_date":"2026-01-30T01:25:42","calc_backorders":null,"_links":{"self":[{"href":"https:\/\/aromasentia.com\/no\/wp-json\/wp\/v2\/product\/203540","targetHints":{"allow":["GET"]}}],"collection":[{"href":"https:\/\/aromasentia.com\/no\/wp-json\/wp\/v2\/product"}],"about":[{"href":"https:\/\/aromasentia.com\/no\/wp-json\/wp\/v2\/types\/product"}],"replies":[{"embeddable":true,"href":"https:\/\/aromasentia.com\/no\/wp-json\/wp\/v2\/comments?post=203540"}],"version-history":[{"count":0,"href":"https:\/\/aromasentia.com\/no\/wp-json\/wp\/v2\/product\/203540\/revisions"}],"wp:featuredmedia":[{"embeddable":true,"href":"https:\/\/aromasentia.com\/no\/wp-json\/wp\/v2\/media\/434756"}],"wp:attachment":[{"href":"https:\/\/aromasentia.com\/no\/wp-json\/wp\/v2\/media?parent=203540"}],"wp:term":[{"taxonomy":"product_brand","embeddable":true,"href":"https:\/\/aromasentia.com\/no\/wp-json\/wp\/v2\/product_brand?post=203540"},{"taxonomy":"product_cat","embeddable":true,"href":"https:\/\/aromasentia.com\/no\/wp-json\/wp\/v2\/product_cat?post=203540"},{"taxonomy":"product_tag","embeddable":true,"href":"https:\/\/aromasentia.com\/no\/wp-json\/wp\/v2\/product_tag?post=203540"}],"curies":[{"name":"wp","href":"https:\/\/api.w.org\/{rel}","templated":true}]}}