{"id":203538,"date":"2025-03-23T11:57:20","date_gmt":"2025-03-23T11:57:20","guid":{"rendered":"https:\/\/aromasentia.com\/product\/fengshui-small-dragon-with-ball-20cm\/"},"modified":"2025-05-31T00:01:41","modified_gmt":"2025-05-31T00:01:41","slug":"fengshui-drage-med-ball-20-cm-liten","status":"publish","type":"product","link":"https:\/\/aromasentia.com\/no\/fengshui-drage-med-ball-20-cm-liten\/","title":{"rendered":"Fengshui &#8211; Drage med Ball &#8211; 20 cm Liten"},"content":{"rendered":"<p><strong>Fengshui &#8211; Liten drage med ball &#8211; 20 cm<\/strong><\/p>\n<p>Fengshui &#8211; Stor drage med ball &#8211; 20 cm. Bring glede og lykke til hjemmet\/spaet eller et hellig sted med disse vakre Aroma Sentia-fengshuiene i messing. De skaper et i\u00f8ynefallende og eksotisk preg i hjemmet ditt. Disse \u00f8stinspirerte ornamentene skildrer tradisjonell Fengshui i et elegant design. Messingfengshui vil garantert spre en f\u00f8lelse av fred og ro i hjemmet ditt, og de subtile, n\u00f8ytrale fargetonene vil passe godt til enhver eksisterende hjemmeinnredning, og tilf\u00f8re ro og ro til interi\u00f8r- eller eksteri\u00f8rdesignet.<\/p>\n<p>\u2b50 H\u00e5ndlaget element<\/p>\n<p>\u2b50Materiale: Messing<\/p>\n<p>\u2b50Vakkert blikkfang&nbsp;<\/p>\n<p><strong>La oss innse det? Legg meg til, s\u00e5 skal jeg bringe deg lykke.<\/strong><\/p>\n<p><\/p>\n","protected":false},"excerpt":{"rendered":"<p>Fengshui &#8211; Liten drage med ball &#8211; 20 cm Fengshui &#8211; Stor drage med ball &#8211; 20 cm. Bring glede og lykke til hjemmet\/spaet eller et hellig sted med disse vakre Aroma Sentia-fengshuiene i messing. De skaper et i\u00f8ynefallende og eksotisk preg i hjemmet ditt. Disse \u00f8stinspirerte ornamentene skildrer tradisjonell Fengshui i et elegant design. [&hellip;]<\/p>\n","protected":false},"featured_media":434706,"comment_status":"closed","ping_status":"open","template":"","meta":{"_angie_page":false},"product_brand":[],"product_cat":[8373,8374],"product_tag":[],"class_list":{"0":"post-203538","1":"product","2":"type-product","3":"status-publish","4":"has-post-thumbnail","6":"product_cat-feng-shui-og-tibetansk-kolleksjon","7":"product_cat-vintage-gaver-og-suvenirer","8":"pa_collection-brass-fengshui-objects-no","9":"pa_made-in-indonesia","11":"first","12":"outofstock","13":"purchasable","14":"product-type-simple"},"supplier_id":null,"supplier_sku":"BFF-07","barcode":null,"atum_controlled":true,"out_stock_date":"2025-09-04 21:45:54","out_stock_threshold":null,"inheritable":false,"inbound_stock":null,"stock_on_hold":0,"sold_today":0,"sales_last_days":0,"reserved_stock":null,"customer_returns":null,"warehouse_damage":null,"lost_in_post":null,"other_logs":null,"out_stock_days":34,"lost_sales":0,"has_location":null,"update_date":"2026-04-30T06:45:29","atum_locations":[],"atum_stock_status":"outofstock","restock_status":false,"low_stock_amount":"","sales_update_date":"2025-10-09T03:26:23","calc_backorders":null,"_links":{"self":[{"href":"https:\/\/aromasentia.com\/no\/wp-json\/wp\/v2\/product\/203538","targetHints":{"allow":["GET"]}}],"collection":[{"href":"https:\/\/aromasentia.com\/no\/wp-json\/wp\/v2\/product"}],"about":[{"href":"https:\/\/aromasentia.com\/no\/wp-json\/wp\/v2\/types\/product"}],"replies":[{"embeddable":true,"href":"https:\/\/aromasentia.com\/no\/wp-json\/wp\/v2\/comments?post=203538"}],"version-history":[{"count":0,"href":"https:\/\/aromasentia.com\/no\/wp-json\/wp\/v2\/product\/203538\/revisions"}],"wp:featuredmedia":[{"embeddable":true,"href":"https:\/\/aromasentia.com\/no\/wp-json\/wp\/v2\/media\/434706"}],"wp:attachment":[{"href":"https:\/\/aromasentia.com\/no\/wp-json\/wp\/v2\/media?parent=203538"}],"wp:term":[{"taxonomy":"product_brand","embeddable":true,"href":"https:\/\/aromasentia.com\/no\/wp-json\/wp\/v2\/product_brand?post=203538"},{"taxonomy":"product_cat","embeddable":true,"href":"https:\/\/aromasentia.com\/no\/wp-json\/wp\/v2\/product_cat?post=203538"},{"taxonomy":"product_tag","embeddable":true,"href":"https:\/\/aromasentia.com\/no\/wp-json\/wp\/v2\/product_tag?post=203538"}],"curies":[{"name":"wp","href":"https:\/\/api.w.org\/{rel}","templated":true}]}}