{"id":203533,"date":"2025-03-23T11:58:30","date_gmt":"2025-03-23T11:58:30","guid":{"rendered":"https:\/\/aromasentia.com\/product\/4x-block-print-cotton-bound-notebooks-7x10cm-assorted\/"},"modified":"2025-05-31T00:01:26","modified_gmt":"2025-05-31T00:01:26","slug":"4x-notisboker-med-blokkprint-i-bomullsbind-7x10-cm-assortert","status":"publish","type":"product","link":"https:\/\/aromasentia.com\/no\/4x-notisboker-med-blokkprint-i-bomullsbind-7x10-cm-assortert\/","title":{"rendered":"4x Notisb\u00f8ker med Blokkprint I Bomullsbind 7&#215;10 cm &#8211; Assortert"},"content":{"rendered":"<p><span style=\"color: rgb(75, 80, 88);\">Oppdag sjarmen og b\u00e6rekraften til v\u00e5re bomullsbundne notatb\u00f8ker, perfekte for \u00e5 notere ned tanker og inspirasjon p\u00e5 farten.<\/span><\/p>\n<p><span style=\"color: rgb(75, 80, 88);\">De er laget av 100 % resirkulert h\u00e5ndlaget papir og h\u00e5ndlaget med indisk h\u00e5ndtrykket stoff.<\/span><\/p>\n<p><span style=\"color: rgb(75, 80, 88);\">Settet inneholder 4 notatbokdesign:<\/span><\/p>\n<p><span style=\"color: rgb(41, 105, 176);\"><strong>Indigofisk<\/strong><\/span><\/p>\n<p><span style=\"color: rgb(84, 172, 210);\"><strong>Bl\u00e5gr\u00f8nne elefanter<\/strong><\/span><\/p>\n<p><span style=\"color: rgb(0, 0, 0);\"><strong>Svarte prikker og Streker<\/strong><\/span><\/p>\n<p><span style=\"color: rgb(184, 49, 47);\"><strong>Roser<\/strong><\/span><\/p>\n<p><span style=\"color: rgb(75, 80, 88);\"><strong>Enkle 96 ulinjerte sider gir en smidig skriveopplevelse.<\/strong><\/span><\/p>\n<p><span style=\"color: rgb(75, 80, 88);\"><strong>Ideell for gavebutikker, verksteder, bokhandlere, butikker eller kunstleverand\u00f8rer, den kan ogs\u00e5 v\u00e6re en flott gave til ansatte eller kunder.<\/strong><\/span><\/p>\n<p><span style=\"color: rgb(75, 80, 88);\"><strong>M\u00e5l:<\/strong><\/span><\/p>\n<p><span style=\"color: rgb(75, 80, 88);\">7x10cm<\/span><\/p>\n","protected":false},"excerpt":{"rendered":"<p>Oppdag sjarmen og b\u00e6rekraften til v\u00e5re bomullsbundne notatb\u00f8ker, perfekte for \u00e5 notere ned tanker og inspirasjon p\u00e5 farten. De er laget av 100 % resirkulert h\u00e5ndlaget papir og h\u00e5ndlaget med indisk h\u00e5ndtrykket stoff. Settet inneholder 4 notatbokdesign: Indigofisk Bl\u00e5gr\u00f8nne elefanter Svarte prikker og Streker Roser Enkle 96 ulinjerte sider gir en smidig skriveopplevelse. Ideell for [&hellip;]<\/p>\n","protected":false},"featured_media":434988,"comment_status":"closed","ping_status":"open","template":"","meta":{"_angie_page":false},"product_brand":[],"product_cat":[8379,8374],"product_tag":[],"class_list":{"0":"post-203533","1":"product","2":"type-product","3":"status-publish","4":"has-post-thumbnail","6":"product_cat-notatboker","7":"product_cat-vintage-gaver-og-suvenirer","8":"pa_collection-cotton-bound-notebooks-no","9":"pa_made-in-india","11":"first","12":"instock","13":"purchasable","14":"product-type-simple"},"supplier_id":null,"supplier_sku":"CBN-02","barcode":null,"atum_controlled":true,"out_stock_date":null,"out_stock_threshold":null,"inheritable":false,"inbound_stock":null,"stock_on_hold":0,"sold_today":0,"sales_last_days":0,"reserved_stock":null,"customer_returns":null,"warehouse_damage":null,"lost_in_post":null,"other_logs":null,"out_stock_days":0,"lost_sales":0,"has_location":null,"update_date":"2026-04-27T06:56:03","atum_locations":[],"atum_stock_status":"instock","restock_status":false,"low_stock_amount":"","sales_update_date":"2026-01-30T01:24:56","calc_backorders":null,"_links":{"self":[{"href":"https:\/\/aromasentia.com\/no\/wp-json\/wp\/v2\/product\/203533","targetHints":{"allow":["GET"]}}],"collection":[{"href":"https:\/\/aromasentia.com\/no\/wp-json\/wp\/v2\/product"}],"about":[{"href":"https:\/\/aromasentia.com\/no\/wp-json\/wp\/v2\/types\/product"}],"replies":[{"embeddable":true,"href":"https:\/\/aromasentia.com\/no\/wp-json\/wp\/v2\/comments?post=203533"}],"version-history":[{"count":0,"href":"https:\/\/aromasentia.com\/no\/wp-json\/wp\/v2\/product\/203533\/revisions"}],"wp:featuredmedia":[{"embeddable":true,"href":"https:\/\/aromasentia.com\/no\/wp-json\/wp\/v2\/media\/434988"}],"wp:attachment":[{"href":"https:\/\/aromasentia.com\/no\/wp-json\/wp\/v2\/media?parent=203533"}],"wp:term":[{"taxonomy":"product_brand","embeddable":true,"href":"https:\/\/aromasentia.com\/no\/wp-json\/wp\/v2\/product_brand?post=203533"},{"taxonomy":"product_cat","embeddable":true,"href":"https:\/\/aromasentia.com\/no\/wp-json\/wp\/v2\/product_cat?post=203533"},{"taxonomy":"product_tag","embeddable":true,"href":"https:\/\/aromasentia.com\/no\/wp-json\/wp\/v2\/product_tag?post=203533"}],"curies":[{"name":"wp","href":"https:\/\/api.w.org\/{rel}","templated":true}]}}