{"id":203530,"date":"2025-03-23T11:58:30","date_gmt":"2025-03-23T11:58:30","guid":{"rendered":"https:\/\/aromasentia.com\/product\/large-art-elephant-candle-incense-holder\/"},"modified":"2025-05-31T00:01:19","modified_gmt":"2025-05-31T00:01:19","slug":"kunstelefant-lys-rokelsesholder-stor","status":"publish","type":"product","link":"https:\/\/aromasentia.com\/no\/kunstelefant-lys-rokelsesholder-stor\/","title":{"rendered":"Kunstelefant Lys-\/R\u00f8kelsesholder Stor"},"content":{"rendered":"<p>Gj\u00f8r inntrykk med denne store, kunstneriske elefantfiguren som fungerer b\u00e5de som lys- og r\u00f8kelsesholder. Den intrikate designen og den store st\u00f8rrelsen gj\u00f8r den til et fengslende fokuspunkt i innredningen.<\/p>\n","protected":false},"excerpt":{"rendered":"<p>Gj\u00f8r inntrykk med denne store, kunstneriske elefantfiguren som fungerer b\u00e5de som lys- og r\u00f8kelsesholder. Den intrikate designen og den store st\u00f8rrelsen gj\u00f8r den til et fengslende fokuspunkt i innredningen.<\/p>\n","protected":false},"featured_media":434881,"comment_status":"closed","ping_status":"open","template":"","meta":[],"product_brand":[],"product_cat":[8373,8374],"product_tag":[],"class_list":{"0":"post-203530","1":"product","2":"type-product","3":"status-publish","4":"has-post-thumbnail","6":"product_cat-feng-shui-og-tibetansk-kolleksjon","7":"product_cat-vintage-gaver-og-suvenirer","8":"pa_collection-brass-fengshui-objects-no","9":"pa_made-in-indonesia","11":"first","12":"instock","13":"purchasable","14":"product-type-simple"},"supplier_id":null,"supplier_sku":"BFF-30","barcode":null,"atum_controlled":true,"out_stock_date":null,"out_stock_threshold":null,"inheritable":false,"inbound_stock":null,"stock_on_hold":0,"sold_today":0,"sales_last_days":0,"reserved_stock":null,"customer_returns":null,"warehouse_damage":null,"lost_in_post":null,"other_logs":null,"out_stock_days":0,"lost_sales":0,"has_location":null,"update_date":"2026-01-30T01:26:37","atum_locations":[],"atum_stock_status":"instock","restock_status":false,"low_stock_amount":"","sales_update_date":"2026-01-30T01:26:37","calc_backorders":null,"_links":{"self":[{"href":"https:\/\/aromasentia.com\/no\/wp-json\/wp\/v2\/product\/203530","targetHints":{"allow":["GET"]}}],"collection":[{"href":"https:\/\/aromasentia.com\/no\/wp-json\/wp\/v2\/product"}],"about":[{"href":"https:\/\/aromasentia.com\/no\/wp-json\/wp\/v2\/types\/product"}],"replies":[{"embeddable":true,"href":"https:\/\/aromasentia.com\/no\/wp-json\/wp\/v2\/comments?post=203530"}],"version-history":[{"count":0,"href":"https:\/\/aromasentia.com\/no\/wp-json\/wp\/v2\/product\/203530\/revisions"}],"wp:featuredmedia":[{"embeddable":true,"href":"https:\/\/aromasentia.com\/no\/wp-json\/wp\/v2\/media\/434881"}],"wp:attachment":[{"href":"https:\/\/aromasentia.com\/no\/wp-json\/wp\/v2\/media?parent=203530"}],"wp:term":[{"taxonomy":"product_brand","embeddable":true,"href":"https:\/\/aromasentia.com\/no\/wp-json\/wp\/v2\/product_brand?post=203530"},{"taxonomy":"product_cat","embeddable":true,"href":"https:\/\/aromasentia.com\/no\/wp-json\/wp\/v2\/product_cat?post=203530"},{"taxonomy":"product_tag","embeddable":true,"href":"https:\/\/aromasentia.com\/no\/wp-json\/wp\/v2\/product_tag?post=203530"}],"curies":[{"name":"wp","href":"https:\/\/api.w.org\/{rel}","templated":true}]}}