{"id":203529,"date":"2025-03-23T11:58:30","date_gmt":"2025-03-23T11:58:30","guid":{"rendered":"https:\/\/aromasentia.com\/product\/big-goat-head-knocker\/"},"modified":"2025-05-31T00:01:15","modified_gmt":"2025-05-31T00:01:15","slug":"geitehodeknocker-stor","status":"publish","type":"product","link":"https:\/\/aromasentia.com\/no\/geitehodeknocker-stor\/","title":{"rendered":"Geitehodeknocker Stor"},"content":{"rendered":"<p>Tilf\u00f8r d\u00f8ren din et snev av rustikk sjarm og karakter med denne store geitehodeklokkeren. Dette unike m\u00f8belet er utformet med intrikate detaljer og vil garantert gj\u00f8re et minneverdig f\u00f8rsteinntrykk.<\/p>\n","protected":false},"excerpt":{"rendered":"<p>Tilf\u00f8r d\u00f8ren din et snev av rustikk sjarm og karakter med denne store geitehodeklokkeren. Dette unike m\u00f8belet er utformet med intrikate detaljer og vil garantert gj\u00f8re et minneverdig f\u00f8rsteinntrykk.<\/p>\n","protected":false},"featured_media":434856,"comment_status":"closed","ping_status":"open","template":"","meta":[],"product_brand":[],"product_cat":[8373,8374],"product_tag":[],"class_list":{"0":"post-203529","1":"product","2":"type-product","3":"status-publish","4":"has-post-thumbnail","6":"product_cat-feng-shui-og-tibetansk-kolleksjon","7":"product_cat-vintage-gaver-og-suvenirer","8":"pa_collection-brass-fengshui-objects-no","9":"pa_made-in-indonesia","11":"first","12":"instock","13":"purchasable","14":"product-type-simple"},"supplier_id":null,"supplier_sku":"BFF-29","barcode":null,"atum_controlled":true,"out_stock_date":null,"out_stock_threshold":null,"inheritable":false,"inbound_stock":null,"stock_on_hold":0,"sold_today":0,"sales_last_days":0,"reserved_stock":null,"customer_returns":null,"warehouse_damage":null,"lost_in_post":null,"other_logs":null,"out_stock_days":0,"lost_sales":0,"has_location":null,"update_date":"2026-01-30T01:25:23","atum_locations":[],"atum_stock_status":"instock","restock_status":false,"low_stock_amount":"","sales_update_date":"2026-01-30T01:25:23","calc_backorders":null,"_links":{"self":[{"href":"https:\/\/aromasentia.com\/no\/wp-json\/wp\/v2\/product\/203529","targetHints":{"allow":["GET"]}}],"collection":[{"href":"https:\/\/aromasentia.com\/no\/wp-json\/wp\/v2\/product"}],"about":[{"href":"https:\/\/aromasentia.com\/no\/wp-json\/wp\/v2\/types\/product"}],"replies":[{"embeddable":true,"href":"https:\/\/aromasentia.com\/no\/wp-json\/wp\/v2\/comments?post=203529"}],"version-history":[{"count":0,"href":"https:\/\/aromasentia.com\/no\/wp-json\/wp\/v2\/product\/203529\/revisions"}],"wp:featuredmedia":[{"embeddable":true,"href":"https:\/\/aromasentia.com\/no\/wp-json\/wp\/v2\/media\/434856"}],"wp:attachment":[{"href":"https:\/\/aromasentia.com\/no\/wp-json\/wp\/v2\/media?parent=203529"}],"wp:term":[{"taxonomy":"product_brand","embeddable":true,"href":"https:\/\/aromasentia.com\/no\/wp-json\/wp\/v2\/product_brand?post=203529"},{"taxonomy":"product_cat","embeddable":true,"href":"https:\/\/aromasentia.com\/no\/wp-json\/wp\/v2\/product_cat?post=203529"},{"taxonomy":"product_tag","embeddable":true,"href":"https:\/\/aromasentia.com\/no\/wp-json\/wp\/v2\/product_tag?post=203529"}],"curies":[{"name":"wp","href":"https:\/\/api.w.org\/{rel}","templated":true}]}}