{"id":203521,"date":"2025-03-23T11:59:32","date_gmt":"2025-03-23T11:59:32","guid":{"rendered":"https:\/\/aromasentia.com\/product\/medium-ceramic-glazed-wood-box-15x10x6cm-concrete\/"},"modified":"2025-05-31T00:00:46","modified_gmt":"2025-05-31T00:00:46","slug":"keramisk-glassert-trekasse-15x10x6cm-betong","status":"publish","type":"product","link":"https:\/\/aromasentia.com\/no\/keramisk-glassert-trekasse-15x10x6cm-betong\/","title":{"rendered":"Keramisk Glassert Trekasse &#8211; 15x10x6cm &#8211; Betong"},"content":{"rendered":"<p><span style=\"color: rgb(75, 80, 88);\">Utforsk v\u00e5r fantastiske kolleksjon av <strong>keramiske glaserte trebokser<\/strong>, h\u00e5ndlaget i det fortryllende Nord-India, laget av mangotre.<\/span><\/p>\n<p><span style=\"color: rgb(75, 80, 88);\">Slipp l\u00f8s den urbane sjarmen til v\u00e5r <strong>betongboks<\/strong>. Den keramiske glasuren gir et snev av raffinement til den robuste trestrukturen, og skaper en moderne oppbevaringsl\u00f8sning. &nbsp;<br \/><\/span><\/p>\n<p><span style=\"color: rgb(75, 80, 88);\">Du kan lokke kunder med den perfekte blandingen av funksjonalitet og himmelsk eleganse, noe som gj\u00f8r denne esken til et uimotst\u00e5elig tillegg til enhver utstilling.<\/span><\/p>\n<p><span style=\"color: rgb(75, 80, 88);\"><strong>Skap en smart eske og fyll opp hamstret i dag.<\/strong><\/span><\/p>\n<p><span style=\"color: rgb(75, 80, 88);\"><strong>M\u00e5l<\/strong>: <em>15x10x6cm<\/em><\/span><\/p>\n","protected":false},"excerpt":{"rendered":"<p>Utforsk v\u00e5r fantastiske kolleksjon av keramiske glaserte trebokser, h\u00e5ndlaget i det fortryllende Nord-India, laget av mangotre. Slipp l\u00f8s den urbane sjarmen til v\u00e5r betongboks. Den keramiske glasuren gir et snev av raffinement til den robuste trestrukturen, og skaper en moderne oppbevaringsl\u00f8sning. &nbsp; Du kan lokke kunder med den perfekte blandingen av funksjonalitet og himmelsk eleganse, [&hellip;]<\/p>\n","protected":false},"featured_media":435151,"comment_status":"closed","ping_status":"open","template":"","meta":{"_angie_page":false},"product_brand":[],"product_cat":[8386,8385],"product_tag":[],"class_list":{"0":"post-203521","1":"product","2":"type-product","3":"status-publish","4":"has-post-thumbnail","6":"product_cat-gave-bokser-og-gaveoppbevaring","7":"product_cat-gaveinnpakning","8":"pa_collection-ceramic-glazed-wooden-boxes-no","9":"pa_made-in-india","11":"first","12":"instock","13":"purchasable","14":"product-type-simple"},"supplier_id":null,"supplier_sku":"CGIBox-04","barcode":null,"atum_controlled":true,"out_stock_date":null,"out_stock_threshold":null,"inheritable":false,"inbound_stock":null,"stock_on_hold":0,"sold_today":0,"sales_last_days":0,"reserved_stock":null,"customer_returns":null,"warehouse_damage":null,"lost_in_post":null,"other_logs":null,"out_stock_days":0,"lost_sales":0,"has_location":null,"update_date":"2026-05-08T05:06:08","atum_locations":[],"atum_stock_status":"instock","restock_status":false,"low_stock_amount":"","sales_update_date":"2026-01-30T01:25:23","calc_backorders":null,"_links":{"self":[{"href":"https:\/\/aromasentia.com\/no\/wp-json\/wp\/v2\/product\/203521","targetHints":{"allow":["GET"]}}],"collection":[{"href":"https:\/\/aromasentia.com\/no\/wp-json\/wp\/v2\/product"}],"about":[{"href":"https:\/\/aromasentia.com\/no\/wp-json\/wp\/v2\/types\/product"}],"replies":[{"embeddable":true,"href":"https:\/\/aromasentia.com\/no\/wp-json\/wp\/v2\/comments?post=203521"}],"version-history":[{"count":0,"href":"https:\/\/aromasentia.com\/no\/wp-json\/wp\/v2\/product\/203521\/revisions"}],"wp:featuredmedia":[{"embeddable":true,"href":"https:\/\/aromasentia.com\/no\/wp-json\/wp\/v2\/media\/435151"}],"wp:attachment":[{"href":"https:\/\/aromasentia.com\/no\/wp-json\/wp\/v2\/media?parent=203521"}],"wp:term":[{"taxonomy":"product_brand","embeddable":true,"href":"https:\/\/aromasentia.com\/no\/wp-json\/wp\/v2\/product_brand?post=203521"},{"taxonomy":"product_cat","embeddable":true,"href":"https:\/\/aromasentia.com\/no\/wp-json\/wp\/v2\/product_cat?post=203521"},{"taxonomy":"product_tag","embeddable":true,"href":"https:\/\/aromasentia.com\/no\/wp-json\/wp\/v2\/product_tag?post=203521"}],"curies":[{"name":"wp","href":"https:\/\/api.w.org\/{rel}","templated":true}]}}