{"id":203519,"date":"2025-03-23T11:59:32","date_gmt":"2025-03-23T11:59:32","guid":{"rendered":"https:\/\/aromasentia.com\/product\/medium-ceramic-glazed-wood-box-15x10x6cm-trad-pattern\/"},"modified":"2025-05-31T00:00:40","modified_gmt":"2025-05-31T00:00:40","slug":"keramisk-glassert-trekasse-15x10x6cm-trad-monster","status":"publish","type":"product","link":"https:\/\/aromasentia.com\/no\/keramisk-glassert-trekasse-15x10x6cm-trad-monster\/","title":{"rendered":"Keramisk Glassert Trekasse &#8211; 15x10x6cm &#8211; Trad-M\u00f8nster"},"content":{"rendered":"<p><span style=\"color: rgb(75, 80, 88);\">Utforsk v\u00e5r fantastiske kolleksjon av <strong>keramiske, glaserte trebokser<\/strong>, h\u00e5ndlaget i det fortryllende Nord-India, laget av mangotre.<\/span><\/p>\n<p><span style=\"color: rgb(75, 80, 88);\">Tradisjon m\u00f8ter moderne stil i v\u00e5r<strong>&nbsp;tradisjonelle m\u00f8nstrede boks<\/strong>. Den keramiske glasuren fremhever de intrikate m\u00f8nstrene p\u00e5 en vakker m\u00e5te, og viser frem den s\u00f8ml\u00f8se fusjonen av arv og moderne estetikk.<\/span> <\/p>\n<p><span style=\"color: rgb(75, 80, 88);\">Du kan lokke kunder med den perfekte blandingen av funksjonalitet og himmelsk eleganse, noe som gj\u00f8r denne esken til et uimotst\u00e5elig tillegg til enhver utstilling.<\/span><\/p>\n<p><span style=\"color: rgb(75, 80, 88);\"><strong>Skap en smart eske og fyll opp hamstret i dag.<\/strong><\/span><\/p>\n<p><span style=\"color: rgb(75, 80, 88);\"><strong>M\u00e5l<\/strong>: <em>15x10x6cm<\/em><\/span><\/p>\n","protected":false},"excerpt":{"rendered":"<p>Utforsk v\u00e5r fantastiske kolleksjon av keramiske, glaserte trebokser, h\u00e5ndlaget i det fortryllende Nord-India, laget av mangotre. Tradisjon m\u00f8ter moderne stil i v\u00e5r&nbsp;tradisjonelle m\u00f8nstrede boks. Den keramiske glasuren fremhever de intrikate m\u00f8nstrene p\u00e5 en vakker m\u00e5te, og viser frem den s\u00f8ml\u00f8se fusjonen av arv og moderne estetikk. Du kan lokke kunder med den perfekte blandingen av [&hellip;]<\/p>\n","protected":false},"featured_media":435109,"comment_status":"closed","ping_status":"open","template":"","meta":{"_angie_page":false},"product_brand":[],"product_cat":[8386,8385],"product_tag":[],"class_list":{"0":"post-203519","1":"product","2":"type-product","3":"status-publish","4":"has-post-thumbnail","6":"product_cat-gave-bokser-og-gaveoppbevaring","7":"product_cat-gaveinnpakning","8":"pa_collection-ceramic-glazed-wooden-boxes-no","9":"pa_made-in-india","11":"first","12":"instock","13":"purchasable","14":"product-type-simple"},"supplier_id":null,"supplier_sku":"CGIBox-02","barcode":null,"atum_controlled":true,"out_stock_date":null,"out_stock_threshold":null,"inheritable":false,"inbound_stock":null,"stock_on_hold":0,"sold_today":0,"sales_last_days":0,"reserved_stock":null,"customer_returns":null,"warehouse_damage":null,"lost_in_post":null,"other_logs":null,"out_stock_days":34,"lost_sales":0,"has_location":null,"update_date":"2026-05-08T05:06:08","atum_locations":[],"atum_stock_status":"instock","restock_status":false,"low_stock_amount":"","sales_update_date":"2025-10-09T03:27:35","calc_backorders":null,"_links":{"self":[{"href":"https:\/\/aromasentia.com\/no\/wp-json\/wp\/v2\/product\/203519","targetHints":{"allow":["GET"]}}],"collection":[{"href":"https:\/\/aromasentia.com\/no\/wp-json\/wp\/v2\/product"}],"about":[{"href":"https:\/\/aromasentia.com\/no\/wp-json\/wp\/v2\/types\/product"}],"replies":[{"embeddable":true,"href":"https:\/\/aromasentia.com\/no\/wp-json\/wp\/v2\/comments?post=203519"}],"version-history":[{"count":0,"href":"https:\/\/aromasentia.com\/no\/wp-json\/wp\/v2\/product\/203519\/revisions"}],"wp:featuredmedia":[{"embeddable":true,"href":"https:\/\/aromasentia.com\/no\/wp-json\/wp\/v2\/media\/435109"}],"wp:attachment":[{"href":"https:\/\/aromasentia.com\/no\/wp-json\/wp\/v2\/media?parent=203519"}],"wp:term":[{"taxonomy":"product_brand","embeddable":true,"href":"https:\/\/aromasentia.com\/no\/wp-json\/wp\/v2\/product_brand?post=203519"},{"taxonomy":"product_cat","embeddable":true,"href":"https:\/\/aromasentia.com\/no\/wp-json\/wp\/v2\/product_cat?post=203519"},{"taxonomy":"product_tag","embeddable":true,"href":"https:\/\/aromasentia.com\/no\/wp-json\/wp\/v2\/product_tag?post=203519"}],"curies":[{"name":"wp","href":"https:\/\/api.w.org\/{rel}","templated":true}]}}