{"id":203516,"date":"2025-03-23T11:59:32","date_gmt":"2025-03-23T11:59:32","guid":{"rendered":"https:\/\/aromasentia.com\/product\/cotton-bound-notebooks-20x15cm-96-pages-burgundy-floral\/"},"modified":"2025-05-31T00:00:32","modified_gmt":"2025-05-31T00:00:32","slug":"notatbok-med-bomullsbind-20x15cm-96-sider-burgunderblomstret","status":"publish","type":"product","link":"https:\/\/aromasentia.com\/no\/notatbok-med-bomullsbind-20x15cm-96-sider-burgunderblomstret\/","title":{"rendered":"Notatbok med Bomullsbind 20x15cm &#8211; 96 Sider &#8211; Burgunderblomstret"},"content":{"rendered":"<p>Begeistrer kundene dine med denne sofistikerte kolleksjonen av <strong>Bourgogne blomsterinnbundne notatb\u00f8ker i bomull<\/strong>! Hver notatbok har et unikt og i\u00f8ynefallende blomsterm\u00f8nster i rike burgunderfarger som utstr\u00e5ler tidl\u00f8s eleganse og kreativt potensial. Det myke omslaget er laget av <strong>bomull av h\u00f8y kvalitet med matt finish<\/strong>, noe som gir en luksuri\u00f8s f\u00f8lelse og subtil tekstur.<\/p>\n<p>Med <strong>96 sider<\/strong> papir av h\u00f8y kvalitet gir denne dagboken nok plass til <strong>omfattende skriving, detaljerte tegninger eller alt fantasien begj\u00e6rer<\/strong>. Enten det er studenter som skriver essays, kunstnere som tar bilder av stilleben eller travle fagfolk som noterer notater og ideer, er denne notatboken den perfekte plattformen for deres arbeid.<\/p>\n<p>Med m\u00e5lene <strong>20 x 15 cm<\/strong> har denne dagboken den ideelle balansen mellom romslighet og portabilitet. Den er stor nok til \u00e5 skrive mye eller lage detaljerte kunstverk, men samtidig kompakt nok til \u00e5 <strong>b\u00e6res med letthet i ryggsekken, vesken eller h\u00e5ndvesken<\/strong>. Dette gj\u00f8r det mulig for brukerne \u00e5 fange opp ideer og inspirasjon uansett hvor de dukker opp.<\/p>\n<p><strong>Perfekt gave<\/strong> til alle som liker \u00e5 skrive, f\u00f8re dagbok eller uttrykke seg kreativt.<\/p>\n<p><span style=\"color: rgb(184, 49, 47);\">Lager opp Burgundy Floral Cotton Bound Notebook i dag og se salget blomstre!<\/p>\n","protected":false},"excerpt":{"rendered":"<p>Begeistrer kundene dine med denne sofistikerte kolleksjonen av Bourgogne blomsterinnbundne notatb\u00f8ker i bomull! Hver notatbok har et unikt og i\u00f8ynefallende blomsterm\u00f8nster i rike burgunderfarger som utstr\u00e5ler tidl\u00f8s eleganse og kreativt potensial. Det myke omslaget er laget av bomull av h\u00f8y kvalitet med matt finish, noe som gir en luksuri\u00f8s f\u00f8lelse og subtil tekstur. Med 96 [&hellip;]<\/p>\n","protected":false},"featured_media":435074,"comment_status":"closed","ping_status":"open","template":"","meta":[],"product_brand":[],"product_cat":[8379,8374],"product_tag":[],"class_list":{"0":"post-203516","1":"product","2":"type-product","3":"status-publish","4":"has-post-thumbnail","6":"product_cat-notatboker","7":"product_cat-vintage-gaver-og-suvenirer","8":"pa_collection-cotton-bound-notebooks-no","9":"pa_made-in-india","11":"first","12":"instock","13":"purchasable","14":"product-type-simple"},"supplier_id":null,"supplier_sku":"CBN-08","barcode":null,"atum_controlled":true,"out_stock_date":null,"out_stock_threshold":null,"inheritable":false,"inbound_stock":null,"stock_on_hold":0,"sold_today":0,"sales_last_days":0,"reserved_stock":null,"customer_returns":null,"warehouse_damage":null,"lost_in_post":null,"other_logs":null,"out_stock_days":0,"lost_sales":0,"has_location":null,"update_date":"2026-02-02T11:17:24","atum_locations":[],"atum_stock_status":"instock","restock_status":false,"low_stock_amount":"","sales_update_date":"2025-10-09T03:27:17","calc_backorders":null,"_links":{"self":[{"href":"https:\/\/aromasentia.com\/no\/wp-json\/wp\/v2\/product\/203516","targetHints":{"allow":["GET"]}}],"collection":[{"href":"https:\/\/aromasentia.com\/no\/wp-json\/wp\/v2\/product"}],"about":[{"href":"https:\/\/aromasentia.com\/no\/wp-json\/wp\/v2\/types\/product"}],"replies":[{"embeddable":true,"href":"https:\/\/aromasentia.com\/no\/wp-json\/wp\/v2\/comments?post=203516"}],"version-history":[{"count":0,"href":"https:\/\/aromasentia.com\/no\/wp-json\/wp\/v2\/product\/203516\/revisions"}],"wp:featuredmedia":[{"embeddable":true,"href":"https:\/\/aromasentia.com\/no\/wp-json\/wp\/v2\/media\/435074"}],"wp:attachment":[{"href":"https:\/\/aromasentia.com\/no\/wp-json\/wp\/v2\/media?parent=203516"}],"wp:term":[{"taxonomy":"product_brand","embeddable":true,"href":"https:\/\/aromasentia.com\/no\/wp-json\/wp\/v2\/product_brand?post=203516"},{"taxonomy":"product_cat","embeddable":true,"href":"https:\/\/aromasentia.com\/no\/wp-json\/wp\/v2\/product_cat?post=203516"},{"taxonomy":"product_tag","embeddable":true,"href":"https:\/\/aromasentia.com\/no\/wp-json\/wp\/v2\/product_tag?post=203516"}],"curies":[{"name":"wp","href":"https:\/\/api.w.org\/{rel}","templated":true}]}}