{"id":203513,"date":"2025-03-23T11:59:32","date_gmt":"2025-03-23T11:59:32","guid":{"rendered":"https:\/\/aromasentia.com\/product\/cotton-bound-notebooks-20x15cm-96-pages-teal-elephants\/"},"modified":"2025-05-31T00:00:22","modified_gmt":"2025-05-31T00:00:22","slug":"notatbok-med-bomullsbind-20x15cm-96-sider-teal-elephants","status":"publish","type":"product","link":"https:\/\/aromasentia.com\/no\/notatbok-med-bomullsbind-20x15cm-96-sider-teal-elephants\/","title":{"rendered":"Notatbok med Bomullsbind 20x15cm &#8211; 96 Sider &#8211; Teal Elephants"},"content":{"rendered":"<p>Stimuler fantasien og eventyrlysten med <strong>Wholesale Cotton Bound Notebook &#8211; Teal Elephants<\/strong>. Denne fengslende notatboken har en majestetisk elefant p\u00e5 det bl\u00e5gr\u00f8nne omslaget, som symboliserer <strong>visdom, styrke og lykke<\/strong> i mange kulturer.<\/p>\n<p>Med <strong>96 sider<\/strong> papir av h\u00f8y kvalitet gir denne dagboken nok plass til at studenter kan ta omfattende notater, forfattere kan skrive historier, kunstnere kan tegne fantasifulle skapninger, og hvem som helst kan skrive ned tanker, dr\u00f8mmer og eventyr.<\/p>\n<p>Med m\u00e5lene <strong>20 x 15 cm<\/strong> har denne dagboken den ideelle balansen mellom romslighet og b\u00e6rbarhet. Den er stor nok til \u00e5 skrive mye eller tegne detaljerte kunstverk, men samtidig <strong>kompakt nok til at den lett kan b\u00e6res i ryggsekken, vesken eller h\u00e5ndvesken<\/strong>. Dette gj\u00f8r det mulig for brukerne \u00e5 fange opp ideer og inspirasjon uansett hvor de dukker opp.<\/p>\n<p><strong>Perfekt gave<\/strong> til alle som liker \u00e5 skrive dagbok, brainstorme ideer eller dokumentere sine opplevelser. Det majestetiske elefantomslaget kan fungere som en daglig p\u00e5minnelse om ens egen indre styrke og kraften i \u00e5 utforske.<\/p>\n<p><span style=\"color: rgb(44, 130, 201);\">Lager opp den bomullsbundne notatboken med bl\u00e5gr\u00f8nne elefanter i dag og legg ut p\u00e5 et salgseventyr!<\/span> <\/p>\n","protected":false},"excerpt":{"rendered":"<p>Stimuler fantasien og eventyrlysten med Wholesale Cotton Bound Notebook &#8211; Teal Elephants. Denne fengslende notatboken har en majestetisk elefant p\u00e5 det bl\u00e5gr\u00f8nne omslaget, som symboliserer visdom, styrke og lykke i mange kulturer. Med 96 sider papir av h\u00f8y kvalitet gir denne dagboken nok plass til at studenter kan ta omfattende notater, forfattere kan skrive historier, [&hellip;]<\/p>\n","protected":false},"featured_media":435039,"comment_status":"closed","ping_status":"open","template":"","meta":{"_angie_page":false},"product_brand":[],"product_cat":[8379,8374],"product_tag":[],"class_list":{"0":"post-203513","1":"product","2":"type-product","3":"status-publish","4":"has-post-thumbnail","6":"product_cat-notatboker","7":"product_cat-vintage-gaver-og-suvenirer","8":"pa_collection-cotton-bound-notebooks-no","9":"pa_made-in-india","11":"first","12":"instock","13":"purchasable","14":"product-type-simple"},"supplier_id":null,"supplier_sku":"CBN-05","barcode":null,"atum_controlled":true,"out_stock_date":null,"out_stock_threshold":null,"inheritable":false,"inbound_stock":null,"stock_on_hold":0,"sold_today":0,"sales_last_days":0,"reserved_stock":null,"customer_returns":null,"warehouse_damage":null,"lost_in_post":null,"other_logs":null,"out_stock_days":0,"lost_sales":0,"has_location":null,"update_date":"2026-04-27T06:56:03","atum_locations":[],"atum_stock_status":"instock","restock_status":false,"low_stock_amount":"","sales_update_date":"2026-01-30T01:25:59","calc_backorders":null,"_links":{"self":[{"href":"https:\/\/aromasentia.com\/no\/wp-json\/wp\/v2\/product\/203513","targetHints":{"allow":["GET"]}}],"collection":[{"href":"https:\/\/aromasentia.com\/no\/wp-json\/wp\/v2\/product"}],"about":[{"href":"https:\/\/aromasentia.com\/no\/wp-json\/wp\/v2\/types\/product"}],"replies":[{"embeddable":true,"href":"https:\/\/aromasentia.com\/no\/wp-json\/wp\/v2\/comments?post=203513"}],"version-history":[{"count":0,"href":"https:\/\/aromasentia.com\/no\/wp-json\/wp\/v2\/product\/203513\/revisions"}],"wp:featuredmedia":[{"embeddable":true,"href":"https:\/\/aromasentia.com\/no\/wp-json\/wp\/v2\/media\/435039"}],"wp:attachment":[{"href":"https:\/\/aromasentia.com\/no\/wp-json\/wp\/v2\/media?parent=203513"}],"wp:term":[{"taxonomy":"product_brand","embeddable":true,"href":"https:\/\/aromasentia.com\/no\/wp-json\/wp\/v2\/product_brand?post=203513"},{"taxonomy":"product_cat","embeddable":true,"href":"https:\/\/aromasentia.com\/no\/wp-json\/wp\/v2\/product_cat?post=203513"},{"taxonomy":"product_tag","embeddable":true,"href":"https:\/\/aromasentia.com\/no\/wp-json\/wp\/v2\/product_tag?post=203513"}],"curies":[{"name":"wp","href":"https:\/\/api.w.org\/{rel}","templated":true}]}}