{"id":203512,"date":"2025-03-23T11:59:32","date_gmt":"2025-03-23T11:59:32","guid":{"rendered":"https:\/\/aromasentia.com\/product\/cotton-bound-notebooks-20x15cm-96-pages-roses\/"},"modified":"2025-05-31T00:00:20","modified_gmt":"2025-05-31T00:00:20","slug":"notatbok-med-bomullsbind-20x15cm-96-sider-roses","status":"publish","type":"product","link":"https:\/\/aromasentia.com\/no\/notatbok-med-bomullsbind-20x15cm-96-sider-roses\/","title":{"rendered":"Notatbok med Bomullsbind 20x15cm &#8211; 96 Sider &#8211; Roses"},"content":{"rendered":"<p>Fang hjerter og dyrk kreativiteten med denne herlige kolleksjonen av <strong>Wholesale Rose Cotton Bound Notebooks<\/strong>! Hver notatbok har et vakkert og unikt <strong>rosedesign<\/strong>, som gir et snev av eleganse og femininitet. Det myke omslaget er laget av <strong>bomull av h\u00f8y kvalitet<\/strong> med en matt finish som gir en luksuri\u00f8s f\u00f8lelse og subtil tekstur.<\/p>\n<p>Med <strong>96 sider<\/strong> papir av h\u00f8y kvalitet gir denne dagboken nok plass til <strong>omfattende skriving, detaljerte tegninger<\/strong> eller hva fantasien m\u00e5tte begj\u00e6re. Enten det er studenter som skriver historier, kunstnere som tegner blomsterillustrasjoner eller travle fagfolk som noterer notater og ideer, tilbyr denne notatboken den perfekte plattformen for deres arbeid.<\/p>\n<p>Med m\u00e5lene <strong>20 x 15 cm<\/strong> har denne dagboken den ideelle balansen mellom romslighet og b\u00e6rbarhet. Den er kompakt nok til at den enkelt kan b\u00e6res i <strong>ryggsekker, vesker eller vesker<\/strong>. Dette gj\u00f8r det mulig for brukerne \u00e5 fange opp ideer og inspirasjon uansett hvor de dukker opp.<\/p>\n<p>Denne allsidige notatboken er en <strong>perfekt gave<\/strong> til alle som liker \u00e5 skrive, f\u00f8re dagbok eller uttrykke seg kreativt. &nbsp;<\/p>\n<p><span style=\"color: rgb(209, 72, 65);\">Lager opp Rose Cotton Bound Notebooks i dag og se salget blomstre! &nbsp;<\/span> <\/p><\/p>\n","protected":false},"excerpt":{"rendered":"<p>Fang hjerter og dyrk kreativiteten med denne herlige kolleksjonen av Wholesale Rose Cotton Bound Notebooks! Hver notatbok har et vakkert og unikt rosedesign, som gir et snev av eleganse og femininitet. Det myke omslaget er laget av bomull av h\u00f8y kvalitet med en matt finish som gir en luksuri\u00f8s f\u00f8lelse og subtil tekstur. Med 96 [&hellip;]<\/p>\n","protected":false},"featured_media":435030,"comment_status":"closed","ping_status":"open","template":"","meta":{"_angie_page":false},"product_brand":[],"product_cat":[8379,8374],"product_tag":[],"class_list":{"0":"post-203512","1":"product","2":"type-product","3":"status-publish","4":"has-post-thumbnail","6":"product_cat-notatboker","7":"product_cat-vintage-gaver-og-suvenirer","8":"pa_collection-cotton-bound-notebooks-no","9":"pa_made-in-india","11":"first","12":"instock","13":"purchasable","14":"product-type-simple"},"supplier_id":null,"supplier_sku":"CBN-04","barcode":null,"atum_controlled":true,"out_stock_date":null,"out_stock_threshold":null,"inheritable":false,"inbound_stock":null,"stock_on_hold":0,"sold_today":0,"sales_last_days":0,"reserved_stock":null,"customer_returns":null,"warehouse_damage":null,"lost_in_post":null,"other_logs":null,"out_stock_days":0,"lost_sales":0,"has_location":null,"update_date":"2026-04-27T06:56:03","atum_locations":[],"atum_stock_status":"instock","restock_status":false,"low_stock_amount":"","sales_update_date":"2025-10-09T03:27:12","calc_backorders":null,"_links":{"self":[{"href":"https:\/\/aromasentia.com\/no\/wp-json\/wp\/v2\/product\/203512","targetHints":{"allow":["GET"]}}],"collection":[{"href":"https:\/\/aromasentia.com\/no\/wp-json\/wp\/v2\/product"}],"about":[{"href":"https:\/\/aromasentia.com\/no\/wp-json\/wp\/v2\/types\/product"}],"replies":[{"embeddable":true,"href":"https:\/\/aromasentia.com\/no\/wp-json\/wp\/v2\/comments?post=203512"}],"version-history":[{"count":0,"href":"https:\/\/aromasentia.com\/no\/wp-json\/wp\/v2\/product\/203512\/revisions"}],"wp:featuredmedia":[{"embeddable":true,"href":"https:\/\/aromasentia.com\/no\/wp-json\/wp\/v2\/media\/435030"}],"wp:attachment":[{"href":"https:\/\/aromasentia.com\/no\/wp-json\/wp\/v2\/media?parent=203512"}],"wp:term":[{"taxonomy":"product_brand","embeddable":true,"href":"https:\/\/aromasentia.com\/no\/wp-json\/wp\/v2\/product_brand?post=203512"},{"taxonomy":"product_cat","embeddable":true,"href":"https:\/\/aromasentia.com\/no\/wp-json\/wp\/v2\/product_cat?post=203512"},{"taxonomy":"product_tag","embeddable":true,"href":"https:\/\/aromasentia.com\/no\/wp-json\/wp\/v2\/product_tag?post=203512"}],"curies":[{"name":"wp","href":"https:\/\/api.w.org\/{rel}","templated":true}]}}