{"id":203511,"date":"2025-03-23T11:59:32","date_gmt":"2025-03-23T11:59:32","guid":{"rendered":"https:\/\/aromasentia.com\/product\/cotton-bound-notebooks-20x15cm-96-pages-indigo-fish\/"},"modified":"2025-05-31T00:00:17","modified_gmt":"2025-05-31T00:00:17","slug":"notatbok-med-bomullsbind-20x15cm-96-sider-indigo-fish","status":"publish","type":"product","link":"https:\/\/aromasentia.com\/no\/notatbok-med-bomullsbind-20x15cm-96-sider-indigo-fish\/","title":{"rendered":"Notatbok med Bomullsbind 20x15cm &#8211; 96 Sider &#8211; Indigo Fish"},"content":{"rendered":"<p>Stimuler kreativiteten og fantasien hos kundene dine med <strong>Wholesale Cotton Bound Notebook &#8211; Indigo Fish<\/strong>. Denne fengslende notatboken har en vakker indigobl\u00e5 bakgrunn prydet med hvite fisker, noe som skaper en beroligende og inspirerende atmosf\u00e6re.<\/p>\n<p>Med <strong>96 sider&nbsp;<\/strong>papir av h\u00f8y kvalitet gir denne dagboken nok plass til <strong>omfattende skriving, detaljerte kunstverk<\/strong> eller hva som helst som fantasien m\u00e5tte begj\u00e6re. Enten det er studenter som tar omfattende notater, kunstnere som tegner detaljerte tegninger, eller marineentusiaster som noterer observasjoner, er Indigo Fish Cotton Bound Notebook det perfekte lerretet for deres anstrengelser.<\/p>\n<p>Journalen er laget med et luksuri\u00f8st bomullsbundet omslag, noe som sikrer en <strong>myk og behagelig f\u00f8lelse<\/strong> som brukerne vil sette pris p\u00e5. Med m\u00e5lene <strong>20 x 15 cm<\/strong> har denne notatboken den ideelle balansen mellom romslighet og b\u00e6rbarhet. Den er kompakt nok til \u00e5 <strong>b\u00e6res med letthet i ryggsekker, vesker eller h\u00e5ndvesker<\/strong>. Dette gj\u00f8r det mulig for brukerne \u00e5 fange opp ideer og inspirasjon uansett hvor de dukker opp. <\/p>\n<p>Denne allsidige dagboken er en <strong>perfekt gave<\/strong> til alle som liker \u00e5 sette pennen p\u00e5 papiret, enten det er for kreativ skriving, id\u00e9myldring, dagbokf\u00f8ring eller rett og slett skriblerier.<\/p>\n<p><span style=\"color: rgb(41, 105, 176);\">Lagre Indigo Fish Cotton Bound Notebook i dag og se salget \u00f8ke! <\/span> <\/p>\n","protected":false},"excerpt":{"rendered":"<p>Stimuler kreativiteten og fantasien hos kundene dine med Wholesale Cotton Bound Notebook &#8211; Indigo Fish. Denne fengslende notatboken har en vakker indigobl\u00e5 bakgrunn prydet med hvite fisker, noe som skaper en beroligende og inspirerende atmosf\u00e6re. Med 96 sider&nbsp;papir av h\u00f8y kvalitet gir denne dagboken nok plass til omfattende skriving, detaljerte kunstverk eller hva som helst [&hellip;]<\/p>\n","protected":false},"featured_media":435013,"comment_status":"closed","ping_status":"open","template":"","meta":[],"product_brand":[],"product_cat":[8379,8374],"product_tag":[],"class_list":{"0":"post-203511","1":"product","2":"type-product","3":"status-publish","4":"has-post-thumbnail","6":"product_cat-notatboker","7":"product_cat-vintage-gaver-og-suvenirer","8":"pa_collection-cotton-bound-notebooks-no","9":"pa_made-in-india","11":"first","12":"instock","13":"purchasable","14":"product-type-simple"},"supplier_id":null,"supplier_sku":"CBN-03","barcode":null,"atum_controlled":true,"out_stock_date":null,"out_stock_threshold":null,"inheritable":false,"inbound_stock":null,"stock_on_hold":0,"sold_today":0,"sales_last_days":0,"reserved_stock":null,"customer_returns":null,"warehouse_damage":null,"lost_in_post":null,"other_logs":null,"out_stock_days":0,"lost_sales":0,"has_location":null,"update_date":"2026-02-02T11:18:44","atum_locations":[],"atum_stock_status":"instock","restock_status":false,"low_stock_amount":"","sales_update_date":"2025-10-09T03:27:12","calc_backorders":null,"_links":{"self":[{"href":"https:\/\/aromasentia.com\/no\/wp-json\/wp\/v2\/product\/203511","targetHints":{"allow":["GET"]}}],"collection":[{"href":"https:\/\/aromasentia.com\/no\/wp-json\/wp\/v2\/product"}],"about":[{"href":"https:\/\/aromasentia.com\/no\/wp-json\/wp\/v2\/types\/product"}],"replies":[{"embeddable":true,"href":"https:\/\/aromasentia.com\/no\/wp-json\/wp\/v2\/comments?post=203511"}],"version-history":[{"count":0,"href":"https:\/\/aromasentia.com\/no\/wp-json\/wp\/v2\/product\/203511\/revisions"}],"wp:featuredmedia":[{"embeddable":true,"href":"https:\/\/aromasentia.com\/no\/wp-json\/wp\/v2\/media\/435013"}],"wp:attachment":[{"href":"https:\/\/aromasentia.com\/no\/wp-json\/wp\/v2\/media?parent=203511"}],"wp:term":[{"taxonomy":"product_brand","embeddable":true,"href":"https:\/\/aromasentia.com\/no\/wp-json\/wp\/v2\/product_brand?post=203511"},{"taxonomy":"product_cat","embeddable":true,"href":"https:\/\/aromasentia.com\/no\/wp-json\/wp\/v2\/product_cat?post=203511"},{"taxonomy":"product_tag","embeddable":true,"href":"https:\/\/aromasentia.com\/no\/wp-json\/wp\/v2\/product_tag?post=203511"}],"curies":[{"name":"wp","href":"https:\/\/api.w.org\/{rel}","templated":true}]}}