{"id":203510,"date":"2025-03-23T12:00:07","date_gmt":"2025-03-23T12:00:07","guid":{"rendered":"https:\/\/aromasentia.com\/product\/handmade-wide-top-djembe-drum-30cm\/"},"modified":"2025-05-31T00:00:15","modified_gmt":"2025-05-31T00:00:15","slug":"handlaget-djembe-tromme-med-bred-topp-30-cm","status":"publish","type":"product","link":"https:\/\/aromasentia.com\/no\/handlaget-djembe-tromme-med-bred-topp-30-cm\/","title":{"rendered":"H\u00e5ndlaget Djembe Tromme med Bred Topp &#8211; 30 cm"},"content":{"rendered":"<p><span style=\"color: rgb(75, 80, 88);\"><strong>Den 30 cm brede djembe-trommen med chakraharmoni: Bro mellom kultur og spiritualitet<\/strong><\/span><\/p>\n<p><span style=\"color: rgb(75, 80, 88);\">Dette fengslende slagverksinstrumentet forener s\u00f8ml\u00f8st den pulserende arven fra vestafrikansk tromming med den dype symbolikken til chakraene, de energiske knutepunktene knyttet til ulike fasetter av spiritualitet og velv\u00e6re.<\/span><\/p>\n<p><span style=\"color: rgb(75, 80, 88);\">Chakra-designet som pryder trommeskinnet tilf\u00f8rer en \u00e5ndelig resonant dimensjon til dette bemerkelsesverdige instrumentet. Chakraer, sentrale energisentre i visse spirituelle tradisjoner, korresponderer med ulike aspekter av ens fysiske, mentale og emosjonelle likevekt.<\/span><\/p>\n<p><span style=\"color: rgb(75, 80, 88);\"><strong>Djembe-tromme med bred topp, utsmykket med chakra-motivet, skaper en unik fusjon av vestafrikanske slagverkstradisjoner og den dype symbolikken til chakraer.<\/strong>Den st\u00e5r som et fortryllende musikkinstrument, perfekt for forestillinger og kulturelle sammenkomster. I tillegg fungerer den som et symbolsk stykke som representerer den harmoniske blandingen av kulturelle og spirituelle dimensjoner i livet.<\/span><\/p>\n<p><span style=\"color: rgb(75, 80, 88);\"><em>Diameter: 17 cm<\/em><\/span><\/p>\n<p><em><span style=\"color: rgb(75, 80, 88);\">H\u00f8yde: 30 cm<\/span><\/em><\/p>\n","protected":false},"excerpt":{"rendered":"<p>Den 30 cm brede djembe-trommen med chakraharmoni: Bro mellom kultur og spiritualitet Dette fengslende slagverksinstrumentet forener s\u00f8ml\u00f8st den pulserende arven fra vestafrikansk tromming med den dype symbolikken til chakraene, de energiske knutepunktene knyttet til ulike fasetter av spiritualitet og velv\u00e6re. Chakra-designet som pryder trommeskinnet tilf\u00f8rer en \u00e5ndelig resonant dimensjon til dette bemerkelsesverdige instrumentet. Chakraer, sentrale [&hellip;]<\/p>\n","protected":false},"featured_media":435505,"comment_status":"closed","ping_status":"open","template":"","meta":{"_angie_page":false},"product_brand":[],"product_cat":[8476,8374],"product_tag":[],"class_list":{"0":"post-203510","1":"product","2":"type-product","3":"status-publish","4":"has-post-thumbnail","6":"product_cat-musikkinstrumenter","7":"product_cat-vintage-gaver-og-suvenirer","8":"pa_collection-shamanic-djembe-drums-no","9":"pa_made-in-indonesia","11":"first","12":"instock","13":"purchasable","14":"product-type-simple"},"supplier_id":null,"supplier_sku":"DD-04","barcode":null,"atum_controlled":true,"out_stock_date":null,"out_stock_threshold":null,"inheritable":false,"inbound_stock":null,"stock_on_hold":0,"sold_today":0,"sales_last_days":0,"reserved_stock":null,"customer_returns":null,"warehouse_damage":null,"lost_in_post":null,"other_logs":null,"out_stock_days":34,"lost_sales":0,"has_location":null,"update_date":"2026-04-27T06:59:03","atum_locations":[],"atum_stock_status":"instock","restock_status":false,"low_stock_amount":"","sales_update_date":"2026-02-06T00:01:06","calc_backorders":null,"_links":{"self":[{"href":"https:\/\/aromasentia.com\/no\/wp-json\/wp\/v2\/product\/203510","targetHints":{"allow":["GET"]}}],"collection":[{"href":"https:\/\/aromasentia.com\/no\/wp-json\/wp\/v2\/product"}],"about":[{"href":"https:\/\/aromasentia.com\/no\/wp-json\/wp\/v2\/types\/product"}],"replies":[{"embeddable":true,"href":"https:\/\/aromasentia.com\/no\/wp-json\/wp\/v2\/comments?post=203510"}],"version-history":[{"count":0,"href":"https:\/\/aromasentia.com\/no\/wp-json\/wp\/v2\/product\/203510\/revisions"}],"wp:featuredmedia":[{"embeddable":true,"href":"https:\/\/aromasentia.com\/no\/wp-json\/wp\/v2\/media\/435505"}],"wp:attachment":[{"href":"https:\/\/aromasentia.com\/no\/wp-json\/wp\/v2\/media?parent=203510"}],"wp:term":[{"taxonomy":"product_brand","embeddable":true,"href":"https:\/\/aromasentia.com\/no\/wp-json\/wp\/v2\/product_brand?post=203510"},{"taxonomy":"product_cat","embeddable":true,"href":"https:\/\/aromasentia.com\/no\/wp-json\/wp\/v2\/product_cat?post=203510"},{"taxonomy":"product_tag","embeddable":true,"href":"https:\/\/aromasentia.com\/no\/wp-json\/wp\/v2\/product_tag?post=203510"}],"curies":[{"name":"wp","href":"https:\/\/api.w.org\/{rel}","templated":true}]}}