{"id":203508,"date":"2025-03-23T12:00:07","date_gmt":"2025-03-23T12:00:07","guid":{"rendered":"https:\/\/aromasentia.com\/product\/handmade-wide-top-djembe-drum-20cm\/"},"modified":"2025-05-31T00:00:08","modified_gmt":"2025-05-31T00:00:08","slug":"handlaget-djembe-tromme-med-bred-topp-20-cm","status":"publish","type":"product","link":"https:\/\/aromasentia.com\/no\/handlaget-djembe-tromme-med-bred-topp-20-cm\/","title":{"rendered":"H\u00e5ndlaget Djembe Tromme med Bred Topp &#8211; 20 cm"},"content":{"rendered":"<p><span style=\"color: rgb(75, 80, 88);\"><strong>Den 20 cm brede djembetrommen med elefantmotiv: En kulturell perle<\/strong><\/span><\/p>\n<p><span style=\"color: rgb(75, 80, 88);\">Dette bemerkelsesverdige slagverksinstrumentet kommer fra hjertet av Vest-Afrika, spesielt Mali-regionen. Djembetrommer er kjent for sin s\u00e6regne begerform og de dype, resonante melodiene de produserer. De har funnet en fremtredende plass i ulike musikalske tradisjoner, spesielt i Vest-Afrika, og deres globale popularitet fortsetter \u00e5 \u00f8ke, takket v\u00e6re deres allsidighet og s\u00e6regne tonale kvaliteter.<\/span><\/p>\n<p><span style=\"color: rgb(75, 80, 88);\"><strong>Den kunstneriske gjengivelsen av en elefant p\u00e5 trommens hud gir et fengslende visuelt element til dette unike instrumentet. I mange afrikanske samfunn representerer elefanten egenskaper som styrke, visdom og motstandskraft, og b\u00e6rer med seg dyp kulturell betydning.<\/span><\/p>\n<p><span style=\"color: rgb(75, 80, 88);\">Elefant Djembe-tromme med bred topp er et unikt og stemningsfullt tilskudd til enhver musikers samling. Den fungerer ogs\u00e5 som et meningsfullt dekorativt stykke, som vakkert blander kunst og tradisjon.<\/span><\/p>\n<p><span style=\"color: rgb(75, 80, 88);\"><em>Diameter: 12 cm<\/em><\/span><\/p>\n<p><span style=\"color: rgb(75, 80, 88);\"><em>H\u00f8yde: 20 cm<\/em><\/span><\/p>\n","protected":false},"excerpt":{"rendered":"<p>Den 20 cm brede djembetrommen med elefantmotiv: En kulturell perle Dette bemerkelsesverdige slagverksinstrumentet kommer fra hjertet av Vest-Afrika, spesielt Mali-regionen. Djembetrommer er kjent for sin s\u00e6regne begerform og de dype, resonante melodiene de produserer. De har funnet en fremtredende plass i ulike musikalske tradisjoner, spesielt i Vest-Afrika, og deres globale popularitet fortsetter \u00e5 \u00f8ke, takket [&hellip;]<\/p>\n","protected":false},"featured_media":435455,"comment_status":"closed","ping_status":"open","template":"","meta":{"_angie_page":false},"product_brand":[],"product_cat":[8476,8374],"product_tag":[],"class_list":{"0":"post-203508","1":"product","2":"type-product","3":"status-publish","4":"has-post-thumbnail","6":"product_cat-musikkinstrumenter","7":"product_cat-vintage-gaver-og-suvenirer","8":"pa_collection-shamanic-djembe-drums-no","9":"pa_made-in-indonesia","11":"first","12":"instock","13":"purchasable","14":"product-type-simple"},"supplier_id":null,"supplier_sku":"DD-02","barcode":null,"atum_controlled":true,"out_stock_date":null,"out_stock_threshold":null,"inheritable":false,"inbound_stock":null,"stock_on_hold":0,"sold_today":0,"sales_last_days":0,"reserved_stock":null,"customer_returns":null,"warehouse_damage":null,"lost_in_post":null,"other_logs":null,"out_stock_days":0,"lost_sales":0,"has_location":null,"update_date":"2026-04-27T06:59:03","atum_locations":[],"atum_stock_status":"instock","restock_status":false,"low_stock_amount":"","sales_update_date":"2025-10-09T03:28:54","calc_backorders":null,"_links":{"self":[{"href":"https:\/\/aromasentia.com\/no\/wp-json\/wp\/v2\/product\/203508","targetHints":{"allow":["GET"]}}],"collection":[{"href":"https:\/\/aromasentia.com\/no\/wp-json\/wp\/v2\/product"}],"about":[{"href":"https:\/\/aromasentia.com\/no\/wp-json\/wp\/v2\/types\/product"}],"replies":[{"embeddable":true,"href":"https:\/\/aromasentia.com\/no\/wp-json\/wp\/v2\/comments?post=203508"}],"version-history":[{"count":0,"href":"https:\/\/aromasentia.com\/no\/wp-json\/wp\/v2\/product\/203508\/revisions"}],"wp:featuredmedia":[{"embeddable":true,"href":"https:\/\/aromasentia.com\/no\/wp-json\/wp\/v2\/media\/435455"}],"wp:attachment":[{"href":"https:\/\/aromasentia.com\/no\/wp-json\/wp\/v2\/media?parent=203508"}],"wp:term":[{"taxonomy":"product_brand","embeddable":true,"href":"https:\/\/aromasentia.com\/no\/wp-json\/wp\/v2\/product_brand?post=203508"},{"taxonomy":"product_cat","embeddable":true,"href":"https:\/\/aromasentia.com\/no\/wp-json\/wp\/v2\/product_cat?post=203508"},{"taxonomy":"product_tag","embeddable":true,"href":"https:\/\/aromasentia.com\/no\/wp-json\/wp\/v2\/product_tag?post=203508"}],"curies":[{"name":"wp","href":"https:\/\/api.w.org\/{rel}","templated":true}]}}