{"id":203495,"date":"2025-03-23T12:01:10","date_gmt":"2025-03-23T12:01:10","guid":{"rendered":"https:\/\/aromasentia.com\/product\/maracas-rattle-double-twist\/"},"modified":"2025-05-30T23:59:31","modified_gmt":"2025-05-30T23:59:31","slug":"maracas-rangle-double-twist","status":"publish","type":"product","link":"https:\/\/aromasentia.com\/no\/maracas-rangle-double-twist\/","title":{"rendered":"Maracas Rangle &#8211; Double Twist"},"content":{"rendered":"<p><span style=\"color: rgb(75, 80, 88);\"><strong>Maracas-raslen \u2013 dobbel vri<\/strong>, et s\u00e6regent dekorativt musikkinstrument, er omhyggelig h\u00e5ndlaget p\u00e5 Bali av f\u00f8rsteklasses rotting.<\/span><\/p>\n<p><span style=\"color: rgb(75, 80, 88);\">Utover sine musikalske ferdigheter, fungerer denne maracaen som et sjarmerende dekorasjonsstykke. Den unike dobbelvridde designen genererer livlige, rytmiske perkussive lyder, som beriker musikk, dans eller forestillinger med livlige rytmer og tekstur.<\/span><\/p>\n<p><span style=\"color: rgb(75, 80, 88);\">\u25aa\ufe0f M\u00e5l: Omtrent 25 cm (10 tommer) i lengde<\/span><\/p>\n<p><span style=\"color: rgb(75, 80, 88);\">\u25aa\ufe0f Materiale: Rotting, h\u00e5ndlaget p\u00e5 Bali<\/span><\/p>\n<p><span style=\"color: rgb(75, 80, 88);\">\u25aa\ufe0f Produserer livlige og rytmiske perkussive lyder<\/span><\/p>\n<p><span style=\"color: rgb(75, 80, 88);\">\u25aa\ufe0f Unik dobbelvridd design<\/span><\/p>\n<p><span style=\"color: rgb(75, 80, 88);\">\u25aa\ufe0f Hvert stykke er unikt p\u00e5 grunn av det omhyggelige h\u00e5ndverket prosess.<\/span><\/p>\n","protected":false},"excerpt":{"rendered":"<p>Maracas-raslen \u2013 dobbel vri, et s\u00e6regent dekorativt musikkinstrument, er omhyggelig h\u00e5ndlaget p\u00e5 Bali av f\u00f8rsteklasses rotting. Utover sine musikalske ferdigheter, fungerer denne maracaen som et sjarmerende dekorasjonsstykke. Den unike dobbelvridde designen genererer livlige, rytmiske perkussive lyder, som beriker musikk, dans eller forestillinger med livlige rytmer og tekstur. \u25aa\ufe0f M\u00e5l: Omtrent 25 cm (10 tommer) i [&hellip;]<\/p>\n","protected":false},"featured_media":435977,"comment_status":"closed","ping_status":"open","template":"","meta":{"_angie_page":false},"product_brand":[],"product_cat":[8476,8374],"product_tag":[],"class_list":{"0":"post-203495","1":"product","2":"type-product","3":"status-publish","4":"has-post-thumbnail","6":"product_cat-musikkinstrumenter","7":"product_cat-vintage-gaver-og-suvenirer","8":"pa_collection-decorative-musical-instruments-no","9":"pa_made-in-indonesia","11":"first","12":"instock","13":"purchasable","14":"product-type-simple"},"supplier_id":null,"supplier_sku":"DMI-12","barcode":null,"atum_controlled":true,"out_stock_date":null,"out_stock_threshold":null,"inheritable":false,"inbound_stock":null,"stock_on_hold":0,"sold_today":0,"sales_last_days":0,"reserved_stock":null,"customer_returns":null,"warehouse_damage":null,"lost_in_post":null,"other_logs":null,"out_stock_days":0,"lost_sales":0,"has_location":null,"update_date":"2026-04-27T06:59:11","atum_locations":[],"atum_stock_status":"instock","restock_status":false,"low_stock_amount":"","sales_update_date":"2026-01-20T05:13:50","calc_backorders":null,"_links":{"self":[{"href":"https:\/\/aromasentia.com\/no\/wp-json\/wp\/v2\/product\/203495","targetHints":{"allow":["GET"]}}],"collection":[{"href":"https:\/\/aromasentia.com\/no\/wp-json\/wp\/v2\/product"}],"about":[{"href":"https:\/\/aromasentia.com\/no\/wp-json\/wp\/v2\/types\/product"}],"replies":[{"embeddable":true,"href":"https:\/\/aromasentia.com\/no\/wp-json\/wp\/v2\/comments?post=203495"}],"version-history":[{"count":0,"href":"https:\/\/aromasentia.com\/no\/wp-json\/wp\/v2\/product\/203495\/revisions"}],"wp:featuredmedia":[{"embeddable":true,"href":"https:\/\/aromasentia.com\/no\/wp-json\/wp\/v2\/media\/435977"}],"wp:attachment":[{"href":"https:\/\/aromasentia.com\/no\/wp-json\/wp\/v2\/media?parent=203495"}],"wp:term":[{"taxonomy":"product_brand","embeddable":true,"href":"https:\/\/aromasentia.com\/no\/wp-json\/wp\/v2\/product_brand?post=203495"},{"taxonomy":"product_cat","embeddable":true,"href":"https:\/\/aromasentia.com\/no\/wp-json\/wp\/v2\/product_cat?post=203495"},{"taxonomy":"product_tag","embeddable":true,"href":"https:\/\/aromasentia.com\/no\/wp-json\/wp\/v2\/product_tag?post=203495"}],"curies":[{"name":"wp","href":"https:\/\/api.w.org\/{rel}","templated":true}]}}