{"id":203494,"date":"2025-03-23T12:01:10","date_gmt":"2025-03-23T12:01:10","guid":{"rendered":"https:\/\/aromasentia.com\/product\/maracas-rattle-double-loop\/"},"modified":"2025-05-30T23:59:28","modified_gmt":"2025-05-30T23:59:28","slug":"maracas-rangle-dobbel-sloyfe","status":"publish","type":"product","link":"https:\/\/aromasentia.com\/no\/maracas-rangle-dobbel-sloyfe\/","title":{"rendered":"Maracas Rangle &#8211; Dobbel Sl\u00f8yfe"},"content":{"rendered":"<p><span style=\"color: rgb(75, 80, 88);\">Maracas, slagverksinstrumenter, lager en raslende eller ristende lyd. De best\u00e5r av parvise hule, kalebasslignende skjell eller andre materialer fylt med perler, fr\u00f8 eller sm\u00e5 gjenstander, og er forbundet med et h\u00e5ndtak. N\u00e5r de ristes, produserer innholdet den s\u00e6regne raslende lyden.<\/span> <\/p>\n","protected":false},"excerpt":{"rendered":"<p>Maracas, slagverksinstrumenter, lager en raslende eller ristende lyd. De best\u00e5r av parvise hule, kalebasslignende skjell eller andre materialer fylt med perler, fr\u00f8 eller sm\u00e5 gjenstander, og er forbundet med et h\u00e5ndtak. N\u00e5r de ristes, produserer innholdet den s\u00e6regne raslende lyden.<\/p>\n","protected":false},"featured_media":435944,"comment_status":"closed","ping_status":"open","template":"","meta":{"_angie_page":false},"product_brand":[],"product_cat":[8476,8374],"product_tag":[],"class_list":{"0":"post-203494","1":"product","2":"type-product","3":"status-publish","4":"has-post-thumbnail","6":"product_cat-musikkinstrumenter","7":"product_cat-vintage-gaver-og-suvenirer","8":"pa_collection-decorative-musical-instruments-no","9":"pa_made-in-indonesia","11":"first","12":"instock","13":"purchasable","14":"product-type-simple"},"supplier_id":null,"supplier_sku":"DMI-11","barcode":null,"atum_controlled":true,"out_stock_date":null,"out_stock_threshold":null,"inheritable":false,"inbound_stock":null,"stock_on_hold":0,"sold_today":0,"sales_last_days":0,"reserved_stock":null,"customer_returns":null,"warehouse_damage":null,"lost_in_post":null,"other_logs":null,"out_stock_days":0,"lost_sales":0,"has_location":null,"update_date":"2026-04-27T06:59:11","atum_locations":[],"atum_stock_status":"instock","restock_status":false,"low_stock_amount":"","sales_update_date":"2025-10-09T03:28:57","calc_backorders":null,"_links":{"self":[{"href":"https:\/\/aromasentia.com\/no\/wp-json\/wp\/v2\/product\/203494","targetHints":{"allow":["GET"]}}],"collection":[{"href":"https:\/\/aromasentia.com\/no\/wp-json\/wp\/v2\/product"}],"about":[{"href":"https:\/\/aromasentia.com\/no\/wp-json\/wp\/v2\/types\/product"}],"replies":[{"embeddable":true,"href":"https:\/\/aromasentia.com\/no\/wp-json\/wp\/v2\/comments?post=203494"}],"version-history":[{"count":0,"href":"https:\/\/aromasentia.com\/no\/wp-json\/wp\/v2\/product\/203494\/revisions"}],"wp:featuredmedia":[{"embeddable":true,"href":"https:\/\/aromasentia.com\/no\/wp-json\/wp\/v2\/media\/435944"}],"wp:attachment":[{"href":"https:\/\/aromasentia.com\/no\/wp-json\/wp\/v2\/media?parent=203494"}],"wp:term":[{"taxonomy":"product_brand","embeddable":true,"href":"https:\/\/aromasentia.com\/no\/wp-json\/wp\/v2\/product_brand?post=203494"},{"taxonomy":"product_cat","embeddable":true,"href":"https:\/\/aromasentia.com\/no\/wp-json\/wp\/v2\/product_cat?post=203494"},{"taxonomy":"product_tag","embeddable":true,"href":"https:\/\/aromasentia.com\/no\/wp-json\/wp\/v2\/product_tag?post=203494"}],"curies":[{"name":"wp","href":"https:\/\/api.w.org\/{rel}","templated":true}]}}