{"id":203491,"date":"2025-03-23T12:01:10","date_gmt":"2025-03-23T12:01:10","guid":{"rendered":"https:\/\/aromasentia.com\/product\/ocarina-musical-animal-frog\/"},"modified":"2025-05-30T23:59:22","modified_gmt":"2025-05-30T23:59:22","slug":"ocarina-musikkdyr-frosk","status":"publish","type":"product","link":"https:\/\/aromasentia.com\/no\/ocarina-musikkdyr-frosk\/","title":{"rendered":"Ocarina Musikkdyr &#8211; Frosk"},"content":{"rendered":"<p>Lagd med presisjon og robusthet, tilbyr <strong>Ocarina Musical Animal &#8211; Frosk<\/strong> en s\u00e6regen musikalsk reise med sitt sjarmerende design.<\/p>\n<p>Denne ocarinaen bruker fargeglasurteknologi og har en glatt overflate som sikrer en herlig taktil opplevelse.<\/p>\n<p>Den er uanstrengt selvl\u00e6rt og muliggj\u00f8r rask og enkel l\u00e6ring, og eliminerer behovet for en l\u00e6rer. Dykk ned i musikkens verden uten problemer.<\/p>\n","protected":false},"excerpt":{"rendered":"<p>Lagd med presisjon og robusthet, tilbyr Ocarina Musical Animal &#8211; Frosk en s\u00e6regen musikalsk reise med sitt sjarmerende design. Denne ocarinaen bruker fargeglasurteknologi og har en glatt overflate som sikrer en herlig taktil opplevelse. Den er uanstrengt selvl\u00e6rt og muliggj\u00f8r rask og enkel l\u00e6ring, og eliminerer behovet for en l\u00e6rer. Dykk ned i musikkens verden [&hellip;]<\/p>\n","protected":false},"featured_media":435853,"comment_status":"closed","ping_status":"open","template":"","meta":{"_angie_page":false},"product_brand":[],"product_cat":[8476,8374],"product_tag":[],"class_list":{"0":"post-203491","1":"product","2":"type-product","3":"status-publish","4":"has-post-thumbnail","6":"product_cat-musikkinstrumenter","7":"product_cat-vintage-gaver-og-suvenirer","8":"pa_collection-decorative-musical-instruments-no","9":"pa_made-in-indonesia","11":"first","12":"instock","13":"purchasable","14":"product-type-simple"},"supplier_id":null,"supplier_sku":"DMI-07","barcode":null,"atum_controlled":true,"out_stock_date":null,"out_stock_threshold":null,"inheritable":false,"inbound_stock":null,"stock_on_hold":0,"sold_today":0,"sales_last_days":0,"reserved_stock":null,"customer_returns":null,"warehouse_damage":null,"lost_in_post":null,"other_logs":null,"out_stock_days":0,"lost_sales":0,"has_location":null,"update_date":"2026-04-27T06:59:11","atum_locations":[],"atum_stock_status":"instock","restock_status":false,"low_stock_amount":"","sales_update_date":"2026-01-30T01:26:33","calc_backorders":null,"_links":{"self":[{"href":"https:\/\/aromasentia.com\/no\/wp-json\/wp\/v2\/product\/203491","targetHints":{"allow":["GET"]}}],"collection":[{"href":"https:\/\/aromasentia.com\/no\/wp-json\/wp\/v2\/product"}],"about":[{"href":"https:\/\/aromasentia.com\/no\/wp-json\/wp\/v2\/types\/product"}],"replies":[{"embeddable":true,"href":"https:\/\/aromasentia.com\/no\/wp-json\/wp\/v2\/comments?post=203491"}],"version-history":[{"count":0,"href":"https:\/\/aromasentia.com\/no\/wp-json\/wp\/v2\/product\/203491\/revisions"}],"wp:featuredmedia":[{"embeddable":true,"href":"https:\/\/aromasentia.com\/no\/wp-json\/wp\/v2\/media\/435853"}],"wp:attachment":[{"href":"https:\/\/aromasentia.com\/no\/wp-json\/wp\/v2\/media?parent=203491"}],"wp:term":[{"taxonomy":"product_brand","embeddable":true,"href":"https:\/\/aromasentia.com\/no\/wp-json\/wp\/v2\/product_brand?post=203491"},{"taxonomy":"product_cat","embeddable":true,"href":"https:\/\/aromasentia.com\/no\/wp-json\/wp\/v2\/product_cat?post=203491"},{"taxonomy":"product_tag","embeddable":true,"href":"https:\/\/aromasentia.com\/no\/wp-json\/wp\/v2\/product_tag?post=203491"}],"curies":[{"name":"wp","href":"https:\/\/api.w.org\/{rel}","templated":true}]}}