{"id":203488,"date":"2025-03-23T12:01:10","date_gmt":"2025-03-23T12:01:10","guid":{"rendered":"https:\/\/aromasentia.com\/product\/kasaka-shaker-beach\/"},"modified":"2025-05-30T23:59:16","modified_gmt":"2025-05-30T23:59:16","slug":"kasaka-shaker-strand","status":"publish","type":"product","link":"https:\/\/aromasentia.com\/no\/kasaka-shaker-strand\/","title":{"rendered":"Kasaka Shaker &#8211; Strand"},"content":{"rendered":"<p><span style=\"color: rgb(75, 80, 88);\">Oppdag <strong>Kashaka Shaker &#8211; Beach<\/strong>, en harmonisk blanding av kunst, h\u00e5ndverk og tropisk sjarm, et ideelt tilskudd til enhver dekorativ samling.<\/span><\/p>\n<p><span style=\"color: rgb(75, 80, 88);\">Dette slaginstrumentet er kjent for sin unike lyd. Hold en kalebass i h\u00e5nden og lag rytmiske lyder ved \u00e5 riste, vri eller sl\u00e5 dem sammen. Bevegelsen av fr\u00f8 eller perler inni kalebassene produserer s\u00e6regne, perkussive toner.<\/span><\/p>\n<p><span style=\"color: rgb(75, 80, 88);\">\u25aa\ufe0f M\u00e5l: Omtrent 26 cm (10 tommer) i lengde<\/span><\/p>\n<p><span style=\"color: rgb(75, 80, 88);\">\u25aa\ufe0f Materiale: Suar-tre, h\u00e5ndsk\u00e5ret p\u00e5 Bali<\/span><\/p>\n<p><span style=\"color: rgb(75, 80, 88);\">\u25aa\ufe0f Avgir et mangfoldig utvalg av perkussive lyder<\/span><\/p>\n<p><span style=\"color: rgb(75, 80, 88);\">\u25aa\ufe0f Hvert stykke er unikt, et resultat av den omhyggelige h\u00e5ndverksprosessen.<\/span><\/p>\n","protected":false},"excerpt":{"rendered":"<p>Oppdag Kashaka Shaker &#8211; Beach, en harmonisk blanding av kunst, h\u00e5ndverk og tropisk sjarm, et ideelt tilskudd til enhver dekorativ samling. Dette slaginstrumentet er kjent for sin unike lyd. Hold en kalebass i h\u00e5nden og lag rytmiske lyder ved \u00e5 riste, vri eller sl\u00e5 dem sammen. Bevegelsen av fr\u00f8 eller perler inni kalebassene produserer s\u00e6regne, [&hellip;]<\/p>\n","protected":false},"featured_media":435778,"comment_status":"closed","ping_status":"open","template":"","meta":{"_angie_page":false},"product_brand":[],"product_cat":[8476,8374],"product_tag":[],"class_list":{"0":"post-203488","1":"product","2":"type-product","3":"status-publish","4":"has-post-thumbnail","6":"product_cat-musikkinstrumenter","7":"product_cat-vintage-gaver-og-suvenirer","8":"pa_collection-decorative-musical-instruments-no","9":"pa_made-in-indonesia","11":"first","12":"instock","13":"purchasable","14":"product-type-simple"},"supplier_id":null,"supplier_sku":"DMI-04","barcode":null,"atum_controlled":true,"out_stock_date":null,"out_stock_threshold":null,"inheritable":false,"inbound_stock":null,"stock_on_hold":0,"sold_today":0,"sales_last_days":0,"reserved_stock":null,"customer_returns":null,"warehouse_damage":null,"lost_in_post":null,"other_logs":null,"out_stock_days":0,"lost_sales":0,"has_location":null,"update_date":"2026-04-27T06:59:03","atum_locations":[],"atum_stock_status":"instock","restock_status":false,"low_stock_amount":"","sales_update_date":"2025-10-09T03:28:53","calc_backorders":null,"_links":{"self":[{"href":"https:\/\/aromasentia.com\/no\/wp-json\/wp\/v2\/product\/203488","targetHints":{"allow":["GET"]}}],"collection":[{"href":"https:\/\/aromasentia.com\/no\/wp-json\/wp\/v2\/product"}],"about":[{"href":"https:\/\/aromasentia.com\/no\/wp-json\/wp\/v2\/types\/product"}],"replies":[{"embeddable":true,"href":"https:\/\/aromasentia.com\/no\/wp-json\/wp\/v2\/comments?post=203488"}],"version-history":[{"count":0,"href":"https:\/\/aromasentia.com\/no\/wp-json\/wp\/v2\/product\/203488\/revisions"}],"wp:featuredmedia":[{"embeddable":true,"href":"https:\/\/aromasentia.com\/no\/wp-json\/wp\/v2\/media\/435778"}],"wp:attachment":[{"href":"https:\/\/aromasentia.com\/no\/wp-json\/wp\/v2\/media?parent=203488"}],"wp:term":[{"taxonomy":"product_brand","embeddable":true,"href":"https:\/\/aromasentia.com\/no\/wp-json\/wp\/v2\/product_brand?post=203488"},{"taxonomy":"product_cat","embeddable":true,"href":"https:\/\/aromasentia.com\/no\/wp-json\/wp\/v2\/product_cat?post=203488"},{"taxonomy":"product_tag","embeddable":true,"href":"https:\/\/aromasentia.com\/no\/wp-json\/wp\/v2\/product_tag?post=203488"}],"curies":[{"name":"wp","href":"https:\/\/api.w.org\/{rel}","templated":true}]}}